{"id":905,"date":"2026-03-16T09:25:10","date_gmt":"2026-03-16T08:25:10","guid":{"rendered":"https:\/\/ourlife4you.com\/ourlifeblog\/?page_id=905"},"modified":"2026-04-20T08:33:55","modified_gmt":"2026-04-20T07:33:55","slug":"erotische-sex-geschichten-ein-unerwarteter-abend-lara-jonas-teil-3","status":"publish","type":"page","link":"https:\/\/ourlife4you.com\/ourlifeblog\/erotische-sex-geschichten-ein-unerwarteter-abend-lara-jonas-teil-3\/","title":{"rendered":"Erotische Sex Geschichten: Ein unerwarteter Abend \u2013 Lara &amp; Jonas (Finale Teil 3)"},"content":{"rendered":"<h2 data-start=\"80\" data-end=\"167\">Erotik Sex Geschichten \u00fcber Entscheidungen, N\u00e4he und das Knistern zwischen zwei Menschen<\/h2>\n<p data-start=\"169\" data-end=\"517\">Die T\u00fcr fiel leise hinter ihnen ins Schloss. <strong data-start=\"214\" data-end=\"222\">Lara<\/strong> blieb einen Moment stehen und sah sich in der Wohnung von <strong data-start=\"281\" data-end=\"290\">Jonas<\/strong> um. Das Licht war warm, die Atmosph\u00e4re ruhig \u2013 als h\u00e4tte der Raum selbst darauf gewartet, dass dieser Abend hier weitergeht. Genau solche Augenblicke sind es, in denen viele <strong data-start=\"465\" data-end=\"490\">erotische Sex Geschichten<\/strong> ihren H\u00f6hepunkt erreichen.<\/p>\n<p data-start=\"519\" data-end=\"589\">Jonas stellte seine Schl\u00fcssel auf den Tisch und drehte sich zu ihr um.<\/p>\n<p data-start=\"591\" data-end=\"624\"><strong data-start=\"591\" data-end=\"601\">Jonas:<\/strong> \u201eAlso\u2026 hier sind wir.\u201c<\/p>\n<p data-start=\"626\" data-end=\"651\"><strong data-start=\"626\" data-end=\"634\">Lara<\/strong> l\u00e4chelte leicht.<\/p>\n<p data-start=\"653\" data-end=\"683\"><strong data-start=\"653\" data-end=\"662\">Lara:<\/strong> \u201eJa\u2026 hier sind wir.\u201c<\/p>\n<p data-start=\"685\" data-end=\"894\">Ein kurzer Moment Stille entstand. Nicht unangenehm \u2013 eher erwartungsvoll. Solche Pausen sind typisch f\u00fcr viele <strong data-start=\"797\" data-end=\"819\">Erotik Sex Geschichten<\/strong>, in denen zwei Menschen sp\u00fcren, dass gleich etwas Entscheidendes passiert.<\/p>\n<p data-start=\"896\" data-end=\"923\">Jonas trat ein wenig n\u00e4her.<\/p>\n<p data-start=\"925\" data-end=\"996\"><strong data-start=\"925\" data-end=\"935\">Jonas:<\/strong> \u201eDu kannst jederzeit sagen, wenn dir etwas zu schnell geht.\u201c<\/p>\n<p data-start=\"998\" data-end=\"1020\">Lara sah ihn ruhig an.<\/p>\n<p data-start=\"1022\" data-end=\"1072\"><strong data-start=\"1022\" data-end=\"1031\">Lara:<\/strong> \u201eUnd wenn es mir nicht zu schnell geht?\u201c<\/p>\n<p data-start=\"1074\" data-end=\"1086\">Er l\u00e4chelte.<\/p>\n<p data-start=\"1088\" data-end=\"1120\"><strong data-start=\"1088\" data-end=\"1098\">Jonas:<\/strong> \u201eDann bleib einfach.\u201c<\/p>\n<p data-start=\"1122\" data-end=\"1270\">Sie ging ein paar Schritte durch den Raum, sah aus dem Fenster auf die stillen Stra\u00dfen. Jonas beobachtete sie einen Moment, bevor er neben sie trat.<\/p>\n<p data-start=\"1272\" data-end=\"1337\"><strong data-start=\"1272\" data-end=\"1282\">Jonas:<\/strong> \u201eIch h\u00e4tte nicht gedacht, dass dieser Abend so endet.\u201c<\/p>\n<p data-start=\"1339\" data-end=\"1366\"><strong data-start=\"1339\" data-end=\"1348\">Lara:<\/strong> \u201eIch auch nicht.\u201c<\/p>\n<p data-start=\"1368\" data-end=\"1394\">Sie drehte sich zu ihm um.<\/p>\n<p data-start=\"1396\" data-end=\"1457\"><strong data-start=\"1396\" data-end=\"1405\">Lara:<\/strong> \u201eAber irgendwie f\u00fchlt es sich trotzdem richtig an.\u201c<\/p>\n<p data-start=\"1459\" data-end=\"1620\">Genau solche ehrlichen Momente sind es, die viele <strong data-start=\"1509\" data-end=\"1534\">erotische Sex Geschichten<\/strong> besonders machen \u2013 wenn zwei Menschen aufh\u00f6ren, zu \u00fcberlegen, und anfangen zu f\u00fchlen.<\/p>\n<p data-start=\"1622\" data-end=\"1663\">Jonas lehnte sich leicht gegen den Tisch.<\/p>\n<p data-start=\"1665\" data-end=\"1710\"><strong data-start=\"1665\" data-end=\"1675\">Jonas:<\/strong> \u201eDarf ich dir eine Frage stellen?\u201c<\/p>\n<p data-start=\"1712\" data-end=\"1747\"><strong data-start=\"1712\" data-end=\"1721\">Lara:<\/strong> \u201eKommt auf die Frage an.\u201c<\/p>\n<p data-start=\"1749\" data-end=\"1797\"><strong data-start=\"1749\" data-end=\"1759\">Jonas:<\/strong> \u201eWarum bist du wirklich mitgekommen?\u201c<\/p>\n<p data-start=\"1799\" data-end=\"1855\">Sie sah ihn einige Sekunden an, als w\u00fcrde sie \u00fcberlegen.<\/p>\n<p data-start=\"1857\" data-end=\"1892\"><strong data-start=\"1857\" data-end=\"1866\">Lara:<\/strong> \u201eWeil ich neugierig war.\u201c<\/p>\n<p data-start=\"1894\" data-end=\"1921\"><strong data-start=\"1894\" data-end=\"1904\">Jonas:<\/strong> \u201eNur neugierig?\u201c<\/p>\n<p data-start=\"1923\" data-end=\"1938\">Sie trat n\u00e4her.<\/p>\n<p data-start=\"1940\" data-end=\"1986\"><strong data-start=\"1940\" data-end=\"1949\">Lara:<\/strong> \u201eVielleicht auch ein bisschen mehr.\u201c<\/p>\n<p data-start=\"1988\" data-end=\"2212\">Der Abstand zwischen ihnen war jetzt kaum noch vorhanden. Lara sp\u00fcrte seine N\u00e4he deutlich. Genau diese langsame Ann\u00e4herung ist ein typisches Element vieler <strong data-start=\"2144\" data-end=\"2166\">Erotik Sex Geschichten<\/strong>, die Spannung \u00fcber Blicke und Worte aufbauen.<\/p>\n<p data-start=\"2214\" data-end=\"2243\">Jonas hob langsam seine Hand.<\/p>\n<p data-start=\"2245\" data-end=\"2267\"><strong data-start=\"2245\" data-end=\"2255\">Jonas:<\/strong> \u201eDarf ich?\u201c<\/p>\n<p data-start=\"2269\" data-end=\"2296\"><strong data-start=\"2269\" data-end=\"2278\">Lara:<\/strong> \u201eDu fragst viel.\u201c<\/p>\n<p data-start=\"2298\" data-end=\"2332\"><strong data-start=\"2298\" data-end=\"2308\">Jonas:<\/strong> \u201eIch will sicher sein.\u201c<\/p>\n<p data-start=\"2334\" data-end=\"2352\">Sie nickte leicht.<\/p>\n<p data-start=\"2354\" data-end=\"2439\">Er strich eine Haarstr\u00e4hne aus ihrem Gesicht. Seine Finger ber\u00fchrten kurz ihre Wange.<\/p>\n<p data-start=\"2441\" data-end=\"2465\">Lara atmete langsam aus.<\/p>\n<p data-start=\"2467\" data-end=\"2516\"><strong data-start=\"2467\" data-end=\"2476\">Lara:<\/strong> \u201eDu bist vorsichtiger, als ich dachte.\u201c<\/p>\n<p data-start=\"2518\" data-end=\"2587\"><strong data-start=\"2518\" data-end=\"2528\">Jonas:<\/strong> \u201eVielleicht bist du mir wichtiger, als ich erwartet habe.\u201c<\/p>\n<p data-start=\"2589\" data-end=\"2741\">Diese Worte lie\u00dfen sie l\u00e4cheln. Genau solche kleinen Gesten und Gespr\u00e4che machen viele <strong data-start=\"2676\" data-end=\"2701\">erotische Sex Geschichten<\/strong> intensiver als jede schnelle Begegnung.<\/p>\n<p data-start=\"2743\" data-end=\"2774\">Lara legte ihre Hand auf seine.<\/p>\n<p data-start=\"2776\" data-end=\"2833\"><strong data-start=\"2776\" data-end=\"2785\">Lara:<\/strong> \u201eIch glaube, wir denken gerade beide dasselbe.\u201c<\/p>\n<p data-start=\"2835\" data-end=\"2860\"><strong data-start=\"2835\" data-end=\"2845\">Jonas:<\/strong> \u201eDann sag es.\u201c<\/p>\n<p data-start=\"2862\" data-end=\"2920\"><strong data-start=\"2862\" data-end=\"2871\">Lara:<\/strong> \u201eDass dieser Abend noch lange nicht vorbei ist.\u201c<\/p>\n<p data-start=\"2922\" data-end=\"2943\">Er sah sie direkt an.<\/p>\n<p data-start=\"2945\" data-end=\"2972\"><strong data-start=\"2945\" data-end=\"2955\">Jonas:<\/strong> \u201eDas hoffe ich.\u201c<\/p>\n<p data-start=\"2974\" data-end=\"3049\">Ein paar Sekunden vergingen. Dann zog Jonas sie vorsichtig ein St\u00fcck n\u00e4her.<\/p>\n<p data-start=\"3051\" data-end=\"3075\">Lara sp\u00fcrte seinen Atem.<\/p>\n<p data-start=\"3077\" data-end=\"3119\"><strong data-start=\"3077\" data-end=\"3086\">Lara:<\/strong> \u201eDu bist ziemlich selbstsicher.\u201c<\/p>\n<p data-start=\"3121\" data-end=\"3181\"><strong data-start=\"3121\" data-end=\"3131\">Jonas:<\/strong> \u201eNur wenn ich merke, dass jemand bleiben m\u00f6chte.\u201c<\/p>\n<p data-start=\"3183\" data-end=\"3200\">Sie lachte leise.<\/p>\n<p data-start=\"3202\" data-end=\"3245\"><strong data-start=\"3202\" data-end=\"3211\">Lara:<\/strong> \u201eUnd wenn ich jetzt gehen w\u00fcrde?\u201c<\/p>\n<p data-start=\"3247\" data-end=\"3267\">Er sah sie ruhig an.<\/p>\n<p data-start=\"3269\" data-end=\"3333\"><strong data-start=\"3269\" data-end=\"3279\">Jonas:<\/strong> \u201eDann w\u00e4re es trotzdem ein besonderer Abend gewesen.\u201c<\/p>\n<p data-start=\"3335\" data-end=\"3367\">Lara sch\u00fcttelte leicht den Kopf.<\/p>\n<p data-start=\"3369\" data-end=\"3421\"><strong data-start=\"3369\" data-end=\"3378\">Lara:<\/strong> \u201eIch glaube nicht, dass ich gehen m\u00f6chte.\u201c<\/p>\n<p data-start=\"3423\" data-end=\"3613\">Diese Entscheidung lag sp\u00fcrbar in der Luft. Genau solche Momente bilden den emotionalen Kern vieler <strong data-start=\"3523\" data-end=\"3548\">erotische Sex Geschichten<\/strong> \u2013 wenn zwei Menschen erkennen, dass sie denselben Wunsch teilen.<\/p>\n<p data-start=\"3615\" data-end=\"3636\">Jonas nahm ihre Hand.<\/p>\n<p data-start=\"3638\" data-end=\"3662\"><strong data-start=\"3638\" data-end=\"3648\">Jonas:<\/strong> \u201eDann bleib.\u201c<\/p>\n<p data-start=\"3664\" data-end=\"3687\"><strong data-start=\"3664\" data-end=\"3673\">Lara:<\/strong> \u201eIch bleibe.\u201c<\/p>\n<p data-start=\"3689\" data-end=\"3759\">Sie l\u00e4chelten sich an, w\u00e4hrend drau\u00dfen die Stadt langsam zur Ruhe kam.<\/p>\n<p data-start=\"3761\" data-end=\"3972\">Der Abend, der mit einem zuf\u00e4lligen Gespr\u00e4ch begonnen hatte, war zu etwas Gr\u00f6\u00dferem geworden. Genau so entstehen viele <strong data-start=\"3879\" data-end=\"3901\">Erotik Sex Geschichten<\/strong> \u2013 aus einem Blick, einem Gespr\u00e4ch, einem Schritt, der alles ver\u00e4ndert.<\/p>\n<p data-start=\"3974\" data-end=\"4093\">Und w\u00e4hrend Lara und Jonas nebeneinander standen, wurde klar, dass ihre Geschichte nicht mit dieser Nacht enden musste.<\/p>\n<p data-start=\"4095\" data-end=\"4150\">Denn manche Begegnungen bleiben nicht nur Erinnerungen.<\/p>\n<p data-start=\"4152\" data-end=\"4236\" data-is-last-node=\"\" data-is-only-node=\"\">Manche werden zu <strong data-start=\"4169\" data-end=\"4194\">erotische Sex Geschichten<\/strong>, die man immer wieder neu erleben m\u00f6chte.<\/p>\n","protected":false},"excerpt":{"rendered":"<p>Erotik Sex Geschichten \u00fcber Entscheidungen, N\u00e4he und das Knistern zwischen zwei Menschen Die T\u00fcr fiel leise hinter ihnen ins Schloss. Lara blieb einen Moment stehen und sah sich in der Wohnung von Jonas um. Das Licht war warm, die Atmosph\u00e4re ruhig \u2013 als h\u00e4tte der Raum selbst darauf gewartet, dass dieser Abend hier weitergeht. Genau [&hellip;]<\/p>\n","protected":false},"author":1,"featured_media":0,"parent":0,"menu_order":0,"comment_status":"closed","ping_status":"closed","template":"","meta":{"footnotes":""},"class_list":["post-905","page","type-page","status-publish","hentry"],"_links":{"self":[{"href":"https:\/\/ourlife4you.com\/ourlifeblog\/wp-json\/wp\/v2\/pages\/905","targetHints":{"allow":["GET"]}}],"collection":[{"href":"https:\/\/ourlife4you.com\/ourlifeblog\/wp-json\/wp\/v2\/pages"}],"about":[{"href":"https:\/\/ourlife4you.com\/ourlifeblog\/wp-json\/wp\/v2\/types\/page"}],"author":[{"embeddable":true,"href":"https:\/\/ourlife4you.com\/ourlifeblog\/wp-json\/wp\/v2\/users\/1"}],"replies":[{"embeddable":true,"href":"https:\/\/ourlife4you.com\/ourlifeblog\/wp-json\/wp\/v2\/comments?post=905"}],"version-history":[{"count":9,"href":"https:\/\/ourlife4you.com\/ourlifeblog\/wp-json\/wp\/v2\/pages\/905\/revisions"}],"predecessor-version":[{"id":931,"href":"https:\/\/ourlife4you.com\/ourlifeblog\/wp-json\/wp\/v2\/pages\/905\/revisions\/931"}],"wp:attachment":[{"href":"https:\/\/ourlife4you.com\/ourlifeblog\/wp-json\/wp\/v2\/media?parent=905"}],"curies":[{"name":"wp","href":"https:\/\/api.w.org\/{rel}","templated":true}]}}