{"id":724,"date":"2025-09-18T10:31:50","date_gmt":"2025-09-18T09:31:50","guid":{"rendered":"https:\/\/ourlife4you.com\/ourlifeblog\/?page_id=724"},"modified":"2025-11-14T10:18:23","modified_gmt":"2025-11-14T09:18:23","slug":"anna-leon-das-spiel-der-naehe-finale-teil-3","status":"publish","type":"page","link":"https:\/\/ourlife4you.com\/ourlifeblog\/anna-leon-das-spiel-der-naehe-finale-teil-3\/","title":{"rendered":"Anna &amp; Leon \u2013 Das Spiel der N\u00e4he (Finale, Teil 3)"},"content":{"rendered":"\n<p>Manchmal reicht ein Blick, manchmal ein Wort \u2013 und doch f\u00fchlen sich Anna und Leon, als h\u00e4tten sie sich schon l\u00e4ngst ber\u00fchrt. Die letzten Begegnungen voller Erotik, Sinnlichkeit und Verf\u00fchrung haben sie Schritt f\u00fcr Schritt n\u00e4hergebracht. Nun ist der Moment da, an dem das Knistern unertr\u00e4glich wird.<\/p>\n\n\n\n<p>Anna: \u201eLeon, sp\u00fcrst du, wie sehr die Spannung zwischen uns gewachsen ist? Jeder Satz, jedes Fl\u00fcstern hat uns ein St\u00fcck n\u00e4hergef\u00fchrt.\u201c<\/p>\n\n\n\n<p>Leon: \u201eJa, Anna\u2026 deine Stimme hat mich verf\u00fchrt, deine Fantasie hat mich gefangen. Es ist, als w\u00fcrdest du meine Gedanken lesen und jede meiner Sehns\u00fcchte kennen.\u201c<\/p>\n\n\n\n<center><script type=\"text\/javascript\" src=\"https:\/\/b.big7.com\/c.php?b=764&#038;wmb=29&#038;wms=59&#038;lp=lp25\"><\/script><\/center>\n\n\n\n<p>Anna: \u201eDas ist Sinnlichkeit f\u00fcr mich \u2013 das Spiel mit Andeutungen, das Kribbeln im Bauch, wenn man wei\u00df, dass gleich etwas geschehen k\u00f6nnte.\u201c<\/p>\n\n\n\n<p>Leon: \u201eUnd doch genie\u00dfe ich dieses Warten. Jede Sekunde steigert meine Lust. Dein Blick, dein L\u00e4cheln \u2013 sie sind meine gr\u00f6\u00dfte Versuchung.\u201c<\/p>\n\n\n\n<p>Anna: \u201eIch habe dich bis jetzt nur mit Worten ber\u00fchrt, Leon. Doch siehst du, wie stark allein das ist? Manchmal reicht Fantasie, um mehr in Bewegung zu setzen als jede Ber\u00fchrung.\u201c<\/p>\n\n\n\n<p>Leon: \u201eUnd doch w\u00fcnsche ich mir diesen Moment, an dem Fantasie zur Realit\u00e4t wird. Erotik ist f\u00fcr mich dann vollkommen, wenn sie Worte und K\u00f6rper vereint.\u201c<\/p>\n\n\n\n<p>Anna: \u201eVielleicht liegt genau darin die wahre Leidenschaft: so lange mit Lust zu spielen, bis der Augenblick selbst unausweichlich wird.\u201c<\/p>\n\n\n\n<p>Leon: \u201eJa, Anna. Es ist mehr als ein Spiel. Es ist Verf\u00fchrung, Sehnsucht, N\u00e4he \u2013 alles zugleich. Du hast mich an meine Grenzen gebracht, und genau dort will ich bleiben.\u201c<\/p>\n\n\n\n<p>Mit diesem Bekenntnis endet die Reise von Anna und Leon \u2013 eine Geschichte, die zeigt, dass wahre Erotik nicht nur in Ber\u00fchrungen liegt, sondern in Fantasie, Dialogen und dem Mut, die Spannung auszuhalten. Ihre Begegnung ist ein Beweis daf\u00fcr, dass Sinnlichkeit und Leidenschaft dann am st\u00e4rksten sind, wenn sie nicht sofort gestillt, sondern mit jedem Moment gen\u00e4hrt werden.<\/p>\n\n\n\n<p>Und so bleibt etwas zur\u00fcck, das gr\u00f6\u00dfer ist als eine einzelne Nacht: das Versprechen, dass die sch\u00f6nsten erotischen Geschichten immer im Kopf beginnen \u2013 und dort noch lange weiterleben.<\/p>\n","protected":false},"excerpt":{"rendered":"<p>Manchmal reicht ein Blick, manchmal ein Wort \u2013 und doch f\u00fchlen sich Anna und Leon, als h\u00e4tten sie sich schon l\u00e4ngst ber\u00fchrt. Die letzten Begegnungen voller Erotik, Sinnlichkeit und Verf\u00fchrung haben sie Schritt f\u00fcr Schritt n\u00e4hergebracht. Nun ist der Moment da, an dem das Knistern unertr\u00e4glich wird. Anna: \u201eLeon, sp\u00fcrst du, wie sehr die Spannung [&hellip;]<\/p>\n","protected":false},"author":1,"featured_media":0,"parent":0,"menu_order":0,"comment_status":"closed","ping_status":"closed","template":"","meta":{"footnotes":""},"class_list":["post-724","page","type-page","status-publish","hentry"],"_links":{"self":[{"href":"https:\/\/ourlife4you.com\/ourlifeblog\/wp-json\/wp\/v2\/pages\/724","targetHints":{"allow":["GET"]}}],"collection":[{"href":"https:\/\/ourlife4you.com\/ourlifeblog\/wp-json\/wp\/v2\/pages"}],"about":[{"href":"https:\/\/ourlife4you.com\/ourlifeblog\/wp-json\/wp\/v2\/types\/page"}],"author":[{"embeddable":true,"href":"https:\/\/ourlife4you.com\/ourlifeblog\/wp-json\/wp\/v2\/users\/1"}],"replies":[{"embeddable":true,"href":"https:\/\/ourlife4you.com\/ourlifeblog\/wp-json\/wp\/v2\/comments?post=724"}],"version-history":[{"count":7,"href":"https:\/\/ourlife4you.com\/ourlifeblog\/wp-json\/wp\/v2\/pages\/724\/revisions"}],"predecessor-version":[{"id":765,"href":"https:\/\/ourlife4you.com\/ourlifeblog\/wp-json\/wp\/v2\/pages\/724\/revisions\/765"}],"wp:attachment":[{"href":"https:\/\/ourlife4you.com\/ourlifeblog\/wp-json\/wp\/v2\/media?parent=724"}],"curies":[{"name":"wp","href":"https:\/\/api.w.org\/{rel}","templated":true}]}}