{"id":371,"date":"2013-04-28T15:21:56","date_gmt":"2013-04-28T14:21:56","guid":{"rendered":"http:\/\/ourlife4you.com\/ourlifeblog\/?page_id=371"},"modified":"2013-04-28T15:21:56","modified_gmt":"2013-04-28T14:21:56","slug":"erotic-dreams","status":"publish","type":"page","link":"https:\/\/ourlife4you.com\/ourlifeblog\/erotic-dreams\/","title":{"rendered":"Erotic Dreams"},"content":{"rendered":"<p>The romantic dream&#8230;.<\/p>\n<p>Wir liegen am Strand, es ist Nacht, die Sterne funkeln \u00fcber uns. Der satte Vollmond beleuchtet unsere nackten K\u00f6rper. Deine Hand streichelt z\u00e4rtlich \u00fcber mein Gesicht, weiter hinab zur Brust &#8211; hier verweilst du einen Moment lang und spielst mit meinen Brustwarzen. Weiter geht die Tour deiner H\u00e4nde zum Bauchnabel und der Innenseite meiner Oberschenkel. Du vermeidest es, meinen bereits aufgerichteten Schwanz zu ber\u00fchren, was mich langsam zum Wahnsinn treibt. Deine Streicheleinheiten unterst\u00fctzt du mit K\u00fcssen \u00fcber meinen ganzen K\u00f6rper. Ich gebe meinen passiven Part auf und beginne, deinen K\u00f6rper mit meiner Zunge zu erforschen. Deine Nippel genie\u00dfen die Massage meiner Zunge und werden immer h\u00e4rter. Meine Hand hat nun ebenfalls deine Oberschenkel erreicht, doch auch ich vermeide, es deine bereitwillig ge\u00f6ffnete Muschi zu ber\u00fchren. Erst als meine Zunge in der N\u00e4he deiner geilen duftenden M\u00f6se ist, greifst du meinen Kopf und dr\u00fcckst ihn fest zwischen deine weit gespreizten Schenkel. Ich lecke langsam und vorsichtig \u00fcber deine hei\u00dfe Muschi. Der Duft von Geilheit steigt in meine Nase. Pl\u00f6tzlich bewegst du dich, und wir liegen in der 69er Stellung. Ich sp\u00fcre deine fordernde Zunge an meiner Eichel. Du saugst meinen Schwanz und ich ficke dein hei\u00dfes Loch mit meiner Zunge. Du windest dich unter mir und steuerst deinem ersten H\u00f6hepunkt entgegen. Als du fast kommst stoppe ich meine Schleckerei und drehe dich auf den Bauch. Du streckst mir deinen prachtvollen Arsch entgegen, und ohne Widerstand gleite ich langsam in deine \u00fcberlaufende M\u00f6se. Mit sanften St\u00f6\u00dfen bringe ich dich zum Abgang. Doch nun will ich auch endlich spritzen. Du drehst dich auf den R\u00fccken und pre\u00dft deine Titten zusammen. Ich hocke mich \u00fcber dich und reibe meinen steifen Schwanz zwischen deinen Titten. Nach wenigen St\u00f6\u00dfen spritze ich dir meinen Saft \u00fcber die Br\u00fcste. Erregt von dem geilen Saft auf deiner samtweichen Haut lecke ich jeden Tropfen von deinem K\u00f6rper. Wir streicheln uns eine Weile und verfallen in einen leidenschaftlichen Ku\u00df. Anschlie\u00dfend schlafen wir Hand in Hand ein und tr\u00e4umen einem neuen Tag entgegen.<\/p>\n<p>The Quickie dream&#8230;.<\/p>\n<p>Wir sind in der Stadt unterwegs um dir einen neuen Bikini zu kaufen. Du tr\u00e4gst ein leichtes Sommerkleid und weiter nichts. Wir betreten ein riesiges Kaufhaus; in der Bademodenabteilung herrscht wenig Betrieb. Du suchst dir einen knappen geilen Bikini aus und verschwindest in der Umkleidekabine. Als du ihn angezogen hast, rufst du mich, um zu sehen, ob er mir an dir gef\u00e4llt. Ich l\u00e4chle dich an, drehe dich wortlos herum und schiebe dich sanft in die Umkleide zur\u00fcck. Kaum ist der Vorhang geschlossen, schiebe ich das H\u00f6schen herunter und \u00f6ffne schnell dein Oberteil.<\/p>\n<p>Deine geilen Titten springen heraus, deinen Nippeln ist die Erregung deutlich anzusehen. Ich \u00f6ffne meine Hose, und ohne weiteres Vorspiel dringe ich mit einem harten Sto\u00df von hinten in dein geiles Loch ein. Ich ficke dich mit langen harten St\u00f6\u00dfen und knete deine Titten. Du hast M\u00fche, deine Geilheit nicht herauszuschreien und bei\u00dft in das Bikinioberteil. Als ich komme, entlade ich meinen Saft in deiner \u00fcberlaufenden Muschi. Wortlos ziehe ich mich zur\u00fcck, verstaue meinen verschmierten Schwanz und verlasse die Umkleide. Wenige Minuten sp\u00e4ter kommst auch du heraus. Die Verk\u00e4uferin in der Abteilung l\u00e4chelt uns wissend an, ob sie was gemerkt hat????<\/p>\n<p>The heavy dream&#8230;.<\/p>\n<p>Du liegst auf dem Sofa und machst es dir selbst, pl\u00f6tzlich stehe ich unerwartet im Raum. Ich sehe dir eine Weile zu, du bist so versunken in dein geiles Spiel, da\u00df du mich zuerst nicht bemerkst. Ich werde geil bei dem Anblick; in meiner Hose wird es immer enger, doch tun anst\u00e4ndige M\u00e4dchen so etwas?!? Nein, ich werde mir wohl eine Sonderbehandlung f\u00fcr dich einfallen lassen m\u00fcssen. Leise verlasse ich den Raum und suche mir die Fesseln heraus. Dein geiles Gest\u00f6hn schallt durch die ganze Wohnung. Deutlich sind auch die Ger\u00e4usche deines Vibrators zu h\u00f6ren. Ich werde immer unruhiger. Endlich habe ich Hand- und Fu\u00dffesseln sowie eine Augenbinde gefunden. Ich schleiche zu dir zur\u00fcck. Dein geiler Duft f\u00fcllt den Raum. Du kniest vor dem Sofa und schiebst dir den Gummischwanz tief in deine nasse M\u00f6se. Die Gelegenheit. Ich greife deine Arme, vor Schreck l\u00e4\u00dft du den Vibrator fallen, schnell sind deine H\u00e4nde auf dem R\u00fccken gefesselt. Nun lege ich dir die Augenbinde an und drehe dich auf den R\u00fccken. Deine F\u00fc\u00dfe binde ich an zwei Tischbeinen fest, so liegst du nun gefesselt und wehrlos da. Du schreist und windest dich, doch den Fesseln entkommst du nicht. Ich schiebe dir ein Kissen unter den Arsch, damit der Zugang zu deiner nassen Fotze besser erreichbar ist. Nun nehme ich den Vibrator und setze dein Spiel fort. Ich sp\u00fcre genau, da\u00df du jetzt gerne kommen w\u00fcrdest, doch<\/p>\n<p>noch hast du es nicht verdient! Ich schiebe dir den Dildo tief hinein und befehle dir, ihn festzuhalten, wenn es dir nicht gelingt, werde ich mir etwas anderes \u00fcberlegen m\u00fcssen. Du wimmerst und bettelst um Erl\u00f6sung, doch deine glitschige Fotze schafft es nat\u00fcrlich nicht, den vibrierenden Stab lange in sich zu halten. Schade, Dein Pech! W\u00e4hrend ich dir zusehe, wie du mit dem Vibrator k\u00e4mpfst, ziehe ich mich aus. Um dich noch ein wenig zu qu\u00e4len verlasse ich den Raum und schlie\u00dfe deutlich h\u00f6rbar die T\u00fcr. Langsam wirst du w\u00fctend, was deine Geilheit noch mehr steigert. Nach zwei Minuten, die dir wie eine Ewigkeit vorkommen, bin ich zur\u00fcck. Du bettelst um deinen Orgasmus, und mein Schwanz zerspringt bald von dem Anblick, den du in deinen Fesseln bietest. Ich knie mich neben dich und sage dir da\u00df du nun deine Strafe f\u00fcr &#8222;unerlaubtes Wichsen&#8220; bekommen w\u00fcrdest. Da du nichts sehen kannst, steigt pl\u00f6tzlich der Geruch von Schwefel in deine Nase. Du flehst mich an, dir nichts zu tun, doch ich warte noch einen Moment und lasse pl\u00f6tzlich das warme Wachs einer Kerze auf deinen Bauch tropfen. Ich achte darauf, da\u00df es nicht zu hei\u00df wird, doch du zuckst bei jedem Tropfen zusammen. Langsam tropfe ich mich nach oben. Dein Bauch ist mit einer Wachsspur \u00fcberzogen. Nun kommen deine empfindlichen Titten dran. Hier ist die Empfindung viel st\u00e4rker, und du st\u00f6hnst laut bei jedem Tropfen, der deine Warzen erreicht. Deutlich sieht man auf dem Kissen, da\u00df du immer geiler wirst, der gro\u00dfe nasse Fleck fordert fast schon zum Lecken auf. Doch noch bin ich nicht fertig mit dir. Ich spreize deine Schamlippen und tropfe vorsichtig ein paar Tropfen warmes Wachs auf deinen gl\u00fchenden Kitzler. Das ist fast zuviel f\u00fcr dich, du windest dich in den Fesseln und versuchst der Kerze zu entkommen. Dann ist es vorbei, urpl\u00f6tzlich sp\u00fcrst du das Gegenteil auf Deiner Haut. Ich reibe dich ganz langsam mit einem Eisw\u00fcrfel ab. Deine Nippel werden noch h\u00e4rter, und Dein St\u00f6hnen wird lauter. Als der W\u00fcrfel dein gl\u00fchendes Loch erreicht, schiebe ich ihn dir rein. Du schreist auf. Vorsichtig l\u00f6se ich das Wach mit meiner Zunge und meinen Fingern\u00e4geln von deinem K\u00f6rper. Jetzt \u00f6ffne ich deine Fu\u00dffesseln und lecke deine \u00fcbererregte M\u00f6se. Schon nach wenigen Augenblicken kommst du das erste Mal gewaltig und ergie\u00dft einen hei\u00dfen Strom deiner S\u00e4fte \u00fcber mein Gesicht. Was f\u00fcr ein geiler Geschmack. Ich setze mich auf deine Titten und fordere dich auf, meinen Schwanz zu blasen. Du nimmst ihn tief in den Mund und spielst mit deiner Zunge an mir. Ich bin so erregt, da\u00df ich erst mal Erleichterung brauche. Du fickst mich mit dem Mund, und schon bald ergie\u00dfe ich meinen hei\u00dfen Saft in deine Mundfotze. Nachdem du ihn sauber geleckt hast und auch die letzen Tropfen in deinem Rachen verschwunden sind, befreie ich dich von allen Fesseln. Ich lege mich auf den R\u00fccken, und du startest einen wilden Ritt, bei dem du das Tempo bestimmst. Da ich gerade gespritzt habe, dauert es jetzt recht lange bis ich wieder komme. Du fickst dich auf meinem gl\u00fchenden Schwanz zum n\u00e4chsten Orgasmus. Jetzt will ich auch noch mal kommen, ich schiebe deine Beine weit nach oben, so da\u00df ich deine beiden geilen L\u00f6cher sehen kann. Ich beuge mich runter und verteile deinen Liebessaft \u00fcber deine Rosette. Vorsichtig weite ich deinen Arsch mit meinem Finger, der ohne gro\u00dfe m\u00fche in deinem Darm verschwindet. Du greifst um dein Becken herum und h\u00e4ltst mir den Weg offen. Ich knie zwischen deinen bereiten L\u00f6chern und wichse meinen Schwanz zu voller H\u00e4rte. Dann schiebe ich ihn langsam in dein enges Arschloch. Nach zwei Versuchen ist er drin, ich beginne mich erst langsam, dann immer wilder in dir zu bewegen. Du schreist, es macht dich geil. Ich greife mir den Vibrator und schieb ihn in deine geile M\u00f6se. Deutlich sp\u00fcre ich die Vibrationen durch die d\u00fcnne Haut. Ich ficke deinen Arsch, und der Gummischwanz reizt deinen Kitzler. Das halt ich nicht lange aus! So ein geiler Fick! Gleichzeitig kommen wir zu Orgasmus, der Vibrator springt aus deinem Loch, deine Arschbacken melken den letzten Tropfen aus mir aus, und mein Saft spritzt in deinen Darm. Das war die Strafe f\u00fcr &#8222;unerlaubtes Wichsen&#8220;.<\/p>\n","protected":false},"excerpt":{"rendered":"<p>The romantic dream&#8230;. Wir liegen am Strand, es ist Nacht, die Sterne funkeln \u00fcber uns. Der satte Vollmond beleuchtet unsere nackten K\u00f6rper. Deine Hand streichelt z\u00e4rtlich \u00fcber mein Gesicht, weiter hinab zur Brust &#8211; hier verweilst du einen Moment lang und spielst mit meinen Brustwarzen. Weiter geht die Tour deiner H\u00e4nde zum Bauchnabel und der [&hellip;]<\/p>\n","protected":false},"author":1,"featured_media":0,"parent":0,"menu_order":0,"comment_status":"open","ping_status":"open","template":"","meta":{"footnotes":""},"class_list":["post-371","page","type-page","status-publish","hentry"],"_links":{"self":[{"href":"https:\/\/ourlife4you.com\/ourlifeblog\/wp-json\/wp\/v2\/pages\/371","targetHints":{"allow":["GET"]}}],"collection":[{"href":"https:\/\/ourlife4you.com\/ourlifeblog\/wp-json\/wp\/v2\/pages"}],"about":[{"href":"https:\/\/ourlife4you.com\/ourlifeblog\/wp-json\/wp\/v2\/types\/page"}],"author":[{"embeddable":true,"href":"https:\/\/ourlife4you.com\/ourlifeblog\/wp-json\/wp\/v2\/users\/1"}],"replies":[{"embeddable":true,"href":"https:\/\/ourlife4you.com\/ourlifeblog\/wp-json\/wp\/v2\/comments?post=371"}],"version-history":[{"count":2,"href":"https:\/\/ourlife4you.com\/ourlifeblog\/wp-json\/wp\/v2\/pages\/371\/revisions"}],"predecessor-version":[{"id":373,"href":"https:\/\/ourlife4you.com\/ourlifeblog\/wp-json\/wp\/v2\/pages\/371\/revisions\/373"}],"wp:attachment":[{"href":"https:\/\/ourlife4you.com\/ourlifeblog\/wp-json\/wp\/v2\/media?parent=371"}],"curies":[{"name":"wp","href":"https:\/\/api.w.org\/{rel}","templated":true}]}}