{"id":283,"date":"2010-06-11T07:12:14","date_gmt":"2010-06-11T06:12:14","guid":{"rendered":"http:\/\/ourlife4you.com\/ourlifeblog\/?page_id=283"},"modified":"2010-06-11T07:12:14","modified_gmt":"2010-06-11T06:12:14","slug":"ms-supersex-3","status":"publish","type":"page","link":"https:\/\/ourlife4you.com\/ourlifeblog\/ms-supersex-3\/","title":{"rendered":"MS Supersex 3"},"content":{"rendered":"<p>M\u00e4rz 2010<\/p>\n<p>Die Zeit geht dahin und man schaut nach sich selbst, nachdem ich nun auch wieder selbst so langsam zu mir komme und die letzten Monate vergessen habe, weiterhin mich auch bei diversen Unternehmen bewarb, dar\u00fcber hinaus auch des \u00f6fteren beim Amtsgericht in Stuttgart war um meine Unterlagen zur\u00fcckzufordern, die ich im Jahre 2009 als Orginale wegen der Vorw\u00fcrfe von Anja K. zum Amtsgericht nach N\u00fcrnberg sandte.<\/p>\n<p>Mittlerweile bekam ich dann scheibchenweise meine Unterlagen wieder zur\u00fcck, nachdem ich<\/p>\n<p>dreimalig einen Antrag stellen musste und mich auch mit dem Amtspr\u00e4sidenten des Gerichts in N\u00fcrnberg schriftlich in Verbindung gesetzt habe.<\/p>\n<p>\u00dcberraschenderweise bekam ich einen Brief von der Polizei in Stuttgart, eine Vorladung als Beschuldigter ?<\/p>\n<p>Der Termin war Ende M\u00e4rz und ich fragte mich so langsam was dahinter steckt, beim Termin selbst der  Polizei in Stuttgart wurde ich von einem Ermittlungsdienstmitarbeiter dar\u00fcber aufgekl\u00e4rt.<\/p>\n<p>Es wurde mir vorgeworfen, da\u00df ich der Frau Anja K. \u00fcber einen oder mehrere Pizzadienste Essen<\/p>\n<p>geschickt haben soll. Ich soll die Anja regelrecht zugesch\u00fcttet haben mit Essensbestellungen.<\/p>\n<p>Es wurde als Anzeige gegen Unbekannt eingestuft und nun wird eben ermittelt, jedoch ohne<\/p>\n<p>Grundlage, wann wo , wie und alles andere war auch etwas vage, obwohl der vernehmende Polizist eine kaffeetassendicke Akte vor sich hatte und mir auch keine exakten Daten oder Zeiten nennen konnte. Er konnte oder wollte mir nicht mal sagen, wer mich denn nun unbekannter weise angezeigt hatte, die Anja oder jemand anders.<\/p>\n<p>Zus\u00e4tzlich haben sich die Ermittler, bzw. die Staatsanwaltschaft aus Halle \/ Saale sogar die Telefonnummer und auch eine IP Nummer besorgt, die nicht zu mir passte, aber ich war verd\u00e4chtig.<\/p>\n<p>Das soll mal einer verstehen, Anzeige gegen Unbekannt, aber keinerlei Anhaltspunkte, weder wann noch wo, oder wie, nur da\u00df ich es gewesen sein soll.<\/p>\n<p>Da ich beim Termin noch einige Unterlagen mitgenommen hatte weil ich ungef\u00e4hr wusste was da vielleicht auf mich zukommen w\u00fcrde, diese sogar stimmten, ich diese auch dem ermittelnden Beamten vor die Nase hielt, konnte der auch nichts mehr weiter dazu sagen, es wurde eine Aussage zu Protokoll gegeben, &#8222;Ich habe keine Ahnung, wei\u00df von nichts&#8220;.<\/p>\n<p>Am sp\u00e4ten Nachmittag habe ich die Eva angerufen, Ihr die Sache erl\u00e4utert die ich mir nicht erkl\u00e4ren konnte, Eva meinte, Sie habe auch nichts mitbekommen, das w\u00fcrde ja auch auffallen wenn einer oder mehrere Pizzadienste im Treppenhaus rumlaufen und das auch noch f\u00e4lschlicherweise.<\/p>\n<p>Daraus schlie\u00dfend konnte ich das gar nicht gewesen sein, schon gar nicht in N\u00fcrnberg.<\/p>\n<p>In dem Kaff wo die Anja zuhause war in Sachsen, gibt&#8217;s wahrscheinlich nicht mal einen Pizza-Service oder \u00e4hnliches.<\/p>\n<p>Da muss sich die Anja mal wieder mit Ihrem Brauen ( Weinbrand)  selbst die Lichter ausgeschossen haben und wei\u00df nicht mehr was Realit\u00e4t ist und was Traum oder Fantasie.<\/p>\n<p>Na, mal sehen wie die Sache ausgeht, ich w\u00fcrde sogar schw\u00f6ren, da\u00df Anja mal wieder Stein und Bein fest behauptet da\u00df ich der Urheber gewesen sein soll. Daf\u00fcr ist Anja ja bekannt.<\/p>\n<p>Mich wundert nur da\u00df Anja bei der Staatsanwaltschaft aus Halle die Anzeige gegen mich gemacht hat,  N\u00fcrnberg war wohl entweder zu hei\u00df, oder Sie hat sich mit Ihrer falschen  TV Geschichte<\/p>\n<p>bei RTL, Bauer sucht Frau selbst ins Knie geschossen und war somit auch f\u00fcr die Herren in N\u00fcrnberg unglaubw\u00fcrdig.<\/p>\n<p>Ende M\u00e4rz, bzw. Anfang April war Ostern und Eva hatte mich eingeladen, zwar nicht ohne Hintergrund, aber f\u00fcr ein feudales Osteressen und bisschen Schokolade bin ich immer zu haben.<\/p>\n<p>Naja, als arbeitsloser Harz 4 Empf\u00e4nger l\u00e4sst man sich so etwas nur ungerne entgehen.<\/p>\n<p>Ich habe mir eine Mitfahrgelegenheit nach N\u00fcrnberg besorgt, f\u00fcr 10 Euro bei einem Franken der \u00f6fters am Wochenende nach Hause f\u00e4hrt und ich brachte zu Ostern auch meine Scheinwerferanlage mit, ( 3 Strahler mit guten 350 Watt + einen Dimmer) weil ich mir schon dachte da\u00df Eva als Gegenleistung f\u00fcr das Essen auch sicherlich einen neuen Videoclip brauchte.<\/p>\n<p>Da es f\u00fcr das Jahr 2010 endlich mal Zeit f\u00fcr etwas ganz neues sein sollte, diskutierten wir bis in die Nacht hinein was am besten gemacht werden konnte, ich schnappte mir meine Kamera um einige Einstellungen probeweise abzulichten, da kam mir auch eine Idee, wo sich die wenigsten trauten<\/p>\n<p>so etwas auch noch aufzunehmen, in gewohnt dominanter Art und Weise hatte Eva dann auch pl\u00f6tzlich eine Eingebung und das alles nachts um 03.00 Uhr.<\/p>\n<p>Das war auch der beste Zeitpunkt denn im Treppenhaus war um diese Zeit keiner der st\u00f6ren w\u00fcrde.<\/p>\n<p>Dann ging die Videotrailer Aufnahme los, ich war im Treppenhaus, Eva machte die Wohnungst\u00fcre auf, in hohen Stiefeln, einem kurzen dunklen Sakko und hatte eine Gerte in der Hand.<\/p>\n<p>Ein kurzer Wortwechsel, ich spielte den vermeintlichen Kunden, bzw. Diener oder Sklaven oder wie man das auch nennen m\u00f6chte und die Startsequenz wurde aus der Sichtweise des zu sp\u00e4t<\/p>\n<p>gekommenen Sklaven aufgenommen, ich ging auf die Knie mit der Kamera in der Hand  und kroch<\/p>\n<p>auf allen Vieren, bzw, Dreien der Eva hinterher.<\/p>\n<p>Das war klasse, nur noch etwas am PC bearbeiten und der Beginn war gemacht.<\/p>\n<p>Den Rest hatten wir dann in der Wohnung aufgenommen.<\/p>\n<p>Manchmal klappt alles beim ersten Male, und so war es auch dort, verschiedene Einstellungen,<\/p>\n<p>von unten, von der Seite und auch mal von einer anderen Perspektive wurde alles ausgeleuchtet<\/p>\n<p>einige Fotos geschossen, und dann das Video aufgenommen.<\/p>\n<p>Eva zog sich in der Zwischenzeit 2 bis 3 mal um, wir entschieden uns dann f\u00fcr schwarze Kleidung, einen langen schwarzen Mantel, darunter die schwarzen Stiefel, halterlose und ein schwarzes viel zu knappes irgendetwas dar\u00fcber, das mehr zeigte als verh\u00fcllte.<\/p>\n<p>Aber man muss ja den interessierten Kunden und Internetuser der auf Videos steht auch etwas bieten, denn was soll ich denn mit einem Kreuz und anderen Materialien wie Ketten und Handschellen, Gerten und Peitschen die Eva auch in H\u00fclle und F\u00fclle besa\u00df.<\/p>\n<p>Danach wurden noch 4 verschiedene Einstellungen gedreht, dann gemeinsam angeschaut, f\u00fcr gut befunden und ich machte mich dann am n\u00e4chsten Morgen an den PC ran zum bearbeiten.<\/p>\n<p>Wie immer sieht man beim fertigen Video einiges was man vorher nicht beachtet hatte, ich habe auf dem Boden nicht nur die Stiefel und die Abs\u00e4tze von Eva gedreht sondern auch noch bei der Nahaufnahme den Slip in Pink kurzzeitig drauf, nun wurde wieder diskutiert, wegschneiden oder so lassen, ?<\/p>\n<p>Ich lie\u00df alles im Orginal, der Clip wurde abgespeichert, es wurden mit dem Vorspann und auch mit der etwas anderen Art der Abspannwerbung dann mehr wie 3 Minuten mit 10 verschiedenen Einstellungen und 8 echt hei\u00dfen Szenen von Eva als Domina.<\/p>\n<p>Zugute kamen mir die Scheinwerfer die ich mitgeschleppt hatte, denn so konnte man das Licht dimmen, einblenden und auch dunkler machen wo es n\u00f6tig war, alles in allem ein echter Proficlip.<\/p>\n<p>Vormittags ging ich in N\u00fcrnberg in die City und kaufte noch eine Webcam f\u00fcr Eva, damit Sie auch<\/p>\n<p>nebenbei noch einige Chatfreunde mit Ihrem hei\u00dfen Body vor den PC begl\u00fccken konnte.<\/p>\n<p>Ostern ging dahin, ich machte den Kurzclip und irgendwie sprach sich das rum, da\u00df ich ein paar Stunden in N\u00fcrnberg war und es meldeten sich einige Damen aus dem horizontalem Gewerbe bei mir \u00fcbers Handy, denen ich in der Vergangenheit die eine und andere schnelle Hilfe zum Thema<\/p>\n<p>Grafik und Bildbearbeitung angeboten hatte, man sprach \u00fcber alles m\u00f6gliche, meinen langen Knastaufenthalt und auch nat\u00fcrlich \u00fcber die \u00fcberaus bekannte RTL Nutte die sich jetzt mit Ihrem<\/p>\n<p>Fernsehauftritt im Internet r\u00fchmt.<\/p>\n<p>Dabei wurden mir wieder mal einige Sachen zugetragen \u00fcber Anja, die nicht mal Eva wusste.<\/p>\n<p>Was ich so h\u00f6rte war eigentlich typisch und \u00fcberraschte mich nicht sonderlich.<\/p>\n<p>Anja w\u00e4re im Jahre 2009, im Herbst im Raum N\u00fcrnberg von einer Polizeistreife im Auto mit 2,5<\/p>\n<p>Promille gestoppt worden, dann h\u00e4tte Sie \u00fcberall verbreitet, Ihr Auto w\u00e4re in Sachsen-Anhalt wegen einem Auffahrschaden und Anja m\u00fcsste deswegen nun ein paar Tage mit Taxi und Zug unterwegs sein. Da\u00df Sie dann auch noch im Internet mit Haus und Hotel\/ Escort-Service prahlte und den ganzen n\u00f6rdlichen bayrischen Raum in Anspruch nahm, war schlichtweg gelogen<\/p>\n<p>Ich h\u00e4tte der Anja auch noch zugetraut da\u00df Sie als RTL Star den Polizisten Autogramme angeboten<\/p>\n<p>h\u00e4tte, oder vielleicht noch was anderes, denn man kann doch nicht einfach so jemanden der besoffen Auto f\u00e4hrt, den F\u00fchrerschein entziehen, zumal das nicht das erste Mal gewesen ist.<\/p>\n<p>Zun\u00e4chst wurde Anja laut Aussagen einiger Damen von Ihren momentanen neuen Freund in der<\/p>\n<p>Gegend rumkutschiert worden, dann aber ist dies dem Typen wohl auch zuviel geworden, da Anja jede Woche woanders gearbeitet h\u00e4tte, danach suchte Sie krampfhaft nach einen neuen Chauffeur<\/p>\n<p>bzw. Deppen der bisschen senil war und Ihr alles glaubte, was Sie von sich gab.<\/p>\n<p>Da die M\u00e4dels auch gerne ausgehen und n\u00e4chtelang feiern, kam dann die n\u00e4chste Info da\u00df Anja \u00f6fters in einem Erlanger Club oder Diskothek gesehen worden w\u00e4re, der daf\u00fcr bekannt ist, da\u00df sich dort auch Amis rumtreiben, Anja wollte schon immer mal in die USA, also lag nichts n\u00e4her , als sich in einem verruchten Club einen Soldaten zu suchen den Sie dann belabern und bearbeiten konnte.<\/p>\n<p>In Wirklichkeit hatte Sie f\u00fcr die n\u00e4chste lange Zeit keinen F\u00fchrerschein und versuchte durch Ihre alten Kontakte nun anstatt herum zureisen, wieder sesshaft zu werden, suchte eine Wohnung f\u00fcr l\u00e4ngere Zeit. Da aber sich das eine und andere wie ein Lauffeuer herumgesprochen hatte, war keiner<\/p>\n<p>in der Lage Ihr eine gewerbliche Huren-Wohnung zu vermieten, warum wohl ?<\/p>\n<p>Ich fuhr wieder nach Stuttgart zur\u00fcck, lies Ger\u00fcchte, Ger\u00fcchte bleiben, denn manchmal ist die Wahrheit n\u00e4her als man glaubt.<\/p>\n<p>Was die Wahrheit anbetrifft, wenn ich \u00fcber einiges nachdenke liegt zwischen Glauben, Tatsachen und Vernunft ein himmelweiter Unterschied. Wenn ich damals der Anja alles geglaubt h\u00e4tte was Sie mir damals versucht hatte, einzureden w\u00e4re die Welt immer noch eine Scheibe.<\/p>\n<p>Mittlerweile wurde auch in der Zeit ein bekannter Wetter TV Moderator wegen angeblicher Vergewaltigung eingesperrt, dann wurden die Ger\u00fcchte \u00fcber die kath. Kirche und Ihre Internate und Heime immer wieder in der Presse \u00fcberpr\u00fcft und f\u00fcr Wahr oder Unwahr befunden, nur denen ist nichts passiert, dort hatte man keinen der sog. Bisch\u00f6fe und Heimleiter, Pfarrer und andere angeklagt oder gar angezeigt. ( da braucht man auch nicht weiter einzugehen, ist bekannt )<\/p>\n<p>So langsam verliert man den Glauben an die Wahrheit, aber was bedeutet die Wahrheit schon im<\/p>\n<p>21. Jahrhundert.<\/p>\n<p>Es gibt Fakten und Fiktionen oder andersrum tituliert:<\/p>\n<p>Es gibt mindestens 2 Arten oder Versionen der Wahrheit, die eine, die den wirklichen Tatsachenverlauf entspricht, als unumg\u00e4nglich ist und 100 % stimmt und die andere Version, die<\/p>\n<p>man sich einfach so mal ausdenkt und keiner auf die Idee kommt dies auch nach zu pr\u00fcfen.<\/p>\n<p>Ich h\u00e4tte im Laufe der Zeit mehrere Aktenordner mit den L\u00fcgengeschichten der Frau f\u00fcllen k\u00f6nnen<\/p>\n<p>die mich auch mit Ihren erfundenen und total bescheuerten Aussagen in den Jahren 2007 bis 2009<\/p>\n<p>bei der Polizei ins falsche Licht gestellt hatte und auch noch damit in eine Situation gebracht hat<\/p>\n<p>die wohl f\u00fcr jeden Gewerbetreibenden das Aus bedeutete.<\/p>\n<p>Aber es reicht bei Gericht immer noch eine an den Haaren herbeigezogene Story zu erz\u00e4hlen.<\/p>\n<p>Die Moral bleibt auf der Strecke, denn die Realit\u00e4t interessiert niemand.<\/p>\n","protected":false},"excerpt":{"rendered":"<p>M\u00e4rz 2010 Die Zeit geht dahin und man schaut nach sich selbst, nachdem ich nun auch wieder selbst so langsam zu mir komme und die letzten Monate vergessen habe, weiterhin mich auch bei diversen Unternehmen bewarb, dar\u00fcber hinaus auch des \u00f6fteren beim Amtsgericht in Stuttgart war um meine Unterlagen zur\u00fcckzufordern, die ich im Jahre 2009 [&hellip;]<\/p>\n","protected":false},"author":1,"featured_media":0,"parent":0,"menu_order":0,"comment_status":"open","ping_status":"open","template":"","meta":{"footnotes":""},"class_list":["post-283","page","type-page","status-publish","hentry"],"_links":{"self":[{"href":"https:\/\/ourlife4you.com\/ourlifeblog\/wp-json\/wp\/v2\/pages\/283","targetHints":{"allow":["GET"]}}],"collection":[{"href":"https:\/\/ourlife4you.com\/ourlifeblog\/wp-json\/wp\/v2\/pages"}],"about":[{"href":"https:\/\/ourlife4you.com\/ourlifeblog\/wp-json\/wp\/v2\/types\/page"}],"author":[{"embeddable":true,"href":"https:\/\/ourlife4you.com\/ourlifeblog\/wp-json\/wp\/v2\/users\/1"}],"replies":[{"embeddable":true,"href":"https:\/\/ourlife4you.com\/ourlifeblog\/wp-json\/wp\/v2\/comments?post=283"}],"version-history":[{"count":2,"href":"https:\/\/ourlife4you.com\/ourlifeblog\/wp-json\/wp\/v2\/pages\/283\/revisions"}],"predecessor-version":[{"id":285,"href":"https:\/\/ourlife4you.com\/ourlifeblog\/wp-json\/wp\/v2\/pages\/283\/revisions\/285"}],"wp:attachment":[{"href":"https:\/\/ourlife4you.com\/ourlifeblog\/wp-json\/wp\/v2\/media?parent=283"}],"curies":[{"name":"wp","href":"https:\/\/api.w.org\/{rel}","templated":true}]}}