{"id":273,"date":"2010-06-02T09:31:25","date_gmt":"2010-06-02T08:31:25","guid":{"rendered":"http:\/\/ourlife4you.com\/ourlifeblog\/?page_id=273"},"modified":"2010-06-02T09:31:25","modified_gmt":"2010-06-02T08:31:25","slug":"die-radtour","status":"publish","type":"page","link":"https:\/\/ourlife4you.com\/ourlifeblog\/die-radtour\/","title":{"rendered":"Die Radtour"},"content":{"rendered":"<p>Die Radtour<\/p>\n<p>Hallo, ich hei\u00dfe Nicole. Diese Geschichte schreibe ich weil ich sie jemanden erz\u00e4hlen mu\u00df. Mein Kollege J\u00fcrgen brachte mich auf die Idee meine Erlebnisse vom letzten Urlaub nieder zu schreiben. Erst aber mal zu mir damit Ihr etwas \u00fcber mich wi\u00dft. Ich bin 25 Jahre Alt. Ich bin mit meinen 1.55 recht klein konnte mich aber immer in meinem Leben durchsetzen ich wiege 45KG habe l\u00e4ngere dunkelbraune Haare aber das k\u00f6nnt ihr ja auch auf meinem Foto sehen. Durch meine Art das ich mich durchsetzten kann w\u00e4hlte ich dann auch meinen Beruf und so wurde ich zur Erzieherin im Jugendheim bei Stuttgart. Diesen Sommer hatte ich mir vorgenommen endlich mal aus dem Alltagstrott zu entfliehen.Es sollte etwas ganz besonderes sein. Nicht so ein Pauschalurlaub wo alles nach fest vorbestimmten Bahnen verl\u00e4uft. So kam es dann dazu das ich mich entschlo\u00df eine Radtour zu machen nur wu\u00dfte ich nicht welchen Weg ich einschlagen sollte. Da mir Italien sehr gut gef\u00e4llt ist es dann dazu gekommen das ich eine Route \u00fcber Italien w\u00e4hlte. Nach einigem \u00fcberlegen stand auch die Route fest. \u00dcber \u00d6sterreich zum Gardasee, Mailand, Verona, Venedig, Florenz, Pisa und dann Rom. Da es nat\u00fcrlich in meinem Urlaub nicht m\u00f6glich war alles mit dem Fahrrad zu erledigen wollte ich auch ab und zu den Zug nehmen um gr\u00f6\u00dfere Strecken zu bew\u00e4ltigen. Das dann alles ganz anders kommen sollte als geplant wu\u00dfte ich zu diesem Zeitpunkt nat\u00fcrlich noch nicht. Nun will ich euch aber nicht weiter auf die Folter spannen und mit meiner eigentliche Geschichte beginnen. Alles fing genau so an wie geplant. Ich habe meine ersten teile der Reise genossen. Es fing alles sich an zu \u00e4ndern als ich den Zug nach Mailand nahm. Ich war in einem Einzelabteil und geno\u00df die Landschaft Italiens die an dem Fenster vorbeizog als sich die Abteilt\u00fcr \u00f6ffnete. Ich staunte nicht schlecht als ich in ein bekanntes Gesicht blickte. Es war Pepe ein Junge aus meinem Jugendheim. Ich dachte zur\u00fcck was ich \u00fcber ihn wu\u00dfte&#8230; Er war immer ein Querulant im Heim gewesen und er hatte es mir zu verdanken das er wieder in Italien war. ich hatte ihn von ca. 2 Jahren bei der Heimleitung angezeigt da er gestohlen hatte und ich in seinem Zimmer Diebesgut entdeckte. Ich mu\u00dfte vor Gericht gegen Ihn aussagen und ich wei\u00df noch genau seine letzen Worte als er abgef\u00fchrt wurde. &#8220; das zahle ich dir heim&#8220;&#8230; Ich wurde aus meinen Gedanken gerissen als er mich ansprach. ich schaute in seine braunen Augen und wunderte mich als er mich anl\u00e4chelte. So sieht man sich also wieder. sagte er und begr\u00fc\u00dfte mich mit Handschlag. Bevor ich auch nur etwas erwidern konnte fuhr er fort. Er sagte das es ihm jetzt richtig gut geht und das er keinen Greuel mehr gegen mich hatte. Er war froh wieder in Italien zu sein und hatte wohl auch eine Arbeit. Wir unterhielten uns die ganze Fahrt \u00fcber und ich mu\u00dfte mein Urteil \u00fcber Ihn etwas revidieren. Er war wirklich nett zu mir. Nach 3 Stunden kamen wir in Mailand an. Da ich mich noch nicht um eine Unterkunft k\u00fcmmern konnte hatte er mich zu sich in seine Wohnung eingeladen. Ich nahm sein Angebot an und wir warteten nur noch an der Warenausgabe auf meinen Rucksack und mein Fahrrad. Dann fuhren wir zusammen mit einem Taxi zu seiner Wohnung. Es war gegen 19 Uhr als wir ankamen er hatte eine kleine Wohnung nur eine Wohnk\u00fcche und ein Schlafzimmer und ein sehr kleines Bad. Er sah meinen verwunderten Blick und sagte sofort das er im Wohnzimmer schlafen w\u00fcrde das beruhigte mich dann sehr. Ich machte mich in seinem schlicht eingerichtetem Bad frisch. Als ich wieder ins Wohnzimmer kam war er am Telefon. Als er mich sah hielt er den H\u00f6rer zu und fragte mich ob ich Lust h\u00e4tte mit ihm heute noch in die Kneipe eines Freundes zu fahren. Da ich es liebe Land und Leute kennen zu lernen sagte ich klar komme ich mit. Wir fuhren dann auch gleich aus dem Haus und kamen um 20 Uhr in der Kneipe an. Als ich aus dem Auto stieg bekam ich erst mit das wir in einer sehr heruntergekommenen Gegend angekommen wahren. Die Kneipe mu\u00dfte man wohl eher Verschlag bezeichnen. Aber was sollte ich machen also da mu\u00dfte ich nun durch. Als wir in die T\u00fcr kamen mu\u00dften wir erst einen schweren Stoffvorhang zur Seite schieben. Dann traten wir in ein zwielichtiges Dunkel ein. Der Raum war nur von wenig Lampen aufgehellt es war stickig warm und der Rauch lie\u00df sich fast schneiden. Bei meinem Rundblick erkannte ich ca. 30 Personen die als wir den Raum betraten still wurden. Es waren ca. 25 M\u00e4nner und 5 Frauen anwesend. Als Pepe dann etwas auf Italienisch sagte was ich nicht verstand nahmen die Gespr\u00e4che wieder zu und wir wurden nicht weiter beachtet. Wir gingen an einem Billardtisch vorbei in eine dunkle Ecke wo 4 Freunde von Pepe warteten. Die 4 Standen auf und begr\u00fc\u00dften mich in br\u00fcchigen Deutsch sie sagten das es sch\u00f6n w\u00e4re eine gute Freundin von Pepe aus Deutschland kennen zu lernen. Wir setzten uns wieder und ich wurde in die Mitte auf einer Eckbank genommen. Nur Pepe ging mit einem der M\u00e4nner Richtung Theke und ich konnte aus den Augenwinkel erkennen wie Pepe aufgeregt mit seinem Freund diskutierte. Ich sah seinen Freund nur ab und zu nicken scheinbar sagte er nichts weiter. Weiter konnte ich Pepe nicht beobachten denn die 3 Anderen verwickeltem mich immer weiter in Gespr\u00e4che sie fragten mich nach meinem Beruf und meinem Leben aus. Nun kam auch Pepe mit einem L\u00e4cheln auf dem Gesicht zur\u00fcck. Er setze sich zu uns und sagte sein Freund der Besitzer des Lokals w\u00fcrde uns noch etwas zu trinken bringen. Er sagte Chianti ist bestimmt ein guter Wein f\u00fcr diesen Abend. Und es w\u00fcrde auch mit etwas Alkohol auch viel mehr Spa\u00df machen Billard zu spielen. Nun kam auch der Besitzer das Ladens zur\u00fcck und brachte jedem von uns eine Karaffe Wein. Er f\u00fcllte unsere Gl\u00e4ser und sprach einen kleinen Trinkspruch aus worauf wir alle einen Schluck nahmen. Das der Wein einen etwas bitteren Nachgeschmack hatte machte mir nichts aus da die anderen ja scheinbar nichts merkten. Nun hatte ich auch etwas Zeit meine neuen Freunde etwas genauer zu begutachten. Pepe schien mit seinen ca. 18 Jahren der J\u00fcngste zu sein die Anderen waren alles so um die 25 Jahre. Pepe stellte sie mir nun auch vor. Frasco wie ich erfuhr sein Bruder sa\u00df direkt neben mir. Er war mit 180 der gr\u00f6\u00dfte und sehr sportlich gebaut. Rechts von mir sa\u00dfen Pete ein st\u00e4mmiger Schwarzer und Olav ein recht unscheinbarer hagerer Typ. Frasco schenkte mir mein zweites Glas Wein ein und ich merkte wie der Alkohol bei mir etwas Wirkung zeigte ich hatte das Gef\u00fchl das meine Augen immer schwerer wurden. Das merkte auch Frasco und er munterte mich auf doch wenigstens noch das zweite Glas auszutrinken. Ich nahm noch einen gro\u00dfen Schluck und sagte mit schwerer Zunge das der Wein mir arg in den Kopf steigen w\u00fcrde. Pl\u00f6tzlich \u00e4nderte sich Frascos Tonlage sp\u00fcrbar. Er sprach pl\u00f6tzlich wesentlich k\u00fchler zu mir&#8230; wei\u00dft du \u00fcberhaupt was f\u00fcr einen \u00c4rger uns die Sache mit Pepe damals bereitet hat.. h\u00e4?? Er fa\u00dfte mich grob am Oberarm an. Ich stockte und wollte etwas Erwidern das mu\u00dfte ich mir doch nicht bieten lassen. Leider blieben meine Widerworte nur in meinem Kopf ich brachte kein Wort \u00fcber die Lippen. Ich versuchte meinen Arm aus seinem Griff zu winden doch der Arm versagte mir seinen Dienst. Langsam wurde es mir bewu\u00dft, da\u00df Ganze sollte Pepes Rache sein. Er hatte mich in eine Falle gelockt. Doch wenn sie mir etwas in den Wein getan haben warum um Himmels willen schlief ich dann nicht ein? Ich war m\u00fcde doch ich war trotzdem bei vollem Bewu\u00dftsein. Ich sah wie der Gastwirt den anderen Leuten im Lokal etwas sagte wobei einige kopfsch\u00fcttelnd aufstanden und das Lokal verlie\u00dfen andere meist etwas heruntergekommene Typen blieben an ihren Tischen sitzen. Der Wirt ging als letztes zur T\u00fcr und h\u00e4ngte ein Schild ins Fenster dann verschlo\u00df er die T\u00fcr. Erst jetzt bekam ich mit das Frasco weiter sprach&#8230; Du wirst f\u00fcr alles Zahlen h\u00f6rst du&#8230; meine Familie mu\u00dfte damals \u00fcber \u20ac 5000,- an die Versicherungen Zahlen wegen der Einbr\u00fcche von Pepe. Das Geld werden wir uns von dir wieder holen. Und du wirst nie wieder jemanden verpfeifen wenn wir mit dir fertig sind. Mit den Worten ri\u00df er mir meine Bluse runter. Du schei\u00dfe sagte er die hat ja kaum Titten wenn wir die auf den Strich schicken kriegen wir doch nichts. Dann m\u00fcssen wir es eben anders machen erst mal schauen was du so hast. Ich wurde hochgehoben und zum Billardtisch gebracht dann wurden mir meine restlichen Kleidungsst\u00fccke von K\u00f6rper gerissen ich versuchte mich zu wehren doch es kam nur ein gedr\u00fccktes St\u00f6hnen aus meinem Mund die Drogen wirkten jetzt voll ich merkte zwar noch wie mein Slip in meine Muschi einschnitt als er ri\u00df hatte dabei aber kaum Schmerzen. Als ich mich umblickte merkte ich das die restlichen im Lokal verbliebenen Leute so ca. 12 M\u00e4nner nun aller Ihre Schw\u00e4nze herausgeholt hatten und sich wichsten. Frasco sagte etwas was ich mit meinem schlechten Italienisch so verstand. Als erstes wird sie Pete einreiten dann hat Pepe das Vergn\u00fcgen. Schaut euch die geile Sau an&#8230; die wird schon ganz feucht. Er hatte recht das mu\u00dfte an den Drogen liegen mein Unterleib brannte wie in einem Feuer und ich konnte nichts dagegen tun. Ich wurde auf den Bauch auf den Tisch gelegt das Pete mich von hinten nehmen konnte ich merkte wie sein Schwanz brutal in meine Muschi eindrang. Mit harten St\u00f6\u00dfen wurde ich von einem Schwarzen gefickt und konnte mich nicht mal wehren. Ich hoffte immer das ich nun endlich mein Bewu\u00dftsein verlor nur war mir das nicht geg\u00f6nnt. Ganz im Gegenteil ich merkte wie langsam der Einflu\u00df der Drogen nachlie\u00df. Doch mir blieb keine Zeit nachzudenken denn pl\u00f6tzlich standen zwei Kerle vor meinem Gesicht und hielten mit ihre Schw\u00e4nze hin. Frasco merkte das ich mich wieder etwas bewegen konnte und sagte zu mir blas sie sonnst wird es dir schlecht ergehen. Ich wollte nicht. Als er das merkte holte er eine Decke zog sie \u00fcber meinen R\u00fccken und schlug mit voller kraft zu. Der Schmerz war m\u00f6rderisch mir stiegen die Tr\u00e4nen in die Augen. Und das alles w\u00e4hrend ich weiter von dem schwarzem gefickt wurde. Frasco blickte mich b\u00f6se an und ich \u00f6ffnete meinen Mund. Der Schwanz vor mir war nicht sauber sondern war voll wei\u00dfen Sekret was ihn aber nicht st\u00f6rte denn im gebrochenen deutsch sagte er mach sauber und dr\u00fcckte ihn mir in den Mund. Ich mu\u00dfte mich fast dabei \u00fcbergeben doch er machte einfach weiter. Nun merkte ich wie der Schwarze immer schneller wurde und mir seinen Samen halb auf den R\u00fccken und halb in mich hinein spritzte. Nun war Frasco wieder da er ich mu\u00dfte von dem Schwanz in meinem Mund ablassen und er tr\u00e4ufelte mit ein paar Tropfen in den Mund. Ich merkte wieder den Einflu\u00df der Droge doch diesmal etwas anders ich merkt nun alles noch deutlicher nur hatte ich keinen eigenen willen mehr. Ich merkte wie ich immer geiler wurde und es mir Spa\u00df machte allerdings schrie mein Verstand im Unterbewu\u00dftsein nein das will ich nicht doch ich konnte nichts tun. Ich merkte meine Geilheit nun \u00fcberdeutlich und konnte mir nicht erkl\u00e4ren was ich tat. Ich wurde von dem Tisch herunter gezogen und dann geschah es. Ich wurde wie toll, mein Unterleib brannte ich wollte Sperma und Schw\u00e4nze sp\u00fcren. Ich h\u00f6rte mich rufen los fickt mich richtig ihr Hunde macht mich fertig. Ich sah wie mich Pepe bei dieser Aktion filmte. Ich bediente fast jeden Schwanz mit dem Mund und wurde immer wieder gefickt. Das z\u00e4he Sperma flo\u00df meine Beine hinunter und meine Haare klebten davon. Im Unterbewu\u00dftsein schrie ich weiter um Hilfe doch ich tat genau das Gegenteil. Ich lie\u00df mich von den letzten Pennern ficken und geno\u00df es. Das ganze dauerte bis ca. 23 Uhr dann schlief ich auf einen Schlag ein &#8211; die Nachwirkung der Droge. Am n\u00e4chsten Tag wachte ich gegen 12 Uhr mit riesigen Kopfschmerzen auf. Ich dachte es war alles ein Traum gewesen doch als mich umschaute waren Franco und Pepe da sie schauten sich das Video von gestern Abend an. Ich konnte nicht anders&#8230; ich sagte kein Wort rannte zu Klo und habe mich \u00fcbergeben. Ich ging unter die Dusche und habe mich erst einmal richtig gewaschen. Da ich nichts zum anziehen fand nahm ich en Handtuch und schlang es um mich. Was sollte ich nur tun? Weglaufen aber alle Papiere hatten die beiden und dann? So beschlo\u00df ich wieder ins Wohnzimmer zu gehen und sie zu bitten mich gehen zu lassen. Ich dachte das w\u00e4hre am vern\u00fcnftigsten. Als ich in Wohnzimmer kam lachten die beiden. Na hat es dir gestern gefallen du Nutte? Wir haben gerade gez\u00e4hlt wir haben gestern von den Kerlen zusammen nur \u20ac 200,- bekommen es fehlen also noch \u20ac 4800,- da wirst du dich wohl noch anstrengen m\u00fcssen. Bitte la\u00dft mich gehen ich besorge das Geld. Ne sagte Pepe du hast mich so oft fertig gemacht damals das zahle ich dir noch heim. Wir haben eben deine Reiseroute gefunden da kamen wir auf die Idee dich ein wenig zu begleiten oder besser gesagt wir besuchen ein paar Freunde in Rom. Wir werden mit dem Zug fahren. Aber du wirst mit dem Fahrrad zum Bahnhof fahren. Erst einmal mit den Sachen die wir herausgelegt haben aber dann sobald du durch die Slums f\u00e4hrst ziehst du dich aus. Wir haben ein paar Visitenkarten gedruckt mit deinem Bild deiner Adresse die hast du zu verteilen wir beobachten dich dabei und warten am Bahnhof auf dich. **********************************************<\/p>\n<p>Hallo, ich hei\u00dfe Nicole! Ich bin eine Hurenfotze und habe je dem Schwanz f\u00fcr \u20ac 5,- zu dienen. Ich mu\u00df mit mir machen lassen. Ihr k\u00f6nnt mich auch jederzeit in Deuts chland besuchen. Videos: Ni cole Bachfick * Fickweg 22 * 70769 Stuttgart alle s www.hurenfotze.de Ser:000000020 *********************************************<\/p>\n<p>Ich wu\u00dfte nicht was ich machen sollte ich war in ihrer Hand. Also tat ich wie befohlen. Bis zum Bahnhof waren es etwa 15 KM davon 5 KM durch das Slumgebiet ich sah wie mir ein Auto langsam folgte und nahm an das es Pepe und sein Bruder war. Somit konnte ich meinen Plan verwerfen die Karten einfach zu zerrei\u00dfen und sie wegzuwerfen. Die erste Strecke verlief normal ich viel nicht auf doch ich sah immer wieder den Wagen und bemerkte auch das ich gefilmt wurde. Als die Stra\u00dfen immer dreckiger wurden hupte der Wagen kurz das sollte mein Zeichen sein. Ich stieg vom Rad zog mich aus und brachte meine Sachen zu Pepe. Der lie\u00df es sich nicht nehmen als ich neben dem Wagen stand seinen Finger in meine Fotze zu sto\u00dfen. Ich wollte mich erst wehren doch ein strenger Blick sagte mir das es keinen Sinn hat. Er lie\u00df von mir ab und ich stieg wieder auf mein Rad um weiter zu fahren. Gut das die beiden nur 20 Karten gedruckt hatten die w\u00fcrde ich schon los werden. Ich war nur ein paar hundert Meter gefahren da traf ich 2 Kerle die mich bl\u00f6de anschauten und ich reichte ihnen je eine Karte wobei die Beiden mir einen Vogel zeigten und verschwanden. Noch 18 Karten. Als ich um die n\u00e4chste Kurve bog traf ich auf eine Gruppe von 8 M\u00e4nnern und 2 Frauen die an ihren Autos standen und rauchten. Sofort wurden Rufe laut die ich allerdings nicht verstand. Ich verteile meine Karten und wollte gerade wieder weiter als sich 2 der Kerle ein Herz fa\u00dften und mir an den Arsch griffen. Sie gaben mir umgerechnet 20 DM und soweit ich verstand wollten sie das ich mich vor sie kniete. Ich \u00e4rgerte mich wieder wie schlecht doch mein italienisch war denn sie wurden schon \u00e4rgerlich. Ich kniete mich also hin und die beiden holten ihre Schw\u00e4nze raus. Ich wu\u00dfte nicht was nun passieren sollte doch dann fa\u00dfte einer von den beiden an meinen Kiefer und dr\u00fcckte meinen Mund auf. Er hilft mit der anderen Hand meine Nase zu. Das sollte wohl hei\u00dfen das ich schlucken sollte. Ich wollte gerade anfangen sie zu blasen als beide anfingen zu pissen und zwar mitten in meinen Mund. Ich war so geschockt das ich schluckte. Es war so viel das die warme pisse an meinem K\u00f6rper herunter lief. Als die beiden fertig waren schubsten sie mich weg und gingen zu ihrer Gang zur\u00fcck die lauthals lachten. Noch 8 Karten. Die n\u00e4chsten 7 Karten verteilte ich an einzelne M\u00e4nner von denen niemand etwas wollte. Die letzen Karte brachte mir kein Gl\u00fcck es war ein alter fetter nach Fisch stinkender Mann. Er kramte in seinen Taschen und suchte die umgerechnet 10 DM mit Kleingeld zusammen. Dann kam er zu mir und ri\u00df erst einmal an meinen Brustwarzen. Es tat h\u00f6llisch weh doch er machte gleich weiter ich mu\u00dfte mich \u00fcber einen M\u00fclleimer beugen und er steckte sich seinen Zeigefinger in den Mund um ihn gleich darauf kraftvoll in meinen Arsch zu schieben. Es war das erste mal f\u00fcr mich das jemand so etwas mit mir machte. Er drehte den Finger um meinen Anus zu weiten. Dann setzte er seinen Schwanz an und fickte mich in den Arsch. Ich merkte wie mein Anus Risse bekam weil er viel zu eng war aber das war ihm egal. Nach ein paar heftigen St\u00f6\u00dfen merkte ich wie es in meinem Arsch warm und feucht wurde. Ich hatte meine Aufgabe erledigt. Er drehte sich weg und ging ohne ein Wort zu sagen. Ich fuhr weiter und wurde von meinem beiden Beobachtern aufgelesen. Ich gab ihnen das Geld und wir fuhren wortlos weiter. Ich mu\u00dfte mich im Auto anziehen und wir stiegen in den Zug ohne ein Wort zu sagen. Die beiden hatten ein Einzelabteil und wir waren ungest\u00f6rt. Als der Zug am Rollen war verschwand Frasco. Als er eine Zeit weg war sprach mich Pepe an. Es tut mir leid so weit wollte ich es nicht nun hat mein Bruder es in der Hand. Und der ist sauer, da\u00df du eben so wenig gebracht hast. Ich werde versuchen dir in Rom eine Zugkarte nach Deutschland zu kaufen. Dann will ich dich nie wieder sehen. Nur in Rom mu\u00dft du noch mitspielen sonnst kann ich die Karte nicht besorgen. Ich wollte gerade etwas erwidern als die T\u00fcr aufgezogen wurde Frasco kam mit dem Schaffner zur\u00fcck. Er sagte mir mach es ihm gut und wir k\u00f6nnen umsonst fahren. Ich nickte nur. Ich ging auf den Beamten zu und \u00f6ffnete seine Hose da sagte er etwas auf italienisch zu Franco. Woraufhin Franko zu mir sagte zieh dich aus du nutzlose Hure stell dich nackt ans Fenster er will es so und la\u00df dich von hinten ficken. Der Schaffner zog sich einen Pariser \u00fcber und fickte mich von hinten in meine Fotze. Ein paar Minuten sp\u00e4ter merke ich wie es ihm kommt. Ich lasse es \u00fcber mich ergehen. Der Schaffner sagte wieder etwas. Franco \u00fcbersetzte und setzte wieder einmal sie Videokamera an. Du sollst ich sauber Blasen und auch den Pariser auslutschen er will ihn vielleicht noch mal benutzen. Mir wurde schon schlecht bei dem Gedanken aber was sollte ich tun? Ich ging vor ihm auf die knie und zog vorsichtig den Pariser von seinem Schwanz. Dann nahm ich seinem Schwanz in dem Mund und lutschte ihn sauber ich schob auch meine Zunge unter seine Vorhut und lie\u00df sie kreisen um keinen \u00e4rger zu bekommen. Als ich mit meiner Arbeit zufrieden war nahm ich den Pariser legte meinen Kopf in den Nacken fa\u00dfte die Spitze des Parisers und lies den Saft in meinem Mund laufen um ihn zu schlucken. Dann strich ich auch die Reste mit meinen Fingern aus dem Pariser zu guter letzt zog ich ihn auf links und nahm ihn in den Mund um ihn sauber zu lutschen. So gab ich ihn zur\u00fcck. Franko nickte zufrieden und den Schaffner verschwand. Ich durfte mich wieder anziehen und etwas schlafen. Die n\u00e4chsten Stunden viel ich in einen tiefen unruhigen Schlaf. Ich wurde von Franco wachger\u00fcttelt als der Zug in den Bahnhof einfuhr. Wir stiegen aus dem Zug und wurden gleich von ein paar finsteren M\u00e4nnern empfangen. Die M\u00e4nner gaben Franko ein Paar scheine etwa \u20ac 1500,- als Pepe das sah weiteten sich entsetzt seine Augen er sprach mit seinem Bruder und verschwand. Wir gingen zu einem gro\u00dfen Van wo wir alle einstiegen. Pepe kam auch angelaufen und dr\u00fcckte mir heimlich etwas beim einsteigen in die Hand er fl\u00fcsterte mir ins Ohr mehr kann ich nicht machen fliehen mu\u00dft du schon selber. Nach ein paar Metern wurden Pepe und sein Bruder aus dem Auto gelassen. Ich f\u00fcr mit meinen neuen Besitzern noch 2 Stunden weiter. Dann wurde die T\u00fcr des Van aufgerissen und ich wurde herausgezerrt. Ich wurde hochgerissen und meine Stumpfhose zerrissen. Da drang auch schon der erste in mich ein. Die anderen standen mit bereiten schw\u00e4nzen neben mir. Ich mu\u00dfte welche abwechselnd mit dem Mund bedienen w\u00e4hrend ich schwebend gefickt wurde. Ich mu\u00dfte wieder erleben wie meine Fotze wieder und wieder mit Sperma gef\u00fcllt wurde. An Aids dachte ich schon lange nicht mehr. Nach einer Weile wurde ich einfach liegengelassen und der Anf\u00fchrer kam auf mich zu er sprach gutes deutsch. So ich habe geh\u00f6rt du bist eine von diesen zickigen deutschen Huren. Das wollen wir dir erst mal austreiben. Er rief 2 Neger zu sich die beide enorm gro\u00dfe Schw\u00e4nze hatten. Fickt sie richtig durch in alle L\u00f6cher kennt keine Gnade mal schauen ob wir sie dann morgen schon anschaffen schicken k\u00f6nnen. Da hatte ich es nun das sollte meine Zukunft sein. Eine Bordsteinschwalbe in Rom. So wollte ich nicht enden und so fa\u00dfte ich meinen Plan. Ich wollte dem Anf\u00fchrer in Sicherheit wiegen. Also begann meine Show. Die beiden schwarzen kamen auf mich zu. Erst wehrte ich mich ein wenig doch dann begann ich. Ich ging in die Knie um den ersten Schwanz zu blasen doch nicht nur das ich nahm diesen Monsterschwanz tief in den Mund und er Neger trieb ihn mir noch tiefer hinein. Ich ignorierte alle schmerzen fa\u00dfte ihn mit einer Hand an die Eier und massierte sie einen Finger steckte ich in seinen Arsch.Er wurde immer wilder und ich merkte das er bald spritzen w\u00fcrde. Der andere hatte mittlerweile seinen langen Schwanz an meine Fotze gesetzt und begann mich mit tiefen St\u00f6\u00dfen zu ficken. Bei jedem Sto\u00df merkte ich seine Eichel an meiner Geb\u00e4rmutter und doch dr\u00e4ngte ich ihm meinen Arsch entgegen. Ich h\u00f6rt den Anf\u00fchrer pfeifen schaute ihn aus den Augenwinkel an damit hatte er wohl nicht gerechnet. Doch ich mu\u00dfte jetzt weiter machen. In diesem Augenblick explodierte der Schwanz in meinem Mund ich schluckte jeden Tropfen von dem hei\u00dfen Schleim der in meine kehle spritze. Der Neger vor mir lie\u00df sich ermattet zur\u00fccksinken doch ich lie\u00df nicht von ihm ab, w\u00e4hrend der andere mittlerweile schmerzvoll meinen Arsch fickte nahm ich die Eier des anderen in den Mund. Als ich merkte das sein Schwanz nicht wieder wuchs dr\u00fcckte ich seine Beine auseinander und leckte langsam aber so tief ich konnte sein Arschloch sauber. In dem Augenblick rammte der andere noch einmal seinen Schwanz tief in meinen Arsch das ich schreien mu\u00dfte. Er spritze tief in mich hinein. Ich zog seinen Schwanz aus meinen Arsch und drehte mich um Ihn auch sofort sauber zu lecken. Ermattet blieb ich liegen der Anf\u00fchrer zog seine beiden Neger ab und sie lie\u00dfen mich allein. Nun hatte ich endlich Zeit auf die Sachen von Pepe zu schauen. Er hatte Wort gehalten &#8211; ein Ticket und ich konnte es nicht glauben auch \u20ac 1000,- waren in dem Umschlag. Ich wartete noch etwas ab und schlich mich dann aus dem Haus. Ich richtete notd\u00fcrftig meine Kleider und hatte Gl\u00fcck ein Taxi zu finden. Damit fuhr ich zu Bahnhof. Rein in den Zug und ab nach Hause. Als ich an die letzten Tage dachte glaubte ich es kaum als meine Fotze feucht wurde. Trotzdem schaltete ich ab und schlo\u00df die Augen. Eine Stunde sp\u00e4ter stand ein Schaffner im Abteil. Er l\u00e4chelte mich an und fragte nach meiner Fahrkarte ich zeigte sie und er nickte. Als er gerade aus dem Abteil gehen wollte drehte er sich noch einmal um und fragte ob ich Lust h\u00e4tte ihm einen zu blasen. Als ich Ihn verdutzt anschaute zeigte er mir folgendes.<\/p>\n<p>Hallo, i chhei\u00dfe Nicole! I ch bin ei ne Hurenfotze und habe je dem Schwanz f\u00fcr \u20ac 5,- zu dienen. Ich mu\u00df mit mi r machen lassen. Ihr k\u00f6nnt mich auch jederzeit in Deuts chland besuchen. Videos: Ni cole Bachfick * Fickweg 22 * 70769 Stuttgart alle s www.hurenfotze.de Seriennummer 0051<\/p>\n<p>Ich konnte es nicht glauben ich schaute nur auf die Seriennummer und schluckte. Ich nickte und ging vor ihm in die Knie nach 5 Minuten war ich um 5 EURO reicher. Als ich in Stuttgart ankam hatte ich \u20ac 100,- mehr in der Tasche und zu Hause auf meinem Anrufbeantworter warteten fast 100 Anrufe auf mich. Scheinbar hatte ich einen neuen Nebenjob.<\/p>\n","protected":false},"excerpt":{"rendered":"<p>Die Radtour Hallo, ich hei\u00dfe Nicole. Diese Geschichte schreibe ich weil ich sie jemanden erz\u00e4hlen mu\u00df. Mein Kollege J\u00fcrgen brachte mich auf die Idee meine Erlebnisse vom letzten Urlaub nieder zu schreiben. Erst aber mal zu mir damit Ihr etwas \u00fcber mich wi\u00dft. Ich bin 25 Jahre Alt. Ich bin mit meinen 1.55 recht klein [&hellip;]<\/p>\n","protected":false},"author":1,"featured_media":0,"parent":0,"menu_order":0,"comment_status":"open","ping_status":"open","template":"","meta":{"footnotes":""},"class_list":["post-273","page","type-page","status-publish","hentry"],"_links":{"self":[{"href":"https:\/\/ourlife4you.com\/ourlifeblog\/wp-json\/wp\/v2\/pages\/273","targetHints":{"allow":["GET"]}}],"collection":[{"href":"https:\/\/ourlife4you.com\/ourlifeblog\/wp-json\/wp\/v2\/pages"}],"about":[{"href":"https:\/\/ourlife4you.com\/ourlifeblog\/wp-json\/wp\/v2\/types\/page"}],"author":[{"embeddable":true,"href":"https:\/\/ourlife4you.com\/ourlifeblog\/wp-json\/wp\/v2\/users\/1"}],"replies":[{"embeddable":true,"href":"https:\/\/ourlife4you.com\/ourlifeblog\/wp-json\/wp\/v2\/comments?post=273"}],"version-history":[{"count":1,"href":"https:\/\/ourlife4you.com\/ourlifeblog\/wp-json\/wp\/v2\/pages\/273\/revisions"}],"predecessor-version":[{"id":274,"href":"https:\/\/ourlife4you.com\/ourlifeblog\/wp-json\/wp\/v2\/pages\/273\/revisions\/274"}],"wp:attachment":[{"href":"https:\/\/ourlife4you.com\/ourlifeblog\/wp-json\/wp\/v2\/media?parent=273"}],"curies":[{"name":"wp","href":"https:\/\/api.w.org\/{rel}","templated":true}]}}