{"id":243,"date":"2010-03-24T08:26:59","date_gmt":"2010-03-24T07:26:59","guid":{"rendered":"http:\/\/ourlife4you.com\/ourlifeblog\/?page_id=243"},"modified":"2010-03-24T08:26:59","modified_gmt":"2010-03-24T07:26:59","slug":"der-sklavenmarkt","status":"publish","type":"page","link":"https:\/\/ourlife4you.com\/ourlifeblog\/der-sklavenmarkt\/","title":{"rendered":"Der Sklavenmarkt"},"content":{"rendered":"<p>Der Sklavenmarkt<\/p>\n<p>Heute will ich meinen ersten Traum hier ver\u00f6ffentlichen: Mein Herr m\u00f6chte mich auf dem Sklavenmarkt verkaufen. Er f\u00e4hrt mit mir in die Stadt. Ich habe nur ein kurzes Leinenhemdchen an. Vor der Abfahrt hat er meine Rasur am ganzen K\u00f6rper kontrolliert. Ich soll auf dem Markt angeboten und eventuell getauscht werden. Nach ca. 30 Minuten treffen wir auf einem gro\u00dfen Platz ein, auf dem eine Vielzahl von Pf\u00e4hlen steht. Ich kann schon viele Menschen sehen, die sich um die Pf\u00e4hle scharen. An den Pf\u00e4hlen sehe ich v\u00f6llig nackte M\u00e4nner, Frauen, Jungen und M\u00e4dchen mit den Armen auf dem R\u00fccken gebunden. Alle sind haarlos und alle haben die Beine durch eine Spreizstange weit auseinander. Bei den Jungen und M\u00e4nnern kann man so die ganzen Geh\u00e4nge frei sehen, und bei den M\u00e4dchen und Frauen sind die Schamlippen ge\u00f6ffnet.<\/p>\n<p>Mein Herr zerrt mich aus dem Wagen und bringt mich zum ersten freien Pfahl. Mein Herr rei\u00dft mir mit einem Ruck das Hemd vom Leib, so dass ich v\u00f6llig nackt vor diesen fremden Menschen stehe. Da packt er mich auch schon und stellt mich r\u00fcckw\u00e4rts an den Pfahl, um den er meine Arme bindet. Mit seinem Knie zwingt er meine Beine auseinander, an deren Fu\u00dffesseln er die Spreizstange befestigt. Nun bin ich den Blicken kampflos ausgeliefert. Ich fange aber auch an, die Blicke auf meinem nackten K\u00f6rper zu genie\u00dfen. Meine kleinen Br\u00fcste fangen zu spannen an, und meine Warzen werden ganz hart auf den auch geschwollenen Warzenh\u00f6fen. Gleichzeitig f\u00fchle ich, wie ein leichter Lufthauch durch meine aufstehende M\u00f6se gleitet, wie wenn er mich lecken wollte. Ich kann sehen, wie ein ganz junger Kerl neben mir von einer \u00e4lteren Dame gewichst wird, wie wenn sie testen wollte, wie viel Sperma er gibt. Da kommt ein gro\u00dfer Kerl auf mich zu, der ohne Vorwarnung einfach seinen Mittelfinger in meine M\u00f6se steckt, wie wenn er deren Tiefe messen wollte. Ich sehe j\u00fcngere M\u00e4dchen mit noch kleineren Br\u00fcsten, aber auch \u00e4ltere Sklavinnen mit gro\u00dfen H\u00e4ngebr\u00fcsten, auf die einige Kerle besonders geil zu sein scheinen. Inzwischen werde ich auch schon von gut gekleideten Herren und Damen begrabscht und angepackt. Da kommt mein Herr zur\u00fcck und hat einen ganz jungen Sklaven mit einer sportlichen und kraftvollen Figur und einem Halsband an einer Leine. Er kommt auf uns zu und zwingt den Jungen vor mir auf die Knie. Er muss mich jetzt vor all diesen Menschen lecken. Mein Herr sagt, wenn der junge Mann dabei richtig steif wird, will er uns beide mit nach Hause nehmen, um uns zu benutzen. Da werde ich wach und bemerke, dass ich meine Hand zwischen meinen Schenkeln liegen habe und sp\u00fcre, wie feucht ich bin. Ich kann es kaum erwarten, heute Abend ins Bett zu gehen, um weiter zu tr\u00e4umen.<\/p>\n","protected":false},"excerpt":{"rendered":"<p>Der Sklavenmarkt Heute will ich meinen ersten Traum hier ver\u00f6ffentlichen: Mein Herr m\u00f6chte mich auf dem Sklavenmarkt verkaufen. Er f\u00e4hrt mit mir in die Stadt. Ich habe nur ein kurzes Leinenhemdchen an. Vor der Abfahrt hat er meine Rasur am ganzen K\u00f6rper kontrolliert. Ich soll auf dem Markt angeboten und eventuell getauscht werden. Nach ca. [&hellip;]<\/p>\n","protected":false},"author":1,"featured_media":0,"parent":0,"menu_order":0,"comment_status":"open","ping_status":"open","template":"","meta":{"footnotes":""},"class_list":["post-243","page","type-page","status-publish","hentry"],"_links":{"self":[{"href":"https:\/\/ourlife4you.com\/ourlifeblog\/wp-json\/wp\/v2\/pages\/243","targetHints":{"allow":["GET"]}}],"collection":[{"href":"https:\/\/ourlife4you.com\/ourlifeblog\/wp-json\/wp\/v2\/pages"}],"about":[{"href":"https:\/\/ourlife4you.com\/ourlifeblog\/wp-json\/wp\/v2\/types\/page"}],"author":[{"embeddable":true,"href":"https:\/\/ourlife4you.com\/ourlifeblog\/wp-json\/wp\/v2\/users\/1"}],"replies":[{"embeddable":true,"href":"https:\/\/ourlife4you.com\/ourlifeblog\/wp-json\/wp\/v2\/comments?post=243"}],"version-history":[{"count":1,"href":"https:\/\/ourlife4you.com\/ourlifeblog\/wp-json\/wp\/v2\/pages\/243\/revisions"}],"predecessor-version":[{"id":244,"href":"https:\/\/ourlife4you.com\/ourlifeblog\/wp-json\/wp\/v2\/pages\/243\/revisions\/244"}],"wp:attachment":[{"href":"https:\/\/ourlife4you.com\/ourlifeblog\/wp-json\/wp\/v2\/media?parent=243"}],"curies":[{"name":"wp","href":"https:\/\/api.w.org\/{rel}","templated":true}]}}