{"id":241,"date":"2010-03-24T08:26:24","date_gmt":"2010-03-24T07:26:24","guid":{"rendered":"http:\/\/ourlife4you.com\/ourlifeblog\/?page_id=241"},"modified":"2010-03-24T08:26:24","modified_gmt":"2010-03-24T07:26:24","slug":"der-nachbar","status":"publish","type":"page","link":"https:\/\/ourlife4you.com\/ourlifeblog\/der-nachbar\/","title":{"rendered":"Der Nachbar"},"content":{"rendered":"<p>Der Nachbar<\/p>\n<p>Es ist Samstagabend, und du bereitest dich gerade aufs Weggehen vor. Du hast bereits deine Spitzenunterw\u00e4sche und deine Strapse angezogen. Pl\u00f6tzlich klingelt es an deiner Wohnungst\u00fcr. Du ziehst dir schnell einen Bademantel \u00fcber und machst auf. Vor der T\u00fcr stehe ich, dein neuer Nachbar, und bitte dich mir mit etwas Zucker auszuhelfen. Du bittest mich herein und gehst in die K\u00fcche um den Zucker zu holen. Ich gehe dir nach und sehe dabei von hinten deine geile Figur. Ich denke mir: &#8222;Oh man, was f\u00fcr eine Frau&#8220;. Als wir in der K\u00fcche angelangt sind beginnen wir uns zu unterhalten. Dabei ber\u00fchre ich des \u00d6fteren wie zuf\u00e4llig deinen K\u00f6rper. Wir verstehen uns immer besser, und pl\u00f6tzlich stehen wir uns gegen\u00fcber und starren uns gegenseitig in die Augen. Ich nehme all meinen Mut zusammen und beginne dich zu k\u00fcssen. Nach anf\u00e4nglichem Z\u00f6gern erwiderst du meine K\u00fcsse, und wir k\u00fcssen uns immer wilder, dabei streichle ich mit einer Hand \u00fcber deinen R\u00fccken und mit der anderen durch dein Haar. Meine H\u00e4nde wandern \u00fcber deinen ganzen K\u00f6rper und ich \u00f6ffne den G\u00fcrtel deines Bademantels. Ich gleite mit meinen H\u00e4nden unter den Mantel und streichle deine Br\u00fcste, die sich noch unter einem Spitzen- BH verbergen. W\u00e4hrend ich beginne deine Nippel zu massieren, \u00f6ffnest langsam einen Knopf nach dem anderen meiner Hose. Du kannst sp\u00fcren, wie erregt ich bin. Ich streife dir jetzt deinen Bademantel ab und du stehst in deiner Unterw\u00e4sche vor mir. Der Anblick macht mich total geil. Nun \u00f6ffne ich deinen BH und beginne mit meiner Zunge deine Br\u00fcste zu liebkosen. Dabei werden deine Nippel ganz hart und erregt. Inzwischen hast du meine Hose ausgezogen und umfasst mit einer Hand meinen erregten Penis. Mit der anderen Hand kraulst du mir sanft die Eier. W\u00e4hrend meine Zunge um deine Nippel kreist, streife ich dir den Slip runter und umfasse mit festem Griff deine Pobacken. Danach gleitet eine Hand nach vorne und streichelt \u00fcber deine schon etwas feuchte Muschi. Du kniest dich jetzt vor mich hin und beginnst mit deiner Zunge um meinen steifen Schwanz zu kreisen. Dabei kraule ich mit meinen H\u00e4nden durch dein Haar. Jetzt nimmst du meinen Penis in den Mund und l\u00e4sst deine Zunge um meine Eichel kreisen. Ich st\u00f6hne leicht auf vor Erregung, da du bl\u00e4st wie ein Engel. Mit deinem geilen Zungenspiel bringst du meinen Schwanz zur H\u00f6chstform. Du spreizt jetzt etwas die Beine und beginnst mit einer Hand deine Muschi zu streicheln. W\u00e4hrend du immer heftiger meinen harten pochenden Schwanz lutschst massierst du dir selbst den Kitzler und dringst mit einem Finger in deine Muschi ein. Ich ziehe nun meinen Penis aus deinem Mund, ziehe dich zu mir hoch und k\u00fcsse dich ganz wild. Dann hebe ich dich auf und trage dich ins Wohnzimmer, wo ich dich auf die Couch setze. Ich knie mich vor dich hin spreize deine Beine und beginne die Innenseiten deiner Schenkel zu streicheln. Dabei wandern meine H\u00e4nde immer weiter in Richtung deiner Lustgrotte. Dort angekommen reibe ich mit der Handfl\u00e4che \u00fcber deine, inzwischen total feuchte Muschi und stecke dir danach zwei Finger in den Mund, damit du deinen M\u00f6sensaft schmecken kannst. Dann beginne ich mit meiner Zunge deinen Kitzler zu liebkosen, der schon ganz hart ist vor Erregung. Nun lasse ich meine Zunge um deine Schamlippen wandern und dringe danach in deine Muschi ein. Ich lasse meine Zunge wild in deiner M\u00f6se kreisen und du beginnst leicht zu st\u00f6hnen vor Erregung. Als wir ganz vertieft sind in unser Liebesspiel, \u00f6ffnet sich pl\u00f6tzlich deine Wohnungst\u00fcr und ein Bekannter von dir kommt herein. Als er uns sieht guckt er ziemlich \u00fcberrascht. Du sagst zu ihm er solle nicht solange rumstehen, sondern zu uns kommen. Er zieht sich aus und du beginnst seinen Schwanz zu wichsen und dabei seine Eichel zu lecken. Er stellt sich jetzt \u00fcber dich und beginnt dich in den Mund zu ficken, w\u00e4hrend du ihm die Eier massierst.<\/p>\n<p>Ich bin mit meiner Zunge noch immer in deiner superfeuchten Muschi und beginne nun mit einem Finger dein Poloch zu umkreisen. Ich umfasse jetzt mit meinem Mund deine ganze M\u00f6se und sauge sanft daran w\u00e4hrend ich mit dem Finger langsam in dein Poloch eindringe. Ich halte es kaum noch aus vor Erregung, und lege dich auf den Couchtisch. Ich spreize deine Beine und dringe gaaaanz langsam in dich ein. Dein Freund stellt sich \u00fcber deinen Bauch und beginnt dich zwischen den Titten zu ficken dabei ber\u00fchrst du mit deiner Zunge immer seine Eichel. Ich bin nun ganz tief in dir und lasse meinen Schwanz in dir kreisen, was dich zu lautem St\u00f6hnen hinreist. Du legst jetzt deine Beine auf meine Schultern, und ich beginne immer fester zuzusto\u00dfen. Du kannst sp\u00fcren, wie meine Eier immer auf dein Poloch schlagen. Du beginnst immer lauter zu st\u00f6hnen. Dein Freund will dich jetzt auch mal ficken, und er legt sich auf den Boden. Du setzt dich auf ihn und beginnst ihn zu reiten. Ich stelle mich vor dich hin und du nimmst meinen harten St\u00e4nder wieder in den Mund. Deine geilen Br\u00fcste beginnen wie wild zu tanzen wenn du so wild reitest. Mein Penis f\u00e4ngt an zu pochen, da du ihn so toll verw\u00f6hnst. Ich halte es nicht mehr lange aus und du f\u00e4ngst an ihn zu wichsen und zu schlecken. Meine Erregung ist kaum noch zu steigern. Du nimmst meinen Schwanz nun ganz tief in den Mund und knabberst mit deinen Z\u00e4hnen daran. Du h\u00f6rst jetzt auf deinen Freund zu reiten und beginnst dein Becken zu kreisen, was ihn ebenfalls fast zur Wei\u00dfglut bringt. Er beginnt dir nun mit seinen H\u00e4nden deine Br\u00fcste zu kneten und du f\u00e4ngst wieder an ihn wie einen wilden Hengst zu reiten. Mein Schwanz st\u00f6\u00dft jetzt ganz fest in deinen Mund und ich sp\u00fcre wie langsam w\u00e4rme in mir aufsteigt. Ich kann&#8217;s nicht mehr halten. Ich ziehe meinen Penis aus deinem Mund und du wichst ihn wieder w\u00e4hrend du auch meine Eier kraulst. Nun bin ich am ende, und spritze unter einem lauten st\u00f6hnen ab. Die ganze Ladung trifft dich ins Gesicht, und du saugst mir alles raus. Mein Saft l\u00e4uft dir \u00fcbers Gesicht und tropft auf deine Titten.<\/p>\n<p>Dein Freund verstreicht mein hei\u00dfes Sperma \u00fcber deinen Br\u00fcsten. Da ich total geil bin kann ich sofort weitermachen. Du h\u00f6rst auf deinen Freund zu reiten und setzt dich verkehrt auf ihn. Er dringt mit seinem Schwanz in deinen geilen Arsch ein und du beginnst wieder langsam zu reiten. Ich lecke jetzt wieder deine Muschi die schon vor Geilheit tropft. Deine Schamlippen sind schon total geschwollen und bei diesem Anblick kann ich nicht anders und ramme dir mein Schwert in deine geile Fotze. Ich kann sp\u00fcren wie dein Freund in deinem Arsch ist, und wir sto\u00dfen abwechselnd zu. Du f\u00e4ngst immer lauter zu st\u00f6hnen an und bist schon fast ohnm\u00e4chtig vor Geilheit. Unsere harten Schw\u00e4nze stopfen dir deine L\u00f6cher. Meine H\u00e4nde wandern zu deinen Titten und ich massiere dir deine Nippel, die schon unglaublich hart sind. Du beginnst jetzt immer lauter zu st\u00f6hnen und ich sp\u00fcre wie deine Muschi zu zucken beginnt. Mit einem lauten schrei br\u00fcllst du deine Geilheit heraus und bekommst einen super Orgasmus. Ich bin auch schon wieder soweit. Ich sto\u00dfe noch ein paar mal in deine feuchte hei\u00dfe M\u00f6se. Ich kann&#8217;s nicht mehr aushalten und spritze dir meinen Saft auf deine hei\u00dfe Fotze. Du verreibst meinen Saft \u00fcber deiner Muschi und schleckst dir dann deine Finger ab. Dein Freund ist jetzt auch soweit und spritzt dir seine Ladung mit einem lauten st\u00f6hnen ebenfalls auf deine Muschi. Es ist ein wundersch\u00f6ner Anblick, deine Muschi mit Sperma bedeckt zu sehen. Ich beuge mich zu deiner M\u00f6se und beginne sie sauber zu lecken. Es ist total geil deine glitschige Muschi mit der Zunge zu verw\u00f6hnen. Ich vergrabe mein ganzes Gesicht in deiner M\u00f6se und lecke wie wild an ihr. Deine Muschi wird immer hei\u00dfer und ich sp\u00fcre wie sie wieder zu zucken beginnt. W\u00e4hrend ich meine Zunge in deiner Fotze habe massiere ich deinen Kitzler zwischen Daumen und Zeigefinger. Dein Freund knetet deine Titten und saugt an deinen Nippel. Du h\u00e4ltst es jetzt nicht mehr aus und schreist ein paar mal hintereinander laut auf als du deinen zweiten Orgasmus bekommst. Nun sind wir alle sehr ersch\u00f6pft und liegen nebeneinander auf dem Boden.<\/p>\n","protected":false},"excerpt":{"rendered":"<p>Der Nachbar Es ist Samstagabend, und du bereitest dich gerade aufs Weggehen vor. Du hast bereits deine Spitzenunterw\u00e4sche und deine Strapse angezogen. Pl\u00f6tzlich klingelt es an deiner Wohnungst\u00fcr. Du ziehst dir schnell einen Bademantel \u00fcber und machst auf. Vor der T\u00fcr stehe ich, dein neuer Nachbar, und bitte dich mir mit etwas Zucker auszuhelfen. Du [&hellip;]<\/p>\n","protected":false},"author":1,"featured_media":0,"parent":0,"menu_order":0,"comment_status":"open","ping_status":"open","template":"","meta":{"footnotes":""},"class_list":["post-241","page","type-page","status-publish","hentry"],"_links":{"self":[{"href":"https:\/\/ourlife4you.com\/ourlifeblog\/wp-json\/wp\/v2\/pages\/241","targetHints":{"allow":["GET"]}}],"collection":[{"href":"https:\/\/ourlife4you.com\/ourlifeblog\/wp-json\/wp\/v2\/pages"}],"about":[{"href":"https:\/\/ourlife4you.com\/ourlifeblog\/wp-json\/wp\/v2\/types\/page"}],"author":[{"embeddable":true,"href":"https:\/\/ourlife4you.com\/ourlifeblog\/wp-json\/wp\/v2\/users\/1"}],"replies":[{"embeddable":true,"href":"https:\/\/ourlife4you.com\/ourlifeblog\/wp-json\/wp\/v2\/comments?post=241"}],"version-history":[{"count":1,"href":"https:\/\/ourlife4you.com\/ourlifeblog\/wp-json\/wp\/v2\/pages\/241\/revisions"}],"predecessor-version":[{"id":242,"href":"https:\/\/ourlife4you.com\/ourlifeblog\/wp-json\/wp\/v2\/pages\/241\/revisions\/242"}],"wp:attachment":[{"href":"https:\/\/ourlife4you.com\/ourlifeblog\/wp-json\/wp\/v2\/media?parent=241"}],"curies":[{"name":"wp","href":"https:\/\/api.w.org\/{rel}","templated":true}]}}