{"id":239,"date":"2010-03-13T08:38:01","date_gmt":"2010-03-13T07:38:01","guid":{"rendered":"http:\/\/ourlife4you.com\/ourlifeblog\/?page_id=239"},"modified":"2010-03-13T08:38:01","modified_gmt":"2010-03-13T07:38:01","slug":"der-heise-arsch","status":"publish","type":"page","link":"https:\/\/ourlife4you.com\/ourlifeblog\/der-heise-arsch\/","title":{"rendered":"Der hei\u00dfe Arsch"},"content":{"rendered":"<p>Der hei\u00dfe Arsch<\/p>\n<p>Das Girl stieg schwungvoll aus dem Sportwagen, sie trug ein blaues Kleid, und ihre steifen Brustwarzen stachen hinter dem Material hervor, als wollten sie auf der Stelle ausgiebig gelutscht werden. Unauff\u00e4llig begutachtete Mike ihren Hintern und entdeckte sofort ein Paar praller Backen, die der Besichtigung wert sein w\u00fcrden. Mit einem Satz war Mike aus seinem Wagen und lief auf das Haus zu. Mit kritischem Blick und zusammengepre\u00dften Lippen t\u00e4uschte er vor, nur am Gesch\u00e4ftlichen interessiert zu sein. Rita schaute ihn eingehend an, wobei eine W\u00e4rme zwischen ihren festen Schenkeln entstand, und f\u00fcr den Bruchteil einer Sekunde glaubte sie, etwas hartes schiebend zwischen ihrem zitternden Hinterbacken zu f\u00fchlen. Als sie sich gegen\u00fcberstanden, waren Worte nicht mehr notwendig. Mike lie\u00df seine Hand \u00fcber ihren hoch sitzenden Arsch fahren. Ein leichtes Keuchen kam aus ihren ge\u00f6ffneten Lippen, und in diesem Moment wu\u00dfte er genau, da\u00df er ein leichtes Spiel mit ihr haben w\u00fcrde. Sie war darauf aus, etwas w\u00fcstes in ihrem Hintern zu sp\u00fcren zu kriegen, und er war nur zu gewillt, diese Verw\u00fcstung anzurichten. Beil\u00e4ufig nickte er zum Haus hin, und zielstrebig machten sie sich auf den Weg ins Innere. Einmal in der Sicherheit des Hauses, sch\u00fcttelte Rita alle Anspannungen ab, die sich in ihr angesammelt hatten, seit sie Mike erblickt hatte. Ohne jegliches Z\u00f6gern griff sie nach unten und langte nach seiner Schwanzkuppe. In Gedanken malte sie sich aus, wie dieser Pilz ihren engen Anus durchdringen w\u00fcrde. Nat\u00fcrlich w\u00fcrde der erste Einsto\u00df trocken sein, und sie w\u00fcrde diese Konsequenz zu tragen haben. Mike beschleunigte sein Tempo und f\u00fchrte Rita zur Couch, damit er besser ihren rasanten K\u00f6rper bearbeiten konnte, denn ihr bl\u00fchender Arsch brauchte fachm\u00e4nnische Bearbeitung. Seine Z\u00e4hne hinterlie\u00dfen Spuren an ihrem krampfartig zuckenden K\u00f6rper. Sein Arm schob sich um ihren K\u00f6rper und aufw\u00e4rts, um ihre Titten anst\u00e4ndig umfassen zu k\u00f6nnen, denn er mu\u00dfte sie genau in die richtige Stellung bekommen. Er hatte noch viel Arbeit vor sich. Von diesem Moment an war es, als k\u00f6nnte Mike jeden ihrer geheimsten Gedanken erraten. Mit Leichtigkeit lie\u00df er ihr Kleid fallen, und sie stand in ihrem Strumpfhalter und ihren schwarzen Str\u00fcmpfen vor ihm. Ihre seiden umrahmte M\u00f6se gl\u00e4nzte, und er fiel auf seine Knie, um den Honig aus ihrem Inneren zu lecken. Erstaunt und h\u00f6chst erfreut gab Rita grunzende Ger\u00e4usche von sich. Bevor sie noch einmal ihre Stellung wechseln konnten, h\u00f6rten sie, wie ein Auto vor dem Haus hielt. Entsetzt versuchte Rita sich aufzurichten, aber Mike duldete nun keine Unterbrechung mehr. Er dr\u00fcckte ihren Kopf nach unten zwischen seine Beine, und Rita hatte pl\u00f6tzlich seinen h\u00e4mmernden Schwanz genau vor ihrem Mund. Es blieb ihr nichts anderes \u00fcbrig, als diesen nun in seiner ganzen L\u00e4nge zu schlucken. W\u00e4hrend sie gierig an seinem angeschwollenen Werkzeug saugte, verga\u00df sie die unmittelbare Gefahr des inzwischen geparkten Wagens. F\u00fcr sie galt im Moment lediglich, dieses strotzende St\u00fcck Fleisch zu verdauen. Sie streichelte auch seine Samen geladenen Eier, die sie unbedingt kosten mu\u00dfte, bevor sie sich wieder erheben w\u00fcrde. Unter dem Gewicht ihrer sich windenden K\u00f6rper schaukelte die Couch hin und her. Zum Gl\u00fcck war es ein stabiles St\u00fcck M\u00f6bel, das ihrem wilden Ficken standhalten w\u00fcrde. Obwohl Mike einzigartig geblasen wurde, konnte er seine Gedanken nicht von ihrem klassischen Arsch nehmen. Inzwischen war sein Schwanz bereit, tief in das Innere ihres analen Ganges zu dringen. Mit leichtem Druck gegen ihre Schultern bereitete er sie auf den Wechsel vor. Pl\u00f6tzlich merkte Rita, wie sie einfach von seiner sich biegenden Stange weggezogen wurde, was ihr \u00fcberhaupt nicht gefiel. Gerade als sie ihren Gef\u00fchlen Ausdruck geben wollte, merkte sie, wie ihre Arschbacken auseinander gezogen wurden. Sie versuchte nach hinten zu sehen, um festzustellen, was da vor sich ging, hatte aber nicht den richtigen Blickwinkel. Dann f\u00fchlte sie eine riesige hei\u00dfe Wurst tief in ihrem engen Rektum. Du lieber Gott, war das ein tolles Gef\u00fchl! Die Couch schien nun fast aus allen Fugen zu geraten, \u00e4chzte und wackelte wild umher. Mike rammte ihrem Hintern so tief wie er nur konnte mit dem Schwanz, den Rita gerade erst mit soviel Freude gelutscht hatte. Die Schmerzen waren unvorstellbar, aber jeder erneute Einsto\u00df lie\u00df ein eigenartiges Gef\u00fchl von geheimnisvoller Erregung durch ihren gesamten K\u00f6rper fahren. Mit aller Kraft und Konzentration bem\u00fchte Rita sich, ihren Arsch sch\u00f6n hochzuhalten, damit er nicht so aus dem Rhythmus kommen und so keinen der w\u00fcsten St\u00f6\u00dfe vers\u00e4umen w\u00fcrde. Noch nie zuvor hatte Rita eine derartige Genauigkeit in Sachen Sex erfahren. Nach dem gerade nun vollzogenen Wechsel fand Rita sich saugend an seinem Schwanz, w\u00e4hrend er mit gr\u00f6\u00dfter Sorgfalt seine nasse Zungenspitze suchend in ihren Hintern schob. Durch seine l\u00e4ngere Spannkraft war er in der Lage Ritas geheimste Stellen zu untersuchen, die noch nie zuvor ge\u00f6ffnet worden waren. Nach etwa f\u00fcnf Minuten war es klar, da\u00df Mike nicht daran dachte, seine \u00fcppige Ladung in ihrem Hintern zu verschie\u00dfen. er war auf mehr aus, aber Rita konnte sich im Moment nicht vorstellen, was es sein w\u00fcrde. Dann erhielt Rita, wieder ohne Warnung, eine Antwort auf ihre unausgesprochene Frage. Mit \u00fcberraschender Heftigkeit entst\u00f6pselte Mike ihren Arsch und drehte sich auf der Couch herum. Ritas zarter Arsch konnte diese saftige Invasion nicht l\u00e4nger ertragen, und obwohl sie eingeengt war, fing sie an, sich ihm zu entziehen. Mike ha\u00dfte dies und versetzte ihr einen harten Schlag auf die Backen. Das Stechen dieses Schlages w\u00fchlte ihre M\u00f6se auf und ein Strom hei\u00dfen Liebessaftes ergo\u00df sich in ihrem Inneren. Rita mu\u00dfte ihren Kopf nach hinten werfen und tief Luft holen. Dann lief sie \u00fcber! Sowie Mike merkte, da\u00df Rita gerade gekommen war, beschleunigte er seine anale Untersuchung. Ohne weiteres h\u00e4tte er nun seinen Korken fliegen lassen k\u00f6nnen, aber er hatte noch vieles vor. Da war noch viel Fickerei in diesem schicken Hintern zu tun und dazu wollte er sein Werkzeug so steif wie nur m\u00f6glich haben, und zwar w\u00e4hrend der ganzen Zeit. Er klopfte leicht auf ihren Hintern, griff nach unten und zog seinen Schwanz heraus. Ein Tag hat schlie\u00dflich viele Stunden.<\/p>\n","protected":false},"excerpt":{"rendered":"<p>Der hei\u00dfe Arsch Das Girl stieg schwungvoll aus dem Sportwagen, sie trug ein blaues Kleid, und ihre steifen Brustwarzen stachen hinter dem Material hervor, als wollten sie auf der Stelle ausgiebig gelutscht werden. Unauff\u00e4llig begutachtete Mike ihren Hintern und entdeckte sofort ein Paar praller Backen, die der Besichtigung wert sein w\u00fcrden. Mit einem Satz war [&hellip;]<\/p>\n","protected":false},"author":1,"featured_media":0,"parent":0,"menu_order":0,"comment_status":"open","ping_status":"open","template":"","meta":{"footnotes":""},"class_list":["post-239","page","type-page","status-publish","hentry"],"_links":{"self":[{"href":"https:\/\/ourlife4you.com\/ourlifeblog\/wp-json\/wp\/v2\/pages\/239","targetHints":{"allow":["GET"]}}],"collection":[{"href":"https:\/\/ourlife4you.com\/ourlifeblog\/wp-json\/wp\/v2\/pages"}],"about":[{"href":"https:\/\/ourlife4you.com\/ourlifeblog\/wp-json\/wp\/v2\/types\/page"}],"author":[{"embeddable":true,"href":"https:\/\/ourlife4you.com\/ourlifeblog\/wp-json\/wp\/v2\/users\/1"}],"replies":[{"embeddable":true,"href":"https:\/\/ourlife4you.com\/ourlifeblog\/wp-json\/wp\/v2\/comments?post=239"}],"version-history":[{"count":1,"href":"https:\/\/ourlife4you.com\/ourlifeblog\/wp-json\/wp\/v2\/pages\/239\/revisions"}],"predecessor-version":[{"id":240,"href":"https:\/\/ourlife4you.com\/ourlifeblog\/wp-json\/wp\/v2\/pages\/239\/revisions\/240"}],"wp:attachment":[{"href":"https:\/\/ourlife4you.com\/ourlifeblog\/wp-json\/wp\/v2\/media?parent=239"}],"curies":[{"name":"wp","href":"https:\/\/api.w.org\/{rel}","templated":true}]}}