{"id":235,"date":"2010-03-13T08:36:41","date_gmt":"2010-03-13T07:36:41","guid":{"rendered":"http:\/\/ourlife4you.com\/ourlifeblog\/?page_id=235"},"modified":"2010-03-13T08:36:41","modified_gmt":"2010-03-13T07:36:41","slug":"der-geburtstag-von-anne","status":"publish","type":"page","link":"https:\/\/ourlife4you.com\/ourlifeblog\/der-geburtstag-von-anne\/","title":{"rendered":"Der Geburtstag von Anne"},"content":{"rendered":"<p>Der Geburtstag von Anne<\/p>\n<p>Anne war gerade 16 Jahre alt geworden, als das folgende geschah, was in den n\u00e4chsten Zeilen beschreiben wird. Es war genau an ihrem Geburtstag. Anne&#8217;s Eltern waren zu diesem Zeitpunkt im Urlaub auf den Canarischen Inseln. Sie hatten Anne versprochen, da\u00df sie im elterlichen Haus feiern darf, aber nur unter der Bedingung, da\u00df alle G\u00e4ste wieder nach Hause fahren und da\u00df es vor allem keinen Alkohol gibt. Auf der Geburtstagsfeier waren ungef\u00e4hr 15 Leute. Es waren haupts\u00e4chlich Jungs und M\u00e4dchen aus ihrer Klasse. Und da waren da noch Sven und Kai. Sven war bereits 18, Kai war wie Anne 16 Jahre alt. und Anne hatte sie ein paar Wochen zuvor im st\u00e4dtischen Jugendtreff kennengelernt. Die beiden hielten sich nat\u00fcrlich nicht an obige Abmachung und hatten reichlich Tequila mitgebracht. Anne hatte sich f\u00fcr diesen Tag besonders h\u00fcbsch angezogen, denn sie wollte vor allem Kai gefallen, den sie besonders s\u00fc\u00df fand. Sie hatte bisher noch nie einen Freund gehabt und au\u00dfer ein paar zaghaften Masturbationsversuchen hatte Anne bisher auch keinerlei sexuelle Erfahrung gemacht. W\u00e4hrend des abends plauderte sie h\u00e4ufig mit Kai und es hatte den Anschein, da\u00df auch Kai nicht von ihr abgeneigt war. Au\u00dferdem sp\u00fcrte sie seine Blicke auch dann, wenn sie mit anderen Leuten quatschte. Wie gesagt hatte die beiden Jungs Alkohol mitgebracht und die Tequilaflaschen machten h\u00e4ufig die Runde. Anne sp\u00fcrte schon nach einiger Zeit, da\u00df ihr das Zeug in den Kopf stieg. Gegen Mitternacht verlie\u00dfen die meisten G\u00e4ste Anne&#8217;s Geburtstagsparty, einigen ging es nach dem Tequila dabei nicht sonderlich gut. Etwa 1 Uhr waren Kai und Sven die einzigen, die noch da waren. Sven hatte kaum etwas von den mitgebrachten Sachen getrunken, aber Kai umso mehr. Auch Anne war sehr benebelt und wollte eigentlich nur noch schlafen. Sven war aber noch sehr aktiv und schlug vor, doch ein paar Gesellschaftsspiele zu machen, bei denen man sich n\u00e4her kennenlernt. &#8222;La\u00dft uns doch Flaschendrehen spielen&#8220; schlug er vor. Er holte eine der leeren Tequilaflaschen und beschlo\u00df, da\u00df jeder, zu dem die Flaschen\u00f6ffnung zeigt, eine Frage der beiden anderen Mitspieler beantworten mu\u00df, egal aus welchem Bereich. Kai und Anne willigten ein und so spielten die 3 ein paar Runden. Dabei ging es anfangs nur um belanglose Sachen wie Schule, Tr\u00e4ume, Zukunft usw.. Dann folgten Fragen nach Anne&#8217;s K\u00f6rbchengr\u00f6\u00dfe (Anne: &#8222;Leider nur 70A&#8220;) sowie nach L\u00e4nge der Schw\u00e4nze der beiden Kerle. Nach einer Weile schlug Sven eine \u00c4nderung der Spielregeln vor. Jeder soll anstatt eine Frage zu beantworten ein Kleidungsst\u00fcck ausziehen. Hat jemand kein Kleidungsst\u00fcck mehr, wird eine Aktion verlangt. &#8222;Da mache ich nicht mit!&#8220; sagte Anne, aber da neben Sven auch Kai daf\u00fcr war, war eine Mehrheit perfekt, was Anne dank des Alkohols wohl \u00fcberzeugte. Als erstes verlor Sven und er zog sich daraufhin erstmal seine Schuhe aus. Dann folgte Anne, die dummerweise weder Schuhe noch S\u00f6ckchen anhatte und somit mu\u00dfte sie sich gleich ihrer Jeans entledigen. Sven grinste sie dabei an, w\u00e4hrend sich Anne die Hose abstreifte. Danach verlor wieder Sven, der nun ebenfalls seine Jeans auszog und nun in Boxershorts in der Runde sa\u00df. Das gleiche geschah auch mit Kai. Nun war wieder Anne an der Reihe und ihr blieb nichts anderes \u00fcbrig, als ihr T-shirt auszuziehen. &#8222;Aber ihr dreht euch um w\u00e4hrend ich mich ausziehe!&#8220; befahl Anne. Dann setzte sie sich wieder auf den Fu\u00dfboden und versuchte dabei, ihre kleinen Br\u00fcste mit einem Arm zu bedecken. Sven hatte inzwischen wieder eine volle Flasche Tequila gebracht, die sie nach und nach ebenfalls leerte. Anne wurde mittlerweile scheinbar alles egal. &#8222;Sollen sie mich ruhig so sehen&#8220; dachte sie sich. Nach ein paar Runden, die die Jungs verloren, sa\u00df alle nur noch im Slip bzw. in Shorts da. Dann verlor erneut Anne, die nun ihren wei\u00dfen Slip ausziehen mu\u00dfte. Sie sch\u00e4mte sich m\u00e4chtig, als sie zaghaft ihren Slip herunterzog. Sven und Kai dagegen grinsten umso mehr, denn nun sahen sie die 16-j\u00e4hrige nackt vor sich stehen. Ihr Scho\u00df zeigte nur einige wenige Schamhaare und man konnte genau ihren Spalt sehen. Mit hochrotem Kopf, setzte sich Anne wieder und hatte mittlerweile gro\u00dfe M\u00fche, dem weiteren Spiel zu folgen. Die Beulen in den Shorts der beiden Jungs dagegen waren nicht zu \u00fcbersehen. Als Sven verlor, kam sein bestes St\u00fcck zum Vorschein, welches gut und gern 20cm lang war. Anne hatte bisher nur das Glied ihres Vaters gesehen, als dieser beim Duschen mal das Bad nicht verschlossen hatte, aber das war lange nicht so gro\u00df. Kai&#8217;s Schwanz war ein ganzes St\u00fcck kleiner als das von Sven, allerdings war Kai beschnitten, so da\u00df man seine rote Eichel deutlich sehen konnte. Von nun an folgten Taten. Als erstes durfte Kai Anne&#8217;s Br\u00fcste k\u00fcssen. Das tat er so gut, da\u00df ihre Brustwarzen richtig hart wurden. Danach sollte Anne Sven&#8217;s Schwanz massieren. Er zeigte ihr dabei, wie es ihm am meisten gefiel und auch Anne war begeistert von dem St\u00f6hnen, welches sie ihm durch die Massage entlockte. Dann verlor Sven und Anne befahl ihm, er solle Kai doch einen runterholen. Kai protestierte, da er noch nie von einem Jungen angefa\u00dft worden ist. &#8222;Spiel ist Spiel&#8220; sagte Anne und lachte dabei schelmisch. W\u00e4hrend Sven mit Kai&#8217;s Schwanz besch\u00e4ftigt war, schaute dieser sich genau Anne an, die jetzt mit leicht ge\u00f6ffneten Beinen vor ihm sa\u00df. Dabei glaubte er sogar etwas feuchtes zwischen ihren wenigen Schamhaaren erkennen zu k\u00f6nnen. Diese Vorstellung gab ihm dem Rest und mit einem lauten &#8222;JJaaaaa!!&#8220; spritze Kai eine heftige Ladung ab. Einige Tropfen landeten dabei sogar auf Anne&#8217;s Bauch, die davon \u00fcberrascht wurde. Noch nie hatte sie Sperma gesehen. Neugierig strich sie \u00fcber die wei\u00dfe Fl\u00fcssigkeit und roch daran. Da Anne die n\u00e4chste Runde verlor, mu\u00dfte sie sich im Bad von Sven all ihre Schamhaare abrasieren lassen. Sven war dabei sehr vorsichtig, um sie nicht zu verletzen. Scheinbar aus Versehen streifte er dabei \u00fcber ihren Kitzler, der dadurch hervorlugte und Sven strich immer wieder &#8222;zuf\u00e4llig&#8220; dar\u00fcber. Dies entfachte in Anne&#8217;s Unterleib Gef\u00fchle, die sie bisher nur davon kannt, wenn sie sie nachts selbst mal streichelte. Auch die n\u00e4chste Runde verlor sie, was sie aber nicht bereute, da Kai sie jetzt lecken sollte. Anne legte sich auf den Fu\u00dfboden und spreizte weit ihre Beine. Die beiden Jungs hatte nun einen herrlichen Blick auf ihr rasiertes, m\u00e4dchenhaft wirkendes Geschlecht. Kai hatte &#8211; wie auch Anne &#8211; kaum sexuelle Erfahrungen gemacht. Somit befolgte er den Anweisungen von Sven. Z\u00e4rtlich leckte er an ihrem Kitzler, der es ihm dankte und anschwoll. Dann fuhr er ihr mit der Zunge durch ihren Spalt. Zum ersten Mal in seinem Leben schmeckte Kai den Saft einer Frau, der nun heftig aus Anne str\u00f6mte. Gen\u00fc\u00dflich saugte er ihre S\u00e4fte auf. Anne lag mit geschlossenen Augen da und lie\u00df einfach nur geschehen. Sven sa\u00df neben ihr und zwirbelte ihre harten Brustwarzen w\u00e4hrend er Kai Anweisungen gab. &#8222;Jetzt steck ihr vorsichtig einen Finger rein und leck sie dabei weiter!&#8220; fl\u00fcsterte er. Kai tat wie man ihm sagte und schob langsam seinen Mittelfinger in ihre hei\u00dfe Grotte, ohne dabei von ihrem Kitzler abzulassen. Anne hatte Gef\u00fchle, die sie noch nie zuvor versp\u00fcrt hatte. Kai bewegte seinen Finger hin und her. &#8222;Es geht nicht tiefer!&#8220; sagte er zu Sven. &#8222;Das ist gut, denn dann ist unsere kleine Maus noch Jungfau!&#8220; grinste er. &#8222;Aber wir wollen uns ja nicht streiten, wer sie entjungfern darf, oder?&#8220; Mit diesen Worten verschwand er in der K\u00fcche und kam kurz darauf mit einer Gurke zur\u00fcck. &#8222;Die hat optimale Ma\u00dfe!&#8220; sagte Sven. Kai leckte weiter an Anne&#8217;s Kitzler, w\u00e4hrend er mit seinen Fingern ihre Schamlippen fa\u00dfte und soweit wie m\u00f6glich auseinanderzog. Sven sah das zarte, pinkfarbene, feuchte Fleisch und war kaum noch zu halten. Man konnte genau ihren Schlund sehen, an den Sven jetzt ein Ende der Gurke ansetzte. &#8222;Weiterlecken!&#8220; befahl er leise w\u00e4hrend er vorsichtig die Gurke bewegte. Anne&#8217;s kleine Schamlippen umklammerten den Eindringling regelrecht. Nach 2-3cm stie\u00df er auf Widerstand. Mit einem kurzen, pl\u00f6tzlichen Ruck nahm er ihre Jungfr\u00e4ulichkeit und schob die Gurke mindestens 15cm tief in Anne&#8217;s Leib. &#8222;AAHHHHH!!!&#8220; schrie Anne auf und sofort rollten ihr ein paar Tr\u00e4nen \u00fcber ihre Wangen aber gleich begann sie wieder zu st\u00f6hnen denn Sven war dabei, die Gurke immer wieder rauszuziehen, umso daraufhin noch tiefer in ihren Kanal zu schieben. Kai leckte sie dabei unaufh\u00f6rlich und sah dabei genau, da\u00df neben ihrem Fotzenschleim auch etwas Blut an der Gurke haftete. Nach weiteren St\u00f6\u00dfen und Zungenschl\u00e4gen an ihren Kitzler war es um Anne geschehen. Ihre Unterleib b\u00e4umte sich auf, schob sich der Gurke regelrecht entgegen und Anne kam mit einem lauten &#8222;UUUAAARRGGGHHHH!!!&#8220;. Sven zog daraufhin die Gurke aus ihrem K\u00f6rper auch Kai h\u00f6rte auf, sie mit seiner Zunge zu bearbeiten. Ihr jungfr\u00e4ulicher Kanal blieb regelrecht offen und beiden geilen Kerle konnten tief in sie hineinschauen. Sven hielt es nicht mehr aus und rammte ihr ihne Warnung seinen Schwanz in den Leib. Anne wu\u00dfte schon gar nicht mehr, wie ihr geschah. Sein Glied war so gro\u00df, da\u00df er ein paar mal an ihren Muttermund stie\u00df, was Sven besonders ant\u00f6nte und Anne bald die Besinnung raubte. &#8222;OHHH JJJAAAA, du bist so eng, meine kleine Anne, komm&#8216; la\u00df&#8216; dich richtig durchficken!&#8220; st\u00f6hnte Sven. Kai hockte neben den beiden und bearbeitete seinen eigenen Schwanz w\u00e4hrend er Anne&#8217;s Br\u00fcstchen knetete. &#8222;Jetzt bist du an der Reihe, Kai!&#8220; sagte Sven und zog mit einem Mal seinen Schwanz aus Anne. Kai schob sofort sein Glied in Anne. Noch nie hatte er solche Gef\u00fchle versp\u00fcrt und er war wie benommen von der Hitze und n\u00e4sse ihrer Lustgrotte. &#8222;Ja, la\u00df dich in deine kleine Muschi ficken, Anne, das ist so geil!&#8220; schnaubte Kai. Doch Anne sp\u00fcrte ihn kaum in sich, da sein Schwanz bedeutend kleiner war als der von Sven. &#8222;MEHR!&#8220; st\u00f6hnte sie &#8222;Ich will mehr davon!&#8220; &#8222;Leg dich auf mich!&#8220; befahl ihr Sven, der sich auf den R\u00fccken gelegt hatte. Anne begab sich auf alle viere und legte sich so \u00fcber Sven. Ihr Br\u00fcste hingen noch nicht einmal herab, so klein waren sie noch, nur ihre harten Nippel zeichneten sich von ihrem K\u00f6rper ab und Sven saugte sofort daran, was Anne wieder ein zufriedenes St\u00f6hnen entlockte. Dann umfa\u00dfte Sven ihre H\u00fcften und hob sie auf seinen Schwanz. Es sah aus, als w\u00f6llte er Anne mit seinem harten Pfahl regelrecht aufspie\u00dfen. Immer heftiger rammte er ihr seinen Schwanz in den Leib bis er nach ein paar weiteren kr\u00e4ftigen St\u00f6\u00dfen sein Sperma in ihren M\u00e4dchenk\u00f6rper pumpte. Anne sp\u00fcrte, wie die hei\u00dfe Ladung an ihren Muttermund spritzte und auch sie kam noch einmal. Sven pumpte soviel in ihren Leib, da\u00df es regelrecht aus ihr herausquoll, als er sein Glied aus ihr herauszog. Anne blieb auf Sven liegen und war \u00fcberrascht, als sie pl\u00f6tzlich Kai&#8217;s Hand an ihren Schamlippen sp\u00fcrte. Kai strich ihr immer wieder von hinten durch die Beine \u00fcber ihr Geschlecht und verteilte das herauslaufende Sperma an ihren Schenkel und ihrem Po. Dann sp\u00fcrte sie Kai&#8217;s Finger an ihrer Rosette. Er verteilte immer mehr des Saftes um das rosa L\u00f6chlein und machte es damit immer geschmeidiger. Dann bohrte er langsam seinen Mittelfinger in ihren Po, w\u00e4hrend Sven ihre Pobacken mit seinen kr\u00e4ftigen H\u00e4nden auseinander zog. Kai fickte sie mit seinem Finger regelrecht durch. Bereits seinen ganzen Finger hatte er in sie gebohrt. Anne wurde von geilen Gef\u00fchlen durchstr\u00f6mt. Nie h\u00e4tte sie sich tr\u00e4umen lassen, da\u00df sie soetwas mal zulassen w\u00fcrde, und jetzt w\u00f6llte sie am liebsten gar nicht mehr darauf verzichten. &#8222;Nun nimm sie endlich!&#8220; sagte Sven. Kai zog seinen Finger heraus und setzte seine Eichel an ihr Poloch. Dann schob er sanft seinen Schwanz in ihren Po. Dabei kam ihm zugute, da\u00df sein Teil viel kleiner war, als das von Sven. Somit konnte er ziemlich leicht eindringen. &#8222;WAHNSINN!&#8220; dachte er sich, bis gestern noch nie eine Frau gev\u00f6gelt und jetzt schon anal! Rhythmisch bewgte er sich vor und zur\u00fcck w\u00e4hrend Sven ihre Pobacken auseinanderzog. Er hatte mittlerweile ebenfalls wieder eine Erektion bekommen und seine m\u00e4chtige Eichel zuckte bereits vor Anne&#8217;s Eingang. Er konnte nicht anders und stie\u00df einfach zu. Die beiden Kerle fickten jetzt Anne in beide L\u00f6cher und pa\u00dften ihre Fickbewegungen einander an. Anne war schon fa\u00dft ohnm\u00e4chtig und glaubte zu zerrei\u00dfen, doch es war so geil! &#8222;JJJAAAA, MEEHHRR; UUUHHHH, UUAAARRGGHHH!&#8220; schrie sie. Kai sp\u00fcrte bei jedem Sto\u00df, wie auch Sven heftig zustie\u00df, denn ihre Schw\u00e4nze waren nur durch ein d\u00fcnnen H\u00e4utchen voneinander getrennt. Nach wenigen St\u00f6\u00dfen kam es beiden Jungs und als Anne die hei\u00dfen S\u00e4fte in ihren Darm und ihren wundgeriebenen Kanal spritzen sp\u00fcrte schrie auch sie ihren Orgasmus laut heraus. Es war der dritte in dieser Nacht und der dritte in ihrem Leben. Dann kollabierte ihr K\u00f6rper regelrecht. Die drei schliefen auf dem Fu\u00dfboden ein. Am folgenden Morgen wachte Anne allein auf. Die Jungs hatten sich schon aus dem Staub gemacht. Die Luft roch noch nach Alkohol, Schwei\u00df und Sperma. Auf dem Fu\u00dfboden waren etwas Blut und wei\u00dfe Flecken zu sehen. Anne griff sich in den Scho\u00df. Alles schmerzte und noch immer quoll Sperma aus ihr heraus. Auf dem Tisch lag ein Zettel, auf dem stand: &#8222;Happy birthday, Kleine FRAU, wir hoffen es war dein sch\u00f6nstes Geburtstagsgeschenk. Du wirst es nie vergessen! &#8211; Ciao!&#8220; Anne hat die beiden zwar sp\u00e4ter wiedergetroffen, aber sie haben nie \u00fcber das Geschehene gesprochen. Mittlerweile hat Anne einen Freund. Der ahnt allerdings von alldem nicht einmal etwas. Und ihr Sex ist auch nicht so ausgeflippt. Anne wird das alles nie vergessen &#8211; wollen!<\/p>\n","protected":false},"excerpt":{"rendered":"<p>Der Geburtstag von Anne Anne war gerade 16 Jahre alt geworden, als das folgende geschah, was in den n\u00e4chsten Zeilen beschreiben wird. Es war genau an ihrem Geburtstag. Anne&#8217;s Eltern waren zu diesem Zeitpunkt im Urlaub auf den Canarischen Inseln. Sie hatten Anne versprochen, da\u00df sie im elterlichen Haus feiern darf, aber nur unter der [&hellip;]<\/p>\n","protected":false},"author":1,"featured_media":0,"parent":0,"menu_order":0,"comment_status":"open","ping_status":"open","template":"","meta":{"footnotes":""},"class_list":["post-235","page","type-page","status-publish","hentry"],"_links":{"self":[{"href":"https:\/\/ourlife4you.com\/ourlifeblog\/wp-json\/wp\/v2\/pages\/235","targetHints":{"allow":["GET"]}}],"collection":[{"href":"https:\/\/ourlife4you.com\/ourlifeblog\/wp-json\/wp\/v2\/pages"}],"about":[{"href":"https:\/\/ourlife4you.com\/ourlifeblog\/wp-json\/wp\/v2\/types\/page"}],"author":[{"embeddable":true,"href":"https:\/\/ourlife4you.com\/ourlifeblog\/wp-json\/wp\/v2\/users\/1"}],"replies":[{"embeddable":true,"href":"https:\/\/ourlife4you.com\/ourlifeblog\/wp-json\/wp\/v2\/comments?post=235"}],"version-history":[{"count":1,"href":"https:\/\/ourlife4you.com\/ourlifeblog\/wp-json\/wp\/v2\/pages\/235\/revisions"}],"predecessor-version":[{"id":236,"href":"https:\/\/ourlife4you.com\/ourlifeblog\/wp-json\/wp\/v2\/pages\/235\/revisions\/236"}],"wp:attachment":[{"href":"https:\/\/ourlife4you.com\/ourlifeblog\/wp-json\/wp\/v2\/media?parent=235"}],"curies":[{"name":"wp","href":"https:\/\/api.w.org\/{rel}","templated":true}]}}