{"id":231,"date":"2010-01-03T18:33:43","date_gmt":"2010-01-03T17:33:43","guid":{"rendered":"http:\/\/ourlife4you.com\/ourlifeblog\/?page_id=231"},"modified":"2010-01-03T18:33:43","modified_gmt":"2010-01-03T17:33:43","slug":"der-besuch-von-andrea","status":"publish","type":"page","link":"https:\/\/ourlife4you.com\/ourlifeblog\/der-besuch-von-andrea\/","title":{"rendered":"Der Besuch von Andrea"},"content":{"rendered":"<p>Der Besuch von Andrea<\/p>\n<p>Am vergangenen Wochenende kam mal wieder die beste Freundin meiner Frau zu uns zu Besuch. Sie hei\u00dft Andrea, ist 26 Jahre alt, hat (tolle) schulterlange rotblonde Haare, blaue Augen und auch sonst einen passablen Body. Sie ist gegen Nachmittag gekommen. Wir haben dann alle drei gemeinsam Kaffee getrunken und sind dann noch ein wenig in die Stadt gegangen. Gegen Abend gingen wir in einem netten Restaurant essen. Dabei wurde auch sehr guter und sehr viel Wein getrunken. Es war so gegen 23 Uhr, wir zahlten und lie\u00dfen uns von einem Taxi nach Hause fahren. Dort angekommen, richtete meine Frau ihrer Freundin ein Nachtlager auf der Couch im Wohnzimmer her. Ich bin gleich ins Bad gegangen und habe mich f\u00fcrs Bett fertig gemacht. Dann bin ich ins Schlafzimmer gegangen und habe mich schon ins Bett gelegt. Als meine Frau herein kam, war ich schon am einschlafen und murmelte nur noch ein m\u00fcdes &#8222;Gute Nacht&#8220;. Der viele Wein hat da sicher einen gro\u00dfen Anteil dran gehabt. Denn sonst h\u00e4tte ich es jetzt bestimmt noch mit meiner Frau getrieben. Ich wachte auf und mu\u00dfte erst einmal einen Augenblick \u00fcberlegen. Da fiel mir der vergangene Abend wieder ein und das wir ja Besuch hatten. Ich schaute auf die Uhr. Es war 3:15 Uhr. Ich stand auf und ging ins Bad. Dann dachte ich mir, dass ich eigentlich mal schauen k\u00f6nnte, was Andrea jetzt macht. Ich ging also ins Wohnzimmer. Sie lag auf der Couch und schlief. Sie atmete ganz ruhig. Ich ging zu ihr hin und kniete mich vor sie auf den Teppich. Die Decke, mit der sie sich zugedeckt hatte, war runter gerutscht und bedeckte ihren K\u00f6rper nur noch ab Bauchnabel. Ich machte eine kleine Lampe an und sah, dass unter ihrem T-Shirt, das sie noch an hatte, zwei sch\u00f6ne Br\u00fcste zu sein schienen. Ich konnte mich nicht zur\u00fcckhalten und griff nach einer Brust. Sanft streichelte ich sie und wartete auf eine Reaktion von Andrea. Aber nichts geschah. Ich schob meine Hand unter ihr T-Shirt, griff wieder an die gleiche Brust und streichelte sie nun etwas h\u00e4rter. Jetzt reagierte Andrea. Sie streckte sich, so als wolle sie sagen, das tut aber gut. Ich ging von der einen Brust mit einer langsamen Bewegung \u00fcber ihren Bauch zur anderen Brust und streichelte auch diese ein wenig. Die Nippel stellten sich auf und wurden hart. Sie schlug etwas verschlafen die Augen auf. Hallo, was machst du denn hier, fragte sie mich und l\u00e4chelte mich an. Ich streichle dich und hoffe, dass dir das gef\u00e4llt. Ja, sagte sie, das gef\u00e4llt mir sehr gut. Aber wir sind nicht alleine. Doch, sagte ich. Meine Frau schl\u00e4ft. Aber sie kann jeden Moment kommen, erwiderte Andrea. Das w\u00fcrde mich auch nicht st\u00f6ren, sagte ich und glitt auch noch mit der zweiten Hand unter Andreas T-Shirt. Ich knetete beide Br\u00fcste und k\u00fc\u00dfte sie leidenschaftlich. Mit einer Hand ging ich nun nach unten in Richtung magisches Dreieck und glitt sanft in ihren Slip. Sie spreizte die Beine und lie\u00df mich gew\u00e4hren. Ich bemerkte, dass sie schon feucht war. Das war f\u00fcr mich das Zeichen, dass ich sie jetzt nehmen darf. Ich zog ihr den Slip aus, legte ein Bein auf die Lehne der Couch und stellte das andere sanft auf den Boden, so dass ihre Schenkel jetzt sch\u00f6n weit gespreizt waren. Ich kniete mich zwischen ihre weiten Schenkel und begann, mit meiner Zunge ihr Loch zu lecken. Sie pre\u00dfte mir ihr Becken so heftig entgegen, dass ich teilweise richtig nach Luft schnappen mu\u00dfte. Dann sagte sie pl\u00f6tzlich, ich will auch mal naschen, gib mir doch auch mal was. Ich stand auf, ging zu ihrem Kopfende und spreizte meine Beine \u00fcber ihr bis ich \u00fcber ihr kniete. Mein Schwanz hing genau vor ihren Augen. Da ich im Bett nichts an habe, brauchten wir uns nicht mit dem Aus ziehen aufzuhalten. Ich nahm mich wieder ihrer Muschi an. Sie ging mit beiden H\u00e4nden an meinen H\u00fcften entlang auf meinen R\u00fccken und hielt sich dort fest. Meinen Schwanz nahm sie in den Mund und saugte ihn fest an. Das war ein wahnsinniges Gef\u00fchl. Sie bearbeitete meinen Schwanz nur mit der Zunge und den Lippen, lie\u00df ihre H\u00e4nde ganz aus dem Spiel. Nach einer Weile, ich wei\u00df nicht wieviel Zeit vergangen war, sagte sie, sie wolle mich jetzt sp\u00fcren. Gern, sagte ich. Ich w\u00fcrde dich gerne von hinten nehmen. Das mag ich auch gerne, sagte Andrea. Wir standen beide vom Sofa auf. Sie zog sich zun\u00e4chst ihr T-Shirt aus und zog mir dann auch noch meines aus. Dann kniete sie sich auf die Couch und forderte mich auf, auch zu ihr zu kommen. Ich lie\u00df mir das nicht zweimal sagen und kniete mich hinter Andrea. Ich nahm meinen Schwanz in die Hand und f\u00fchrte ihn ihr langsam ein. Sie st\u00f6hnte leise auf und fl\u00fcsterte, dass ihr das wahnsinnig gut tut. Ich fa\u00dfte sie mit beiden H\u00e4nden bei den H\u00fcften und fing an, sie sanft zu ficken. Sie kam mit einer Hand zwischen ihren Beinen durch und griff nach meinem Sack. Als sie ihn endlich hatte fing sie an ihn heftig zu kneten. Da ging pl\u00f6tzlich das Licht im Wohnzimmer an. Wir beide erschraken und schauten etwas benebelt in Richtung Wohnzimmert\u00fcr. Vor uns stand meine Frau. Na das schmeckt mir ja, sagte sie, meine beste Freundin hier durchficken, was. Ich wu\u00dfte nicht was, ich darauf hin sagen sollte. Da sagte Andrea schon zu ihr, sei keine Spielverderberin und mach mit. Warum eigentlich nicht, sagte meine Frau und kam zu uns. Ich war \u00fcber diese Reaktion doch etwas erstaunt. Sagte aber immer noch nichts. Sie zog den Couchtisch weg, damit sie besser an uns ran kam. Dann kam sie zu mir und k\u00fc\u00dfte mich wild. Mit einer Hand ging ich ihr zwischen die Beine und bemerkte, dass sie auch schon etwas feucht war. Da sie im Bett auch meistens nur ein Unterhemd an hatte, brauchte ich sie nicht weiter auszuziehen. W\u00e4hrend wir uns nun wild und leidenschaftlich k\u00fc\u00dften und ich mit einem Finger in sie eingedrungen war, \u00fcbernahm Andrea f\u00fcr mich das Ficken. Sie bewegte sich hing und her und lie\u00df meinen Schwanz so in einem gleichm\u00e4\u00dfigen Rhythmus in sich rein und raus fahren. Ich fragte meine Frau ob sie auch mal ran wolle. Ja klar, antwortete sie. So wechselten Andrea und sie die Pl\u00e4tze, und ich fing an Andrea mit meiner Zunge aufzureizen, w\u00e4hrend sich meine Frau meinen Schwanz einf\u00fchrte. Nach einer Weile meinte Andrea, dass sie gerne mal meine Frau gemeinsam mit mir vernaschen w\u00fcrde. Wie meinst du das, fragte ich Andrea. Sie wandte sich meiner Frau zu und forderte sie auf, sich auf den Couchtisch zu legen. Etwas widerwillig tat sie das. Andrea kniete sich zwischen ihre Beine und spreizte sie weit auseinander. Dann fing sie an, ihr Loch auszulecken. Ich wei\u00df, dass meine Frau noch nie von einer Frau geleckt wurde und war erstaunt, dass sie es so einfach geschehen lie\u00df. Steck ihr deinen Schwanz in den Mund, forderte Andrea mich auf. Ich ging zum Kopfende meiner Frau und schob ihr den Schwanz zwischen die Lippen. Gen\u00fc\u00dflich nahm sie ihn auf und fing wie wild an ihn zu lecken und zu wichsen. Andrea leistete ganze Arbeit. Es dauerte nur wenige Minuten, da entfuhr meiner Frau ein lautes St\u00f6hnen. Mit den Worten &#8218;mir geht einer ab&#8216; b\u00e4umte sie sich auf dem Couchtisch auf und ergo\u00df sich in Andreas Mund. Andrea erhob sich und sagte zu ihr, dass sie jetzt das gleiche mit ihr machen solle. Meine Frau h\u00fcpfte vom Couchtisch und Andrea nahm ihren Platz ein. Ich schob nun Andrea meinen Schwanz in den Mund, w\u00e4hrend meine Frau ihr die Muschi ausleckte. Bei Andrea dauerte es wesentlich l\u00e4nger, bis meine Frau es geschafft hatte, ihr einen Orgasmus zu entlocken. Andrea hatte es mittlerweile fast geschafft, mir meinen Saft zu entlocken. Aber da kam es dann auch ihr sehr heftig. Sie wand sich unter der Zunge meiner Frau auf dem Couchtisch. Nachdem sie sich ein wenig erholt hatte sagte sie zu mir, das ich nun dran sein und wies mir den Platz auf dem Couchtisch zu. Ich krabbelte auf den Tisch und legte mich auf den R\u00fccken. Meine Frau beugte sich \u00fcber meinen Schwanz und fing an ihn zu bearbeiten. Andrea kam an mein Kopfende und stellte sich mit gespreizten Beinen \u00fcber mein Gesicht. Der Anblick, den ich aus dieser Position genie\u00dfen konnte, war wunderbar. Ich sah Andreas nasses Loch und konnte erahnen, wieviel Saft ihr eben unter den Liebkosungen meiner Frau entwichen war. Sie kam ganz nah \u00fcber mein Gesicht, so das ich keine Schwierigkeiten hatte mit meiner Zunge ihren Kitzler zu bearbeiten. Diese Stellung machte mich so geil, dass auch ich mich nach wenigen Minuten im Mund meiner Frau entlud. Andrea sagte, dass ich mich jetzt ein wenig erholen solle, und wenn meine Frau nichts dagegen habe, ich den beiden jetzt bei einem Dildospiel zuschauen k\u00f6nne. Da meine Frau nur l\u00e4chelte, aber nichts gegen das Vorhaben von Andrea einwandte, ging Andrea zu ihrer Reisetasche und holte einen pr\u00e4chtigen gro\u00dfen Dildo mit Noppen hervor. Hast du immer so etwas bei dir, fragte ich sie. Ja klar, antwortete sie. Man wei\u00df ja nie, was so alles passiert, wie du siehst. Ich l\u00e4chelte und war nun gespannt was weiter geschah. Andrea nahm meine Frau an die Hand und ging mit ihr zum Schlafzimmer ich folgte den beiden. Andrea wies meiner Frau einen Platz auf dem Bett zu und kniete sich neben sie auf das Bett. Ich setzte mich auf einen Stuhl sah den beiden gespannt zu. Andrea fing an, den Dildo in den Mund zu nehmen und ihn mit ihrem Speichel ordentlich na\u00df zu machen. Das ganze dauerte etwa zwei Minuten. Meine Frau und ich schauten ihr dabei gespannt zu. Dann nahm sie den Dildo aus dem Mund und f\u00fchrte ihn zu ihrer Muschi. Sie spreizte die Beine weit und f\u00fchrte ihn sich ein. Mit langsamen Bewegungen stie\u00df sie das dicke Ding immer tiefer in sich hin, soweit, dass es fast verschwunden war. Nun nahm sie eine Hand meiner Frau und forderte sie auf weiterzumachen. Die tat ihr den Gefallen und fing an, sie mit dem Dildo zu ficken. Andrea spreizte ihre Beine weit und geno\u00df es sichtlich, wie dieser gro\u00dfe Dildo sie durch die Hand meiner Frau zum n\u00e4chsten H\u00f6hepunkt trieb. Am Dildo zeichnete sich ab, dass Andrea diese wunderbare Fl\u00fcssigkeit verlor. Er wurde noch nasser. Sogar die Hand meiner Frau wurde richtig na\u00df. Das Schauspiel regte mich doch sehr an. Andrea zog sich den Dildo raus und legte ihn, wie schon am Anfang, voller Genu\u00df ab. Dann beugte sie sich zu meiner Frau runter und f\u00fchrte ihr den Dildo ein. Ihr schien er etwas zu gro\u00df zu sein. Sie st\u00f6hnte auf und meinte, dass das Teil doch ziemlich gro\u00df sein. Andrea reagierte nicht auf den Einwand. Sie kniete sich mit ihrem triefenden Loch \u00fcber das Gesicht meiner Frau und fing an sie mit dem Dildo zu bearbeiten. Sie forderte meine Frau auf, ihr den Saft auszulecken. Zun\u00e4chst fing sie an mit den Fingern durch die nasse, glitschige Spalte zu gehen. Nach einer Weile fing sie dann an Andrea wieder auszulecken. Die beiden waren in voller Aktion. Es schien ihnen richtig gut zu gefallen. Nach einer Weile schaute Andrea zu mir r\u00fcber und meinte, dass ich mal zu ihr kommen solle und mich vor sie hinknien solle. Gespannt, auf das was nun komme w\u00fcrde tat ich es. Gib mir mal deinen Schwanz. Ich blase ihn dir jetzt sch\u00f6n gro\u00df, damit du mich gleich ficken kannst, w\u00e4hrend ich geleckt werde. Ich nahm meinen Schwanz in die Hand und schob ihn Andrea in den Mund, den sie schon erwartungsvoll aufgemacht hatte. W\u00e4hrend sie meine Frau heftig mit dem Dildo fickte, blies sie meinen Schwanz nicht weniger heftig. Dann forderte sie mich auf, nach hinten zu gehen und sie jetzt zu ficken. Ich tat ihr den Gefallen. Ich kniete mich hinter sie und sah, wie die Zunge meiner Frau immer wieder durch die nasse Spalte von Andrea glitt. Ich bat meine Frau ein wenig nach unten zu rutschen, da ich sonst nicht richtig an Andrea heran kommen w\u00fcrde. Sie tat es, ohne aber gro\u00df von ihrem Loch abzulassen. Ich nahm meinen Schwanz in die Hand und f\u00fchrte ihn ein, was mir wenig Probleme bereitete, da das Loch durch die vorangegangene Behandlung mit dem Dildo und dem anschlie\u00dfenden Auslecken meiner Frau wahnsinnig na\u00df war. Ich fa\u00dfte Andrea wieder bei den H\u00fcften und fing an wild und hart in sie hinein zu sto\u00dfen. Sie st\u00f6hnte laut und gab meine St\u00f6\u00dfe mittels des Dildos an meine Frau weiter. Die wiederum leckte Andreas Kitzler und knetete meinen Sack ordentlich durch. Wie verabredet kam es uns nach nur wenigen Minuten gleichzeitig. Meiner Frau klatschte der Saft von Andrea und von mir ins Gesicht. Sie wollte aber alles und lie\u00df nicht von Andrea ab. Sie leckte die durch meinen Schwanz geweiteten Schamlippen, meinen Schwanz und die Schenkel von Andrea immer wieder ab. Ersch\u00f6pft lie\u00dfen wir uns in die Kissen fallen. Andrea lag in unserer Mitte. Sie griff mit einer Hand nach meinem Schwanz und mit der anderen nach der Muschi meiner Frau. Wenn ich darf, sagte sie, w\u00fcrde ich jetzt gerne \u00f6fters zu Besuch kommen. Eure Gastfreundschaft hat mich v\u00f6llig \u00fcberw\u00e4ltigt. Wir lachten und schliefen ersch\u00f6pft ein.<\/p>\n","protected":false},"excerpt":{"rendered":"<p>Der Besuch von Andrea Am vergangenen Wochenende kam mal wieder die beste Freundin meiner Frau zu uns zu Besuch. Sie hei\u00dft Andrea, ist 26 Jahre alt, hat (tolle) schulterlange rotblonde Haare, blaue Augen und auch sonst einen passablen Body. Sie ist gegen Nachmittag gekommen. Wir haben dann alle drei gemeinsam Kaffee getrunken und sind dann [&hellip;]<\/p>\n","protected":false},"author":1,"featured_media":0,"parent":0,"menu_order":0,"comment_status":"open","ping_status":"open","template":"","meta":{"footnotes":""},"class_list":["post-231","page","type-page","status-publish","hentry"],"_links":{"self":[{"href":"https:\/\/ourlife4you.com\/ourlifeblog\/wp-json\/wp\/v2\/pages\/231","targetHints":{"allow":["GET"]}}],"collection":[{"href":"https:\/\/ourlife4you.com\/ourlifeblog\/wp-json\/wp\/v2\/pages"}],"about":[{"href":"https:\/\/ourlife4you.com\/ourlifeblog\/wp-json\/wp\/v2\/types\/page"}],"author":[{"embeddable":true,"href":"https:\/\/ourlife4you.com\/ourlifeblog\/wp-json\/wp\/v2\/users\/1"}],"replies":[{"embeddable":true,"href":"https:\/\/ourlife4you.com\/ourlifeblog\/wp-json\/wp\/v2\/comments?post=231"}],"version-history":[{"count":1,"href":"https:\/\/ourlife4you.com\/ourlifeblog\/wp-json\/wp\/v2\/pages\/231\/revisions"}],"predecessor-version":[{"id":232,"href":"https:\/\/ourlife4you.com\/ourlifeblog\/wp-json\/wp\/v2\/pages\/231\/revisions\/232"}],"wp:attachment":[{"href":"https:\/\/ourlife4you.com\/ourlifeblog\/wp-json\/wp\/v2\/media?parent=231"}],"curies":[{"name":"wp","href":"https:\/\/api.w.org\/{rel}","templated":true}]}}