{"id":197,"date":"2009-11-06T08:25:43","date_gmt":"2009-11-06T07:25:43","guid":{"rendered":"http:\/\/ourlife4you.com\/ourlifeblog\/?page_id=197"},"modified":"2009-11-06T08:25:43","modified_gmt":"2009-11-06T07:25:43","slug":"bube-dame-konig","status":"publish","type":"page","link":"https:\/\/ourlife4you.com\/ourlifeblog\/bube-dame-konig\/","title":{"rendered":"Bube, Dame, K\u00f6nig"},"content":{"rendered":"<p>Bube, Dame, K\u00f6nig<\/p>\n<p>Aisha stand in der pr\u00e4chtigen Empfangshalle. Etwas unsicher f\u00fchlte sie sich schon, ob es wirklich so ein guter Tipp gewesen war, den ihr die Freundin gegeben hatte? Sie sp\u00fcrte Nervosit\u00e4t, aber unterschwellig machte sich sexuelle Erregung breit. Als sie sich in der barock getrimmten Halle umsah, \u00f6ffnete sich pl\u00f6tzlich eine T\u00fcr und eine \u00e4ltere wohlbeleibte Dame in einem goldenen Kleid trat ein. &#8222;Willkommen,&#8220; begr\u00fc\u00dfte sie Aisha. &#8222;Womit kann ich dienen, wir erf\u00fcllen hier ihre geheimsten Phantasien.&#8220; Aisha schluckte. &#8222;Ich bin auf der Suche nach zwei attraktiven M\u00e4nnern.&#8220; Die Dame nickte, \u00f6ffnete die T\u00fcre hinter sich und machte eine einladende Geste. &#8222;Treten sie ein, bitte.&#8220; Aisha trat durch die T\u00fcr und stand in einem Wintergarten. Auf B\u00e4nken und an der Bar sa\u00dfen und standen M\u00e4nner, allesamt gro\u00df, kr\u00e4ftig und braungebrannt, alle lediglich mit einem wei\u00dfen Lendenschurz bekleidet. Unschl\u00fcssig blieb Aisha stehen. Die M\u00e4nner bemerkten sie, beobachteten sie und Aisha sp\u00fcrte wie die Blicke auf ihren Br\u00fcsten h\u00e4ngen blieben, die jedoch von einem dunklen Blazer verdeckt wurden. Die Dame winkte ein paar M\u00e4nner zu sich heran. &#8222;Pr\u00fcfen Sie sie,&#8220; sagte sie zu Aisha. Etwas scheu trat Aisha auf den ersten zu und strich ihm \u00fcber die muskul\u00f6se harte Brust. Die Frau nickte ihr ermunternd zu. &#8222;Pr\u00fcfen sie ihn richtig.&#8220; Aisha schob das Lendentuch zur Seite und sah seinen Penis zwischen den Beinen baumeln, er war schon gro\u00df wenn er sich in Ruhe befand. Aisha sp\u00fcrte ein Prickeln, und zwischen ihren Beinen wurde es feucht. Sie strich \u00fcber den Penis des Mannes, erst sanft, dann fester und sein Geschlecht richtete sich wie ein m\u00e4chtiger Speer auf. Der Mann neigte sich l\u00e4chelnd zu ihrem Ohr vor. &#8222;Ich besorg&#8217;s dir gut, Darling!&#8220; Aisha nickte. &#8222;Den nehme ich.&#8220; Auf die selbe Weise w\u00e4hlte sie noch einen anderen Mann aus.<\/p>\n<p>Die beiden verschwanden aus dem Wintergarten und die Dame nahm Aisha an den Arm. &#8222;Die beiden, Mike und Luke werden gleich zu ihnen finden, darf ich sie nun in ihr Gemach f\u00fchren?&#8220; Sie f\u00fchrte Aisha in ein gro\u00dfes Zimmer, vollkommen aus Spiegeln bestehend, sogar an der Decke. In der Mitte stand ein riesiges Bett. Das Zimmer selber war mit Kerzen beleuchtet und Aisha konnte in dem Halbdunkel noch S\u00e4ulen, Sessel und eine Sitzecke ausfindig machen, zu der die Dame sie nun hinf\u00fchrte. Sie bat sie Platz zu nehmen und verschwand. Eine Weile geschah gar nichts, doch Aisha sp\u00fcrte wie ihre Spannung von Sekunde zu Sekunde zunahm. Pl\u00f6tzlich \u00f6ffnete sich an einer Ecke des Zimmers eine T\u00fcr und Mike und Luke traten ein. Mike trug einen K\u00fcbel mit Sekt, w\u00e4hrend Luke ein Tablett mit drei Gl\u00e4sern trug. Aisha blieb sitzen und wartete ab, was geschah. Die beiden traten zu ihr, stellten den Sekt und die Gl\u00e4ser vor ihr ab, dann setzten sie sich links und rechts von ihr. Aisha sah, wie ihre pr\u00e4chtigen K\u00f6rper im Kerzenlicht gl\u00e4nzten, Aisha konnte nicht anders, sie strich Luke \u00fcber den Arm und sp\u00fcrte seine kr\u00e4ftig ausgebildeten Muskeln. Luke l\u00e4chelte. Mike schenkte die Gl\u00e4ser voll, reichte Luke und ihr ein Glas und stie\u00df mit ihr an. &#8222;Auf eine geile Nacht,&#8220; hauchte er, nahm eine Traube aus einem K\u00f6rbchen und steckte sie ihr in den Mund. Aisha nahm sie und sp\u00fcrte wie seine warmen Finger sanft \u00fcber ihre Lippen strichen. Dann nahm Luke eine Traube und legte sie in ihren hochgekn\u00f6pften Blusenausschnitt, langsam beugte er sich vor und nahm sie mit dem Mund auf, sie sp\u00fcrte den sanften Druck seiner Lippen auf ihrer Halsgrube. &#8222;Du bist wundersch\u00f6n,&#8220; murmelte er und sie sp\u00fcrte wie Mike ihre Haarspange l\u00f6ste und ihr rotes Haar wie ein Wasserfall \u00fcber ihren R\u00fccken fiel. Mike strich sanft mit der Hand dar\u00fcber, nahm von dem Tisch dann eine B\u00fcrste und begann ihr das Haar mit langsamen kr\u00e4ftigen Bewegungen zu b\u00fcrsten. W\u00e4hrenddessen war Luke n\u00e4her an sie heranger\u00fcckt, hatte z\u00e4rtlich den Arm um sie gelegt und legte nun eine Hand auf ihren Oberschenkel. &#8222;Mhm wie stramm,&#8220; murmelte er. Seine Hand streichelte den dicken Rockstoff, w\u00e4hrend Mike ihr sanft \u00fcber den R\u00fccken strich. Dann wanderte Lukes Hand unter den Rock und Aisha durchlief ein wohliger Schauer. Seine Hand fuhr auf die Innenseite ihres Schenkels, bis er ihre Fotze durch mehrere Lagen Stoff ber\u00fchrte. &#8222;Wow ist deine Strumpfhose feucht,&#8220; hauchte er, nahm die Hand weg und rutschte vor sie auf die Knie. &#8222;Du hast viel zu viel an,&#8220; sagte er und begann ihr die Schuhe auszuziehen, dann strichen seine H\u00e4nde \u00fcber ihre Beine, bis sie wieder unter ihrem Rock verschwanden. Aisha hob ihren Arsch an und Luke zog ihr die Strumpfhose aus. Auch Mike hatte nun die B\u00fcrste beiseite gelegt und half ihr nun aus dem Blazer. Sie hatte ihm etwas den R\u00fccken zugewandt, seine H\u00e4nde umschlangen ihre Taille und sie sp\u00fcrte, wie er ihre Haare zur Seite strich und ihren Nacken mit hei\u00dfen K\u00fcssen bedachte. Langsam rutschten seine H\u00e4nde nach oben, bis sie auf ihren Br\u00fcsten zum liegen kamen. Er begann leicht dar\u00fcber zu streichen, doch dann wurden seine Bewegungen heftiger und er knetete und dr\u00fcckte ihre Br\u00fcste durch den Stoff hindurch, w\u00e4hrend er nun von hinten an ihrem Ohrl\u00e4ppchen knabberte. &#8222;Du hast geile Titten Kleines!&#8220; fl\u00fcsterte er ihr ins Ohr. Aisha sp\u00fcrte wie ihr das Blut hei\u00df durch die Adern rann wie elektrischer Strom, und wie ihre Brustwarzen steinhart wurden. Luke hingegen schob ihr den Rock hoch bis zur Taille und dr\u00fcckte ihre Beine sanft auseinander. Seine H\u00e4nde fuhren die Innenseite ihrer Schenkel empor, dann beugte er sich vor, k\u00fcsste sie auf ihr rechtes Knie und begann die Innenseite ihrer Schenkel in langsamen kreisenden Bewegungen zu lecken bis er an ihrer Fotze angekommen war, durch den feuchten Slip hindurch k\u00fcsste er ihre M\u00f6se. &#8222;Hhm, wie du riechst&#8220; er blickte kurz zu ihr auf. &#8222;Dein F\u00f6tzchen will gefickt werden, du duftest wunderbar.&#8220; Aisha glaubte zu vergehen. Seine H\u00e4nde strichen \u00fcber die Au\u00dfenseite ihrer Beine, die Schenkel empor, bis sie ihren Slip zu fassen bekam, mit einem Ruck riss er ihn hinunter. Seine Hand w\u00fchlte sich in ihren Scham und Aisha schrie auf. &#8222;Jaaa,&#8220; st\u00f6hnte sie, &#8222;mach&#8217;s mir, fester, fester!&#8220; sie st\u00f6hnte. Angeturnt durch ihre spitzen kleinen Schreie spielte er mit ihrem Kn\u00f6pfchen, rieb es zwischen seinen Fingern, Aisha st\u00f6hnte, stie\u00df immer wieder kleine Schreie aus, dann beugte er sich vor und leckte \u00fcber ihre Scham, saugte an ihrem Kn\u00f6pfchen und drang mit seiner Zunge schlie\u00dflich in ihre Fotze ein, seine H\u00e4nde strichen \u00fcber ihre Schenkel. W\u00e4hrenddessen \u00f6ffnete Mike von hinten einen Knopf nach dem anderen bis seine H\u00e4nde auf ihrem BH lagen, er zog ihr die Bluse aus, k\u00fcsste ihren Hals und leckte ihre Achseln und Schultern w\u00e4hrend seine H\u00e4nde ihre Br\u00fcste immer heftiger kneteten. &#8222;Wie willst du&#8217;s, h\u00f6rte sie Mike wie von weiter Ferne fl\u00fcstern. &#8222;M\u00f6chtest du von mir in den Arsch gefickt werden? Wie soll ich dich nehmen?&#8220; In Aisha stieg ein Orgasmus auf. &#8222;Ich m\u00f6chte dir einen Blasen&#8220; war das Letzte was sie artikuliert bekam. Luke leckte sie heftiger, saugte an ihrer Schamlippe und bohrte seine Finger in ihre Fotze, da explodierte ein riesiger Orgasmus in ihr und warf sie nach hinten gegen Mike, der ihre Br\u00fcste nur um so heftiger knetete. Sie warf sich gegen ihn, bekam keine Luft mehr, eine Welle nach der anderen schoss durch ihren K\u00f6rper, angeheizt durch Lukes Zunge, seine Finger, die ihre Fotze wichsten, und Mikes bet\u00f6rendes geiles Fl\u00fcstern. Nur langsam verebbten die Wellen. Luke stand auf, nahm sie in seine Arme und trug sie zu dem riesigen Bett, auf dem er sie vorsichtig ablud. Aisha gewann ihre Besinnung zur\u00fcck und setzte sich auf. Luke setzte sich nun hinter sie auf das Bett, w\u00e4hrend Mike vor ihr stand. Sie sp\u00fcrte wie Luke die \u00d6sen ihres BHs \u00f6ffnete, \u00fcber ihren R\u00fccken strich und seine H\u00e4nde langsam nach vorne wandern lie\u00df, bis sie auf ihren nackten gro\u00dfen Br\u00fcsten zum liegen kamen, erneut stieg Feuer in Aisha auf. Mike nahm nun ihre Hand und legte sie auf sein Lendentuch, sie sp\u00fcrte sein m\u00e4chtiges pulsierendes Geschlecht darunter, dass sich prompt unter dem Stoff aufrichtete. &#8222;Machs mir,&#8220; sagte er mit fast erstickender Stimme. Hastig riss sie ihm das Lendentuch von den H\u00fcften und da stand zuckend sein Penis vor ihr. &#8222;Wow, was f\u00fcr ein St\u00e4nder!&#8220; Sie ber\u00fchrte seine Eichel und Mike st\u00f6hnte auf, &#8222;fester&#8220; keuchte er. Daraufhin nahm sie seinen Pimmel in die Hand und dr\u00fcckte zu, zog sanft, und dr\u00fcckte zu. Mike begann zu st\u00f6hnen. Aisha \u00fcberkam das Verlangen, seinen Penis in ihren Mund zu nehmen und daran zu saugen und sie sp\u00fcrte die warme Feuchte zwischen ihren Schenkeln und Lukes Finger, die mit ihren erigierten Brustnippeln spielten. Sie beugte sich vor, leckte vorsichtig \u00fcber Mikes Eichel und nahm seinen Penis schlie\u00dflich in den Mund, sie begann heftig zu saugen, seine Eichel mit der Zungenspitze zu bearbeiten. Sie sp\u00fcrte wie sein Geschlecht zuckte, Mike schwankte als w\u00fcrde er das Gleichgewicht verlieren. &#8222;Fester, fester, blas ihn mir!&#8220; St\u00f6hnend krallte er sich schlie\u00dflich an ihre Schultern. Pl\u00f6tzlich sp\u00fcrte sie, wie sich sein Pimmel zusammenzog, sie nahm ihn aus dem Mund und schon ergoss sich sein warmer Samenerguss \u00fcber ihren Mund, ihre Br\u00fcste und Lukes H\u00e4nde, die immer noch ihre Br\u00fcste bearbeiteten. Mike brach \u00fcber ihr zusammen, rollte sich ab und blieb auf dem Bett liegen. Sie sp\u00fcrte, wie Luke sich nach hinten legte und sie mit in seine Arme zog, an ihrem Arsch sp\u00fcrte sie sein Geschlecht, dass begann, sich aufzustellen, als wolle es sich in ihren Arsch bohren. Er streichelte ihren Bauch, ihre Br\u00fcste und spielte mit ihrer Schamlippe und sie sp\u00fcrte wie das Feuer in ihr stieg und stieg und sich ihr K\u00f6rper spannte. &#8222;Wie w\u00e4r&#8217;s nun mit einem Fick, Baby?&#8220; h\u00f6rte sie ihn und konnte nur stumm nicken. Mike stand auf, nahm von dem Nachtisch ein paar T\u00fccher und begann ihr vorsichtig und z\u00e4rtlich die Br\u00fcste abzuwaschen. Schlie\u00dflich nahm er sie bei den H\u00e4nden und zog sie hoch. Sein Mund n\u00e4herte sich ihrem, er k\u00fcsste sie, zuerst auf den Mund, schlie\u00dflich leckte er sie bis er zu ihrem Ohr kam. Eine Weile knabberte er an ihrem Ohrl\u00e4ppchen, dann hauchte er ihr ins Ohrl\u00e4ppchen: &#8222;Ich m\u00f6chte sehen, wie du Luke reitest. Zeig Luke deinen geilen Arsch!&#8220; Aisha tat wie ihr gehei\u00dfen wurde. Sie kniete sich \u00fcber Luke, der ausgestreckt dalag. Mike nahm ihre Hand und f\u00fchrte sie zu Lukes Penis. Sie ergriff ihn und w\u00e4hrend sie ihn zog und dr\u00fcckte und sp\u00fcrte wie er sich unter ihren H\u00e4nden immer gr\u00f6\u00dfer aufrichtete, sp\u00fcrte sie Lukes Hand, die sanft \u00fcber ihren Arsch fuhr. Schlie\u00dflich strich ein Finger ihre Arschspalte entlang, bis er zu ihrer Fotze kam. Nun begann er mit der ganzen Hand ihre Fotze zu massieren und sie sp\u00fcrte wie in ihren Adern tausend Stromteilchen durch sie hindurch flossen. Er richtete sich etwas auf. Sein Mund n\u00e4herte sich ihren Oberschenkeln und er leckte ihr von hinten dar\u00fcber, und \u00fcber ihren Arsch, bis seine Zunge ihre Schamlippe gefunden hatte. Er bearbeitete ihr Kn\u00f6pfchen mit der Zunge, kostete ihren leicht bitteren Liebestrunk, der wieder zu str\u00f6men begann. Aisha sp\u00fcrte wie sie sich \u00f6ffnete, da sp\u00fcrte sie seine H\u00e4nde, die sie um der Taille ergriffen und ihre Fotze \u00fcber seinen Penis schob. Sie lie\u00df sich auf ihm nieder und sp\u00fcrte wie er mit seinem steinharten Geschlecht in sie eindrang, sie schrie und keuchte, vor Erregung blieb ihr die Luft weg. &#8222;Reite,&#8220; fl\u00fcsterte er ihr ins Ohr. Mike r\u00fcckte sie zurecht und sie begann sich rhythmisch auf und ab zu bewegen, Luke kam ihr im Rhythmus entgegen, und sie sp\u00fcrte wie sich sein Penis in ihr bewegte und gr\u00f6\u00dfer zu werden schien, sich gegen ihre Scham dr\u00fcckte und sie hatte das Gef\u00fchl ihr K\u00f6rper l\u00f6se sich auf. &#8222;Machs fester,&#8220; st\u00f6hnte sie und Luke begann noch heftiger in sie zu sto\u00dfen. Auch ihre Bewegung wurden heftiger, sie ritt nun kr\u00e4ftig auf und ab, stie\u00df seinen Pimmel immer heftiger in sich hinein, den K\u00f6rper hoch aufgerichtet, die Br\u00fcste, weit Mike entgegengestreckt, der sie beobachtete und bei sich nun selber heftig zugange war. Die Arme hinter dem Kopf verschr\u00e4nkt, beobachtete sie wie Mikes Latte gr\u00f6\u00dfer und gr\u00f6\u00dfer wurde. Es erregte sie zus\u00e4tzlich So ritt sie Luke, bis der Orgasmus in ihr explodierte und sie schrie, ihr Oberk\u00f6rper zuckte zusammen, heftige Wellen durchfuhren sie und sie hatte ihre K\u00f6rperbewegungen nicht mehr unter Kontrolle. Sie sp\u00fcrte wie auch Luke kam und seinen Samen in ihr abspritzte, warm ergoss er sich in ihr, sie verlor endg\u00fcltig die Kontrolle \u00fcber sich, fiel vorn \u00fcber auf Mike und sp\u00fcrte, wie der just in diesem Moment abspritzte. Warm ergoss er sich \u00fcber ihre Br\u00fcste. Aisha blieb auf ihm liegen, sp\u00fcrte, wie Luke von hinten seine Arme um sie legte, seinen Penis immer noch in ihr. Ersch\u00f6pft lagen sie Arm in Arm, warteten bis sie wieder zu Atem kamen.<\/p>\n","protected":false},"excerpt":{"rendered":"<p>Bube, Dame, K\u00f6nig Aisha stand in der pr\u00e4chtigen Empfangshalle. Etwas unsicher f\u00fchlte sie sich schon, ob es wirklich so ein guter Tipp gewesen war, den ihr die Freundin gegeben hatte? Sie sp\u00fcrte Nervosit\u00e4t, aber unterschwellig machte sich sexuelle Erregung breit. Als sie sich in der barock getrimmten Halle umsah, \u00f6ffnete sich pl\u00f6tzlich eine T\u00fcr und [&hellip;]<\/p>\n","protected":false},"author":1,"featured_media":0,"parent":0,"menu_order":0,"comment_status":"open","ping_status":"open","template":"","meta":{"footnotes":""},"class_list":["post-197","page","type-page","status-publish","hentry"],"_links":{"self":[{"href":"https:\/\/ourlife4you.com\/ourlifeblog\/wp-json\/wp\/v2\/pages\/197","targetHints":{"allow":["GET"]}}],"collection":[{"href":"https:\/\/ourlife4you.com\/ourlifeblog\/wp-json\/wp\/v2\/pages"}],"about":[{"href":"https:\/\/ourlife4you.com\/ourlifeblog\/wp-json\/wp\/v2\/types\/page"}],"author":[{"embeddable":true,"href":"https:\/\/ourlife4you.com\/ourlifeblog\/wp-json\/wp\/v2\/users\/1"}],"replies":[{"embeddable":true,"href":"https:\/\/ourlife4you.com\/ourlifeblog\/wp-json\/wp\/v2\/comments?post=197"}],"version-history":[{"count":1,"href":"https:\/\/ourlife4you.com\/ourlifeblog\/wp-json\/wp\/v2\/pages\/197\/revisions"}],"predecessor-version":[{"id":198,"href":"https:\/\/ourlife4you.com\/ourlifeblog\/wp-json\/wp\/v2\/pages\/197\/revisions\/198"}],"wp:attachment":[{"href":"https:\/\/ourlife4you.com\/ourlifeblog\/wp-json\/wp\/v2\/media?parent=197"}],"curies":[{"name":"wp","href":"https:\/\/api.w.org\/{rel}","templated":true}]}}