{"id":183,"date":"2009-11-04T08:46:15","date_gmt":"2009-11-04T07:46:15","guid":{"rendered":"http:\/\/ourlife4you.com\/ourlifeblog\/?page_id=183"},"modified":"2023-04-27T09:17:49","modified_gmt":"2023-04-27T08:17:49","slug":"bernadette","status":"publish","type":"page","link":"https:\/\/ourlife4you.com\/ourlifeblog\/bernadette\/","title":{"rendered":"Bernadette"},"content":{"rendered":"<p>Bernadette<\/p>\n<p>Die ist meine Story, meine Erlebnisse mit Bernadette.<\/p>\n<p>Ich lernte sie kennen, als ich eines Tages in die Disco ging, und sie mir von ein paar Freunden vorgestellt wurde. Sie sah ganz toll aus, und war etwas hurig angezogen. Wie sich sp\u00e4ter rausstellte, liebte sie es, sich aufreizend anzuziehen. Wir tanzten und kamen so ins Gespr\u00e4ch. Sie erz\u00e4hlte mir, sie k\u00e4me von M\u00fcnchen. Wir tanzten eng umschlungen, und sie dr\u00fcckte sich immer fester an mich. Sie hatte wahnsinnige Titten&#8230; richtig gro\u00dfe Euter, so was liebe ich, und mein Schwanz begann sich leicht zu regen. Nach einer Stunde etwa, begannen wir uns zu k\u00fcssen. Wir zogen uns in eine etwas dunklere Ecke der Disco zur\u00fcck. Sie nahm meine Hand und schob sie sich unter ihren Pullover. Ich f\u00fchlte ihre harten Brustwarzen, und als ich sie leicht dr\u00fcckte, begann sie zu st\u00f6hnen. Wir beschlossen zu mir zu fahren. Am Ausgang der Disco trafen wir einen Freund von mir, der fragte, was wir noch so machen, und ich zwinkerte ihm zu, und sagte, wir wollen noch mal in eine andere Disco fahren. Zu meinem \u00c4rgernis fragte er nun gleich nach, ob er mitfahren k\u00f6nne, und bevor ich es verneinen konnte, grinste Bernadette mich an und sagte, er solle sich uns doch anschlie\u00dfen. Ich war schon etwas verdutzt, denn ich hatte mich schon auf eine richtig sch\u00f6ne Nummer mit dieser tollen Frau gefreut. Als wir im Auto sa\u00dfen, fragte Peter, wohin es nun ginge, und Bernadette antwortete sogleich, wir wollten bei mir noch einen Kaffee trinken, bevor sie heim fuhr, Peter grinste, und Bernadette bat mich, nun endlich loszufahren. Nach 5 Minuten waren wir dann bei mir, ich ging in die K\u00fcche, und machte einen Kaffee. Als ich wieder ins Wohnzimmer kam, lag Bernadette auf dem Sofa, mit Peter, und er hatte seine Hand unter ihrem Pullover. Ich wusste nun gar nicht mehr was los war, als sie mich anblickte, und mich bat, mich doch zu ihnen zu setzen. Ich setzte mich zu ihrer rechten Seite, Peter sa\u00df zu ihrer linken. Sie war zu ihm gelehnt und begann seine Hose aufzukn\u00f6pfen. Ich fing an, meine Hand unter ihren Pullover zu stecken und sp\u00fcrte Peters Hand. Ich nahm die andere Brust und fing an sie zu massieren. Sie begann wiederum zu st\u00f6hnen. Sie langte sich unter den Pullover, nahm meine Hand und f\u00fchrte meine Finger zu ihren Brustwarzen, die ich dann begann, am Anfang noch sanft, sp\u00e4ter h\u00e4rter zu kneten. Sie beugte sich nun zu Peters Schwanz und begann ihn zu blasen, w\u00e4hrend ich weiterhin ihre Brustwarzen knetete. Sie h\u00f6rte auf einmal auf, an Peters Schwanz zu nuckeln, stand auf und stellte sich vor uns. Langsam begann sie sich auszuziehen, bis sie nun ganz nackt vor uns stand. Sie hatte wunderbare tolle Br\u00fcste, und ich war auch schon ganz scharf. Sie meinte, wir k\u00f6nnen uns ja auch mal ausziehen und setzte sich auf die Couch. Wir standen auf und zogen uns aus. Mit gierigen Blicken verfolgte sie jeden Handgriff. Als wir unsere Slips auszogen, fing sie an, ihre Beine zu spreizen. Sie war rasiert, und man sah ihre wunderbaren Schamlippen. Peter kniete sich vor sie und begann mit seiner Zunge ihren Kitzler zu massieren, w\u00e4hrend ich mich neben sie kniete und ihr meinen Schwanz in den Mund rammte. Sie nahm meinen Hintern und dr\u00fcckte so meinen Schwanz ganz tief in ihren Rachen. Sie st\u00f6hnte, als ich begann, wieder ihre Brustwarzen zu kneten. Peter leckte weiter an ihrer Muschi und fing an, mit seinen Fingern in ihrer Lustgrotte zu bohren. Langsam aber sicher wollte ich nur noch in sie, aber Peter kam mir zuvor. Sie spreizte ihre Beine, Peter setzte an, und schob ihn mit einem Sto\u00df rein. Bernadette st\u00f6hnte auf, und saugte noch intensiver an meinem Pr\u00fcgel. Peter wurde immer schneller, drang immer h\u00e4rter in sie ein. Sie genoss es. W\u00e4hrend sie meinen Schwanz immer tiefer in ihren Schlund verschlang, massierte und knetete ich ihre Br\u00fcste. Nach einer Weile bat Peter mich um einen Stellungswechsel. Ich rammte tief in ihre warme, feuchte Muschi, und sie war h\u00f6llisch eng. Ich genoss es, immer wieder aufs Neue in sie zu dringen. Peter kniete neben ihr, und v\u00f6gelte sie in den Mund, w\u00e4hrend Bernadette ihm die Eier massierte und ich ihre Br\u00fcste massierte. Ich krallte mich an ihren Br\u00fcsten fest, und jedes Mal, wenn ich in sie rammte, zog ich ihre Br\u00fcste in meine Richtung. Trotz Peters Bolzen im Mund h\u00f6rte ich immer wieder ein St\u00f6hnen. Peter nahm nun seine Finger, und fing an ihren Kitzler zu massieren. Sie st\u00f6hnte noch lauter, irgendwann war ich mit Peter im Takt, und jedes Mal, wenn ich in sie drang, rammte er in ihren Mund. Sie war total geil und genoss es, von uns beiden so richtig hart und tief gev\u00f6gelt zu werden.<\/p>\n<p><script async=\"async\" type=\"text\/javascript\" src=\"\/\/mm.7-7-7-partner.org\/?hash=bnrrotator_A23900_56c67e70276e9c62710a38ddbe9743dd\"> <\/script><\/p>\n<p>Nach einer Weile bat ich nun um einen Stellungswechsel, denn diese Frau schaffte mich noch. Peter setzte sich aufs Sofa, und sie sich mit ihrem R\u00fccken auf ihn. Sie ritt wie der Teufel. Mit der einen Hand massierte sie Peters Eier, mit der anderen meine, w\u00e4hrend ich wieder in ihrem Mund mich wohlf\u00fchlte. Nach einer Weile zog sie mich vor sich. Sie dr\u00fcckte meinen Kopf zwischen ihre Schenkel, und ich sah Peters Keule immer wieder in sie eindringen. Ich begann ihr nasse Muschi zu lecken. Jedes Mal, wenn Peter in sie drang, knallte sein Sack an mein Kinn. Er fand das total scharf, und ich fand es total scharf, immer wieder zu sehen, wie er in sie drang. Ich fing an, mit der einen Hand Peters Eier zu kneten, und mit der anderen Hand fing ich an, meinen Finger mit in ihr geiles Loch zu stecken. Ich f\u00fchlte, wie Peter immer wieder in sie rammte, und steckte zwei Finger mit rein. Bernadette begann immer lauter zu st\u00f6hnen. Peter st\u00f6hnte auch ganz laut, denn immer, wenn er in sie eindrang, stimulierte ich seinen Schwanz mit meinen Fingern in ihr. Sie nahm meinen Kopf, und zog ihn hoch. Ich begann sie zu k\u00fcssen.<\/p>\n<p><script async=\"async\" type=\"text\/javascript\" src=\"\/\/mm.7-7-7-partner.org\/?hash=bnrrotator_A23900_56c67e70276e9c62710a38ddbe9743dd\"> <\/script><br \/>\nSie nahm mein Rohr, und hielt es an ihre Muschi. Ich schaute etwas verwirrt, denn da hatte Peter ja schon seine Keule drin. bevor ich irgendwas denken konnte, nahm sie meinen Hintern und dr\u00fcckte mich in ihre geile Lustgrotte. Sie schrie. Sie hatte nun zwei Pr\u00fcgel in sich. Peter schaute mich nur ungl\u00e4ubig an, sie sa\u00df auf Peter, und meiner steckte auch noch in ihr. Sie lehnte sich zur\u00fcck, und ich hielt mich an ihren Titten fest, und fing an sie zu rammeln. Irgendwann hatten Peter und ich den selben Rhythmus. Wir rammten ihr zur selben Zeit unsere Riemen rein, und sie schrie vor Wollust. Sie langte zu meinem Hintern, und begann mich in sich zu sto\u00dfen. Es war voll geil, mit Peter in einer Muschi zu stecken, Bernadette total hart abzuficken, so wie sie es wollte. Wie rammten immer h\u00e4rter, und ich knetete ihre Br\u00fcste immer h\u00e4rter. Sie fing wieder an laut zu st\u00f6hnen, sie wimmerte, sie bat darum es noch h\u00e4rter besorgt zu bekommen. Wir gaben unser bestes. Wir rammelten sie wie die Wahnsinnigen. Peter begann, ihren Kitzler mit seinen Fingern zu massieren, sie schrie schon fast, sie st\u00f6hnte, und rief immer wieder &#8222;fester&#8220;. Auf einmal schrie sie, sie bebte, sie hatte einen Orgasmus. In dem Moment gaben wir unser letztes, und drangen tief und hart in sie ein. Sie wollte nun wieder die Stellung wechseln, und ich legte mich auf den Boden. Sie setzte sich auf mich, und begann zu reiten. Ich knetete wieder ihre Brustwarzen, und sie begann zu st\u00f6hnen und sagte, sie wolle nun Peters Kolben in ihrem Arsch. Ich nahm ihre Arschbacken, und zog sie auseinander. Ich sah, wie Peter sich hinter sie stellte und sp\u00fcrte, wie er in sie eindrang. Mit einem Sto\u00df war er in ihr. Sie schrie vor Schmerzen, was sich aber nach einer Weile wieder legte. Sie bat uns wieder, sie richtig hart abzuficken. Peter rammelte wie ein Verr\u00fcckter in ihren Arsch, und sie genoss es. Wir fickten beide wie die Wilden, und sie st\u00f6hnte, und wollte immer mehr. Peter meinte, es w\u00fcrde ihm gleich kommen, und Bernadette bat ihn, ihr seine volle Ladung in den Arsch zu spritzen. Peter wurde immer schneller, w\u00e4hrend ich von Bernadette immer nur h\u00f6rte &#8222;ja h\u00e4rter, schneller&#8220; Irgendwann war es bei Peter soweit. Er drang immer h\u00e4rter in sie ein, und ich unter ihr rammte auch immer schneller in sie. Sie fragte mich, ob es mir auch schon kommen w\u00fcrde, und ich verneinte es. Peter kam jetzt. Er drang tief in sie, und pumpte sie mit seinem Saft voll. Sie b\u00e4umte sich auf. Peters letzte St\u00f6\u00dfe waren die h\u00e4rtesten. Als Peter fertig war, fragte sie, ob ich auch in ihrem Arsch kommen wolle. Sie legte sich auf den Wohnzimmertisch, und ich drang in ihren Arsch ein. Ich sah, wie Peters Saft rausquoll, und wurde immer schneller. Peter stellte sich zu ihrem Kopf, und sie begann Peters Schwanz wieder zu blasen. Er genoss es. Er nahm ihre Beine, und zog sie an ihre Schultern. Ich nahm ein Kissen und legte es unter ihr Becken. Mit der einen Hand massierte sie wieder meine Eier, und mit der anderen Hand begann sie ihren Kitzler zu stimulieren. Ich fickte ihr geiles Arschloch total hart ab. Peter st\u00fctze sich nun auf ihre Beine, so dass ihr Hintern noch h\u00f6her kam. Ich wurde immer schneller, und sie fing wieder laut zu st\u00f6hnen an. Sie bekam einen Orgasmus nach dem anderen, st\u00f6hnte und schrie, sie wolle es noch h\u00e4rter, und dass ich komme und ihren Darm voll pumpte. Bei mir war es auch bald so weit, ich sp\u00fcrte schon, wie der Saft langsam hochstieg. ich rammelte hart und fest, und nun kam es auch mir. Ich spritze tief in ihr ab. Es war voll geil. Ich sah meinen und Peters Saft aus ihrem Arsch laufen. Ihre Rosette war weit offen. Sie nahm noch ihre Hand, und streichelte ihren Arsch. Es war ein voll geniales Erlebnis. Wir lagen noch ein St\u00fcck und streichelten sie, bevor sie aufstand und fuhr. Peter und ich redeten noch lange \u00fcber sie, als sie schon weg war. Aber sie wollte wiederkommen&#8230;&#8230;&#8230;&#8230;..<\/p>\n","protected":false},"excerpt":{"rendered":"<p>Bernadette Die ist meine Story, meine Erlebnisse mit Bernadette. Ich lernte sie kennen, als ich eines Tages in die Disco ging, und sie mir von ein paar Freunden vorgestellt wurde. Sie sah ganz toll aus, und war etwas hurig angezogen. Wie sich sp\u00e4ter rausstellte, liebte sie es, sich aufreizend anzuziehen. Wir tanzten und kamen so [&hellip;]<\/p>\n","protected":false},"author":1,"featured_media":0,"parent":0,"menu_order":0,"comment_status":"open","ping_status":"open","template":"","meta":{"footnotes":""},"class_list":["post-183","page","type-page","status-publish","hentry"],"_links":{"self":[{"href":"https:\/\/ourlife4you.com\/ourlifeblog\/wp-json\/wp\/v2\/pages\/183","targetHints":{"allow":["GET"]}}],"collection":[{"href":"https:\/\/ourlife4you.com\/ourlifeblog\/wp-json\/wp\/v2\/pages"}],"about":[{"href":"https:\/\/ourlife4you.com\/ourlifeblog\/wp-json\/wp\/v2\/types\/page"}],"author":[{"embeddable":true,"href":"https:\/\/ourlife4you.com\/ourlifeblog\/wp-json\/wp\/v2\/users\/1"}],"replies":[{"embeddable":true,"href":"https:\/\/ourlife4you.com\/ourlifeblog\/wp-json\/wp\/v2\/comments?post=183"}],"version-history":[{"count":2,"href":"https:\/\/ourlife4you.com\/ourlifeblog\/wp-json\/wp\/v2\/pages\/183\/revisions"}],"predecessor-version":[{"id":669,"href":"https:\/\/ourlife4you.com\/ourlifeblog\/wp-json\/wp\/v2\/pages\/183\/revisions\/669"}],"wp:attachment":[{"href":"https:\/\/ourlife4you.com\/ourlifeblog\/wp-json\/wp\/v2\/media?parent=183"}],"curies":[{"name":"wp","href":"https:\/\/api.w.org\/{rel}","templated":true}]}}