{"id":170,"date":"2009-11-01T11:35:17","date_gmt":"2009-11-01T10:35:17","guid":{"rendered":"http:\/\/ourlife4you.com\/ourlifeblog\/?page_id=170"},"modified":"2023-04-27T09:05:35","modified_gmt":"2023-04-27T08:05:35","slug":"augenbinde","status":"publish","type":"page","link":"https:\/\/ourlife4you.com\/ourlifeblog\/augenbinde\/","title":{"rendered":"Augenbinde"},"content":{"rendered":"<p>Augenbinde<\/p>\n<p>&#8222;Kitty, Du solltest wieder ein bisschen was erleben!&#8220; Immer, wenn Mark so seltsame Ansagen macht, endet das in einem kleinen Abenteuer &#8211; hm &#8211; &#8222;Ach ja?&#8220; Mark l\u00e4chelt auf die ihm eigene seltsam liebevoll zynische Art und zieht die bis jetzt hinter seinem R\u00fccken verborgene Hand hervor &#8211; eine schwarz-samtene Augenbinde baumelt zwischen seinen Fingern. &#8222;Mark, Du wei\u00dft&#8230;&#8220; Nat\u00fcrlich wei\u00df er &#8211; was mach ich mir Sorgen? Nichts wird passieren, was ich nicht will &#8211; das Codewort &#8222;Mayday&#8220; &#8211; eine nette Idee eines guten Bekannten &#8211; w\u00fcrde seine Wirkung nicht verfehlen, wenn ich nicht mehr mitspielen will. Wenn ich geknebelt bin? Dreimal kurz klopfen. Dieselbe Wirkung. Alles h\u00f6rt auf, es wird gekl\u00e4rt, was nicht passt. Er wei\u00df es, ich wei\u00df es. Auch wenn ein Dritter mitspielt &#8211; der wird &#8211; so er es nicht selbst mitkriegt &#8211; eben von Mark gebremst, wenn es n\u00f6tig ist. Ein bisschen was erleben&#8230; so habe ich Billy kennen gelernt &#8211; den ich jetzt auch liebe &#8211; vielleicht ein bisschen weniger als Mark, aber auch f\u00fcr ihn w\u00fcrde ich einiges aufs Spiel setzen, um seine Sympathie zu behalten. Es ist so normal! Und so pervers f\u00fcr Spie\u00dfb\u00fcrger&#8230; aber andererseits &#8211; hatten die von mir verdammten Spie\u00dfb\u00fcrger je einen so liebevollen &#8222;Einweiser&#8220; wie Mark, was allen Beteiligten Spa\u00df macht, kann doch nicht schlecht sein? &#8222;OK, erleben!&#8220; Ich lasse meinen d\u00fcnnen Bademantel von den Schultern gleiten, ich brauche keinen BH, und Slips trage ich praktisch nie, wenn Mark und ich alleine zu Hause sind. Und so stehe ich vor ihm, liebevolle Blicke wechselnd &#8211; er ist sich meines v\u00f6lligen Vertrauens bewusst &#8211; und ich mir seiner absoluten F\u00fcrsorge. Am sichersten kann ich mich f\u00fchlen, wenn ich mich in seine H\u00e4nde gebe. Und so schlie\u00dfe ich wieder meine Augen, sicher, dass ich bald vor Lust keinen klaren Gedanken mehr werde fassen k\u00f6nnen &#8211; weshalb auch immer, sp\u00fcre seine Schulter an mir streifen, als er sich hinter mich stellt, seine Arme streifen an meinen, als er die Binde hochfuhrt, erst f\u00fchle ich den zarten Samt, dann seine kr\u00e4ftigen, z\u00e4rtlichen H\u00e4nde, als er sie festbindet. Und sie sitzt fest, keine unbedachte Bewegung kann sie lockern. Seine H\u00e4nde gleiten von meinem Kopf \u00fcber meinen Nacken, bleiben auf meinen Schultern &#8211; ein sachter Druck &#8211; mein Kopf f\u00e4llt nach hinten, schmiegt sich an seinen Hals. Seine H\u00e4nde rutschen \u00fcber meine Schultern, meine Oberarme, meine Taille und fassen schlie\u00dflich nach vorne &#8211; unter meinen Busen. St\u00fctzen meine Br\u00fcste &#8211; geben Geborgenheit. Ein Klicken. Ein Schl\u00fcssel in unserem Schloss &#8211; das Abenteuer. Ein bisschen nerv\u00f6s bin ich. Nat\u00fcrlich. Ein k\u00fchler Luftzug &#8211; die T\u00fcr ist offen. Klack. Hat sich wieder geschlossen. Ein etwas zu herber Duft dringt in meine Nase &#8211; locker bleiben, wenn ich nicht will, ist es sofort vorbei. Ich kann also abwarten. Mark h\u00e4lt mich noch immer von hinten umfangen &#8211; noch f\u00fchle ich mich besch\u00fctzt &#8211; verdammt! Er nimmt die Arme weg, aber &#8211; ja, gut &#8211; seine H\u00e4nde sind an meinen Handgelenken &#8211; ich sp\u00fcre die wohlbekannten Ledermanschetten, meine Arme sind hinter mir fixiert. Mark ist da, alles OK. Aber der unbekannte Geruch kommt n\u00e4her. Es ist nicht Angst &#8211; mehr Unruhe. Spannung. Ich sp\u00fcre ihn vor mir, der Geruch ist nicht mehr so herb, das war irgendein Rasierwasser, zu viel davon &#8211; zu intensiv &#8211; und jetzt sp\u00fcre ich seinen K\u00f6rpergeruch &#8211; und der ist wesentlich angenehmer. Ein bisschen Tabak, etwas Whiskey oder \u00e4hnliches, und das, was einen Mann ausmacht &#8211; Lust. Er muss jetzt genau vor mir stehen &#8211; ich sp\u00fcre seinen rauchgeschw\u00e4ngerten Atem &#8211; ich rauche zwar nicht mehr, aber ich liebe diesen Zigarettengeruch noch immer &#8211; haucht meine Stirn an. Dieser Mann muss wesentlich gr\u00f6\u00dfer sein, als ich. Mark h\u00e4lt mich an den Oberarmen fest, der andere ist mit einem kleinen Schritt ganz an mich heranger\u00fcckt &#8211; meine Br\u00fcste ber\u00fchren ihn, meine Brustwarzen streifen an etwas wie Leinen. Seine Lippen ber\u00fchren meine Schl\u00e4fe &#8211; sie sind weich, z\u00e4rtlich. Meine Unruhe wird ertr\u00e4glich. Mark presst sich von hinten fest an mich, sein Schwanz ist l\u00e4ngst hart unter der seidigen Trainingshose und liegt fordernd zwischen meinen Arschbacken. Der andere &#8211; er riecht wirklich ein bisschen, als ob er noch schnell einen Jack Daniels getrunken h\u00e4tte &#8211; ich werde ihn Jack nennen &#8211; legt seine H\u00e4nde an meine H\u00fcften. Warm, fest, dr\u00fcckt mich an sich &#8211; nun sp\u00fcre ich seinen Schwanz an meinem Bauch, hart. Erst jetzt bemerke ich, dass ich schon lange unwahrscheinlich geil bin, nur die etwas \u00e4ngstliche Unruhe hat das verschleiert &#8211; als ich tief einatme, dr\u00fccken sich meine Br\u00fcste noch fester an sein Leinenhemd, meine Brustwarzen sind schon so hart und \u00fcberempfindlich, dass es weh tut. Ich bin feucht, schon lange, und das wissen die beiden. Jack nimmt seine H\u00e4nde von meinen H\u00fcften, und die Leere, die sie hinterlassen, f\u00fchlt sich einsam und kalt an. Er zieht sich scheinbar aus, ja, ich h\u00f6re die Sachen in eine Ecke unseres Vorzimmers fliegen. Schon steht er wieder ganz nahe bei mir, Mark l\u00e4sst mich aus, Jack h\u00e4lt mich nun wieder an den H\u00fcften, zieht mich an sich, dr\u00fcckt mich gegen seinen Schwanz, Mark streift seine Hose ab, steht nun auch ganz fest an mich gelehnt, ich sp\u00fcre beide Schw\u00e4nze an mir &#8211; bitte! Mein Kopf f\u00e4llt wieder nach hinten zu Mark, da neigt Jack sich zu mir herunter, ber\u00fchrt sachte mit seinen Lippen meine. Noch einmal, wieder, fester jetzt, dr\u00e4ngt pl\u00f6tzlich seine Zunge zwischen meine Z\u00e4hne, f\u00fcllt mich aus, nimmt mir den Atem &#8211; Gier, Hunger, all das \u00fcbertr\u00e4gt sich auf mich. Marks Schwanz ist nun zwischen meinen Schenkeln, ber\u00fchrt meine Schamhaare, rutscht hin und her &#8211; durch meinen Saft, gleitet immer tiefer zwischen meine Schamlippen, gleich wird er mich ficken! Jack greift unter meine Achseln, hebt mich hoch, tr\u00e4gt mich weg, zum Schlafzimmer &#8211; Mark! &#8222;Alles OK, Liebling!&#8220; Gut. Jack legt mich auf unser Bett, er geht ein paar Schritte weg, ich h\u00f6re die beiden herumkramen. Ein Klicken und Klimpern, ich werde immer geiler &#8211; der immer wieder vorbeistreichende Luftzug reizt meine Nippel noch zus\u00e4tzlich. Mark kniet sich zu mir aufs Bett, zieht mich an den Schultern hoch, auf die Knie, \u00f6ffnet die Manschetten um meine Handgelenke, Jack steht auf einmal neben mir auf dem Bett, \u00fcbernimmt von Mark meine H\u00e4nde, f\u00fchrt sie hoch \u00fcber meinen Kopf, dort legt er mir die Lederb\u00e4nder wieder an, hakt einen Karabiner ein und l\u00e4sst mich los. Meine H\u00e4nde sind jetzt mit einem Seil, das von der Decke h\u00e4ngt, \u00fcber meinem Kopf festgebunden. Ich sitze praktisch auf den Knien, sehe nichts und k\u00f6nnte schreien vor Gier nach einem Fick! Mark ist dicht vor mir, k\u00fcsst mich jetzt, fest, seine Zunge benimmt sich wie ein Schwanz, st\u00f6\u00dft in mich &#8211; jetzt ist sein Mund wieder weg. &#8222;Mach den Mund auf, Kitty!&#8220; Ich \u00f6ffne die Lippen, da schiebt sich ein kleiner Ball in meinen Mund, Jack nimmt die B\u00e4nder, die daran befestigt sind, und bindet sie an meinem Hinterkopf fest &#8211; ich kann nicht mehr &#8211; ein Knebel! Marks H\u00e4nde legen sich auf meine Br\u00fcste &#8211; beruhigen mich &#8211; Jack hat seine H\u00e4nde auf meinen Schultern, kniet sich jetzt auch hin, hinter mir, k\u00fcsst meinen Nacken, ich sp\u00fcre seine hei\u00dfe Zunge, er saugt an mir, ich will mehr! Mark schiebt jetzt seine Beine zwischen meinen Schenkeln durch, sein Schwanz gleitet an meiner Fotze entlang, jetzt knie ich \u00fcber ihm. Seine H\u00e4nde sind wieder an meinen Br\u00fcsten, jetzt dr\u00fcckt er mit zwei Fingern meine Nippel zusammen, sehr fest &#8211; ich st\u00f6hne auf, schreien kann ich ja nicht &#8211; Jacks H\u00e4nde sind jetzt an meinen Arschbacken, ziehen sie ein bisschen auseinander, haach &#8211; ist das geil &#8211; ja, weiter, bitte &#8211; ich f\u00fchle, dass sich meine Rosette dabei etwas \u00f6ffnet, Jack zieht wieder an meinen Backen, rhythmisch, Mark nimmt eine seiner H\u00e4nde von meinen Br\u00fcsten weg, ganz kurz, dann f\u00fchle ich etwas K\u00fchles an einem Nippel &#8211; das ist eine Klemme &#8211; er schlie\u00dft sie &#8211; der Druck ist unwahrscheinlich &#8211; es tut weh, ich halte es aus, es zieht an mir &#8211; da muss ein Gewicht dranh\u00e4ngen &#8211; das gleiche macht er jetzt mit meinem anderen Nippel. Wenn ich schreien k\u00f6nnte &#8211; ich kann nur st\u00f6hnen &#8211; tief, nicht laut. Mein Fotzensaft muss Marks Schwanz schon \u00fcberschwemmen, ich sp\u00fcre es, bitte &#8211; bitte! Mark fasst nun an meine Arschbacken, zieht sie etwas auseinander, damit nun Jack einen Finger an meine wieder leicht ge\u00f6ffnete Rosette legen kann. Er dr\u00fcckt ein bisschen nach, die Fingerspitze dringt in meinen Arsch, meine Br\u00fcste und meine Fotze schreien nach mehr! Er gleitet weiter hinein, ein kleines St\u00fcck, zieht ihn wieder zur\u00fcck, nicht ganz heraus &#8211; noch einmal &#8211; und w\u00e4hrend Jack mich z\u00e4rtlich mit einem Finger in den Arsch fickt, immer tiefer hinein, Zentimeter f\u00fcr Zentimeter, f\u00fchle ich Marks Schwanz an meiner Fotze pulsieren. Da l\u00e4sst Mark meine Arschbacken los, Jack braucht seine Hilfe nun nicht mehr, hebt mich ein wenig an, damit sein Schwanz sich unter mir aufrichten kann, setzt ihn mit der Spitze zwischen meine Schamlippen, dann &#8211; was ist? Jacks rechte Hand ist mit meinem Arschloch besch\u00e4ftigt, mit seiner linken spreizt er jetzt meine Schamlippen weit auseinander, Mark legt seine H\u00e4nde auf meine H\u00fcften, und pl\u00f6tzlich dr\u00fcckt er mich runter auf seinen Schwanz &#8211; mit einem Sto\u00df ist er ganz tief in mir &#8211; aaaaaahhh! Jack nimmt wieder seine linke Hand zu Hilfe, spreizt meine Arschbacken weiter, dr\u00e4ngt jetzt mit einem zweiten Finger in meine Rosette &#8211; mehr, weiter! Fickt mich! Ich will &#8211; die zwei Finger sto\u00dfen tief in meinen Arsch, zwei-, dreimal, dann zieht er sie ganz heraus &#8211; zieht fest an meinen Backen, es tut etwas weh, mein Arsch klafft auseinander, und jetzt legt er seine Eichel an mein Arschloch. Das ist mir zu viel! Ich halte es nicht aus, er ist zu gro\u00df! Aber &#8211; ich will es wissen, ich bin zu geil &#8211; langsam, bitte ganz langsam! Ich denke sehr laut, kommt mir vor. Seine Schwanzspitze dr\u00e4ngt sich einen Zentimeter in meinen Arsch, nur ganz vorsichtig dr\u00fcckt er ein St\u00fcck nach, zieht sie wieder zur\u00fcck, schiebt sie wieder ein bisschen hinein &#8211; ja, weiter so, meine Rosette dehnt sich langsam &#8211; die Gewichte an meinen Br\u00fcsten machen mich noch irre &#8211; meine Nippel sind \u00fcbererregt &#8211; mehr &#8211; er kommt jetzt schon weiter herein, wieder zur\u00fcck, noch ist nicht die ganze Eichel drin &#8211; gleich, ein St\u00fcck noch, nur noch ein paar Millimeter &#8211; ich habe das Gef\u00fchl, dass er mich gleich zerrei\u00dft, aber es ist unwahrscheinlich! Noch, ja! Jetzt! Sein Schwanz sitzt jetzt fest in meinem Arsch, nur die Eichel &#8211; aber er f\u00fcllt mich jetzt schon aus &#8211; Mark bewegt sich jetzt auch, langsam, in meiner Fotze ist die H\u00f6lle los. Ich rinne, habe das Gef\u00fchl, mich bald aufzul\u00f6sen &#8211; Jack dringt weiter in mich ein, sein Schwanz kommt immer tiefer zwischen meine Arschbacken. Er reibt meine Rosette dabei, ganz langsam, aber es ist ein sehr starkes Gef\u00fchl &#8211; seine H\u00e4nde spreizen mich noch immer, lassen nach, spreizen wieder, es ist geil &#8211; mehr, tiefer! Ich r\u00fccke etwas nach hinten &#8211; dabei schiebe ich mir Jacks Steifen noch tiefer hinein, Mark gleitet etwas aus meiner Fotze, aber er st\u00f6\u00dft wieder nach, und durch meine Bewegung wei\u00df Jack, dass er mir jetzt mehr geben kann. Er dr\u00fcckt ihn noch weiter hinein, der Schwanz ist extrem lang, noch immer f\u00fchle ich seinen Bauch nicht an mir, aber dass er meinen Darm ausf\u00fcllt &#8211; und dass ich immer mehr will, je mehr ich bekomme. Halt, ich kann Dich nicht so tief aufnehmen &#8211; warte &#8211; er schiebt das letzte St\u00fcck nach &#8211; und ich glaube, dass ich explodiere &#8211; hei\u00dfe Wellen branden von seinem Schwanz durch meine Eingeweide, zu meinen Br\u00fcsten, \u00fcber die steinharten Nippel, meine Lippen, die Oberarme und gleichzeitig brennt meine Fotze nach Marks Schwanz &#8211; sie sollen mich ficken &#8211; keine R\u00fccksicht mehr &#8211; gebt mir, was ich will! Jetzt! Mark ber\u00fchrt mit einem Finger meinen Kitzler &#8211; das ist zu viel &#8211; ich schreie in meinen Knebel, winde mich, sto\u00dfe meinen Arsch nach hinten, dann wieder nach vorne zu Mark, ramme seinen Schwanz in meine Fotze, so tief es geht, das ist ein dumpfer und gleichzeitig scharfer Druck, der sich unter dem Magen auswirkt &#8211; und Mark streichelt meinen Kitzler mit einer Hand, mit der anderen ber\u00fchrt er abwechselnd die beiden Nippelklemmen &#8211; ich brenne! Feuerr\u00e4der blitzen an meinen verbundenen Augen vorbei, und jetzt beginnen sie, mich zu ficken. Mark h\u00e4lt mich an den H\u00fcften fest, ich kann mich nicht mehr bewegen, er st\u00f6\u00dft seinen Schwanz tief in meine Fotze, und als er ihn wieder herauszieht, dr\u00fcckt Jack seinen Schwanz etwas sanfter so tief es geht in meinen Arsch, so wechseln sie sich ab, und es wird nun schneller &#8211; die Reibung macht mich verr\u00fcckt &#8211; ich wei\u00df nicht mehr, ob ich schreie oder nicht, meine H\u00e4nde sind zu F\u00e4usten geballt &#8211; ich bei\u00dfe auf den Knebel &#8211; schreie, st\u00f6hne &#8211; sie ficken mich, immer schneller &#8211; keine Gedanken mehr &#8211; nur noch Wortfetzen &#8211; farbige Schlieren, hei\u00dfe Wellen, die alle meine erogenen Zonen verbrennen &#8211; Marks Finger an meinem Kitzler, sein Schwanz in meiner Fotze, ich &#8211; aaah &#8211; ja, mehr &#8211; hei\u00df &#8211; tiefer, schneller &#8211; aaaaaahhh &#8211; Jacks Schwanz zuckt in meinem Arsch, ganz tief, er presst sich fest an mich, noch einmal zuckt er &#8211; jetzt &#8211; er spritzt hei\u00dfen Saft in meinen Arsch &#8211; Mark st\u00f6hnt tief auf &#8211; krallt sich an meinen H\u00fcften fest, pulsierender Schwanz &#8211; gleich &#8211; er spritzt! Jetzt! Jack l\u00e4sst seinen Schwanz in mir, fasst nach oben, l\u00f6st den Karabiner &#8211; h\u00e4lt mich fest und wir sinken beide auf Mark &#8211; er nimmt die Klemmen von meinen Nippeln &#8211; au, h\u00e4lt meine Br\u00fcste vorsichtig in seinen H\u00e4nden k\u00fcsst mich auf den Mundwinkel, Jack l\u00f6st die B\u00e4nder des Knebels, umarmt mich, leckt den Schwei\u00df von meinem Nacken, \u00f6ffnet die Augenbinde. Will ich wissen, wie er aussieht? Es ist besser etwas zu tun und es zu bereuen, als etwas nicht zu tun und es zu bereuen!<\/p>\n<p><script type=\"text\/javascript\" src=\"https:\/\/b.big7.com\/c.php?b=777&amp;wmb=29&amp;wms=39\"><\/script><\/p>\n","protected":false},"excerpt":{"rendered":"<p>Augenbinde &#8222;Kitty, Du solltest wieder ein bisschen was erleben!&#8220; Immer, wenn Mark so seltsame Ansagen macht, endet das in einem kleinen Abenteuer &#8211; hm &#8211; &#8222;Ach ja?&#8220; Mark l\u00e4chelt auf die ihm eigene seltsam liebevoll zynische Art und zieht die bis jetzt hinter seinem R\u00fccken verborgene Hand hervor &#8211; eine schwarz-samtene Augenbinde baumelt zwischen seinen [&hellip;]<\/p>\n","protected":false},"author":1,"featured_media":0,"parent":0,"menu_order":0,"comment_status":"open","ping_status":"open","template":"","meta":{"footnotes":""},"class_list":["post-170","page","type-page","status-publish","hentry"],"_links":{"self":[{"href":"https:\/\/ourlife4you.com\/ourlifeblog\/wp-json\/wp\/v2\/pages\/170","targetHints":{"allow":["GET"]}}],"collection":[{"href":"https:\/\/ourlife4you.com\/ourlifeblog\/wp-json\/wp\/v2\/pages"}],"about":[{"href":"https:\/\/ourlife4you.com\/ourlifeblog\/wp-json\/wp\/v2\/types\/page"}],"author":[{"embeddable":true,"href":"https:\/\/ourlife4you.com\/ourlifeblog\/wp-json\/wp\/v2\/users\/1"}],"replies":[{"embeddable":true,"href":"https:\/\/ourlife4you.com\/ourlifeblog\/wp-json\/wp\/v2\/comments?post=170"}],"version-history":[{"count":2,"href":"https:\/\/ourlife4you.com\/ourlifeblog\/wp-json\/wp\/v2\/pages\/170\/revisions"}],"predecessor-version":[{"id":661,"href":"https:\/\/ourlife4you.com\/ourlifeblog\/wp-json\/wp\/v2\/pages\/170\/revisions\/661"}],"wp:attachment":[{"href":"https:\/\/ourlife4you.com\/ourlifeblog\/wp-json\/wp\/v2\/media?parent=170"}],"curies":[{"name":"wp","href":"https:\/\/api.w.org\/{rel}","templated":true}]}}