{"id":146,"date":"2009-10-28T11:56:31","date_gmt":"2009-10-28T10:56:31","guid":{"rendered":"http:\/\/ourlife4you.com\/ourlifeblog\/?page_id=146"},"modified":"2023-04-24T10:52:58","modified_gmt":"2023-04-24T09:52:58","slug":"am-autostrich","status":"publish","type":"page","link":"https:\/\/ourlife4you.com\/ourlifeblog\/am-autostrich\/","title":{"rendered":"Am Autostrich"},"content":{"rendered":"<p>Am Autostrich<\/p>\n<p>Im letzten Sommer kamen wir sp\u00e4t nachts von Freunden nach Hause. Unser Weg f\u00fchrte wieder einmal den Autostrich entlang. Wir hatten das bereits zuvor schon einige Male mit gr\u00f6\u00dftem Vergn\u00fcgen gemacht. Hier bei uns in der N\u00e4he gibt es derer gleich zwei. Und w\u00e4hrend des Urlaubs am Gardasee hatten wir sogar die halbe Nacht, fast bis zum Morgen, auf einem Autostrich verbracht, um uns Nutten anzusehen und uns aufzugeilen, bis wir dann irgendwann in einem Waldst\u00fcck br\u00fcnstig bumsten. Auf unserem Autostrich standen die Nutten dichter. Und weil damit die Konkurrenz gr\u00f6\u00dfer war, gaben sie sich auch mehr M\u00fche, um mit ihrem Outfit die Kunden anzulocken.<\/p>\n<p>Es war eine sch\u00f6ne laue Sommernacht, und die Nutten hatten sich entsprechend herausgeputzt: in knappen Bodys, in Strapsen, mit Tangas, die so tief in die Kerbe hochgezogen waren, dass man die rasierten Lippen erkennen konnte. Mit hochgeschnallten Titten oder ganz tiefen Dekolletes standen sie am Stra\u00dfenrand. Ich fuhr recht langsam vorbei, und wir bewunderten die Aufmachungen und die phantasieanregende Berufskleidung der aufgestellten Huren. &#8222;Mann, sieh mal die!&#8220;, rief pl\u00f6tzlich meine Frau und zeigte auf eine der Nutten am Stra\u00dfenrand. Da stand tats\u00e4chlich eine in einem offenem &#8222;Tittencabrio&#8220; ; &#8211; einem BH mit offenen K\u00f6rbchen &#8211; einer B\u00fcstenhebe. Ihre zu grandiosen Lustkugeln hochge<\/p>\n<p>schnallten, nackten Titten lagen lose auf dem Hebeger\u00fcst auf, und die dunklen Stellen mit den Nippeln zogen die Blicke direkt an. Wir starrten beide zu ihr hin\u00fcber. &#8222;Ich auch!&#8220;, sagte meine Frau pl\u00f6tzlich ganz erregt, und \u00f6ffnete blitzschnell ihre Bluse. Da auch sie aufgrund des sch\u00f6nen warmen Wetters nackt darunter war, blitzten ihre Br\u00fcste sofort hervor. Sie fasste sich unter die Br\u00fcste und schob mit den H\u00e4nden die Titten nach vorn. &#8222;Und jetzt wende mal! Fahre doch noch einmal an der Nuttenparade entlang!&#8220;, sagte meine Frau. Als ich wendete, fummelte sie mir meine Hose auf und holte meinen bereits festen St\u00e4nder heraus. &#8222;Du bist ja schon ganz sch\u00f6n weit.&#8220;, meinte sie. Und w\u00e4hrend wir wieder bei den Nutten vorbeifuhren, wichste sie mich z\u00e4rtlich und meinte: &#8222;Aber jetzt noch nicht abspritzen, ich will zuhause auch noch gebumst werden!&#8220; Als wir dann wieder bei der mit den blanken Br\u00fcsten im Tittencabrio vorbeikamen, war ich tats\u00e4chlich immens aufgegeilt und schon kurz vor dem Abspritzen. Aber ich habe es noch halten k\u00f6nnen. Und dann haben wir, riesig aufgegeilt, zuhause noch ganz wild gebumst, als sei sie eine saugeile Nutte: Sie hatte sich zuhause sogleich schwarze, halterlose Str\u00fcmpfe und rote Lackschuhe mit hohen spitzen Abs\u00e4tzen angezogen. So legte sie sich r\u00fccklings auf den halbhohen Esstisch, die Beine mit gespreizten Schenkeln gegen den Boden gestellt. Sie streichelte sich mit kokett gestreckten Fingern \u00fcber den prallen Kitzler und sah mich herausfordernd an. Dabei r\u00e4kelte sie sich provokativ, walkte woll\u00fcstig in ihren Titten und begann in erotischer Sinnlichkeit leise zu st\u00f6hnen. Mit den Fingern spreizte sie die Spalte, deren geiles Rosa bereits im br\u00fcnstigen Saft gl\u00e4nzte. Kaum hatte sie diese Stellung eingenommen, glitten meine H\u00e4nde sofort \u00fcber ihre Br\u00fcste. Ich f\u00fchlte ihre festen Nippel, und bald walkte ich sanft und woll\u00fcstig ihre Titten. Sie atmete tief und schwer, und ihr so gezeigtes Lustempfinden machte mich immer mehr an. Sie spannte den Brustkorb, streckte die Lustb\u00e4lle meinen H\u00e4nden sehnsuchtsvoll entgegen und genoss das liebevolle Walken ihrer Titten.- Schlie\u00dflich griff sie sich mit den Fingern zwischen die Beine und begann ihren Kitzler zu streicheln. &#8212; Man kann sich gar nicht vorstellen, wie mich das ant\u00f6rnte: Ich walkte ihr in die Titten, steckte unten mit meinem Lustschwanz in ihrer glitschigen M\u00f6se, und obendrein begann sie sich nun noch selbst auf das Sch\u00f6nste zu verw\u00f6hnen. Lustvoll glitten ihre geilen Finger aalglatt \u00fcber die bereits \u00e4u\u00dferst geil verlangende S\u00fc\u00dfe. Es war toll, ihr zuzusehen, wie sie sich so sinnlich rieb, und ich geilte mich an ihr so sch\u00f6n auf. Wir trieben es bis auf die Spitze, bis wir vor Geilheit einfach nicht mehr anders konnten, als br\u00fcnstig zu ficken. Ich bohrte mit meinem festen Schwanz tief in ihre Fotze, bis es uns beiden fast gleichzeitig in einem immensen Orgasmus kam.<\/p>\n<p><!--Anfang parkplatz-livesex.com Banner --><\/p><center><a href=\"https:\/\/parkplatz-livesex.com\/\" target=\"_blank\" rel=\"noopener\"><img loading=\"lazy\" decoding=\"async\" src=\"https:\/\/parkplatz-livesex.com\/bilder\/banner.gif\" alt=\"parkplatz-livesex.com\" width=\"468\" height=\"60\" border=\"0\"><\/a><\/center><!--Ende parkplatz-livesex.com Banner--><p><\/p>\n\n\n<p><\/p>\n","protected":false},"excerpt":{"rendered":"<p>Am Autostrich Im letzten Sommer kamen wir sp\u00e4t nachts von Freunden nach Hause. Unser Weg f\u00fchrte wieder einmal den Autostrich entlang. Wir hatten das bereits zuvor schon einige Male mit gr\u00f6\u00dftem Vergn\u00fcgen gemacht. Hier bei uns in der N\u00e4he gibt es derer gleich zwei. Und w\u00e4hrend des Urlaubs am Gardasee hatten wir sogar die halbe [&hellip;]<\/p>\n","protected":false},"author":1,"featured_media":0,"parent":0,"menu_order":0,"comment_status":"open","ping_status":"open","template":"","meta":{"footnotes":""},"class_list":["post-146","page","type-page","status-publish","hentry"],"_links":{"self":[{"href":"https:\/\/ourlife4you.com\/ourlifeblog\/wp-json\/wp\/v2\/pages\/146","targetHints":{"allow":["GET"]}}],"collection":[{"href":"https:\/\/ourlife4you.com\/ourlifeblog\/wp-json\/wp\/v2\/pages"}],"about":[{"href":"https:\/\/ourlife4you.com\/ourlifeblog\/wp-json\/wp\/v2\/types\/page"}],"author":[{"embeddable":true,"href":"https:\/\/ourlife4you.com\/ourlifeblog\/wp-json\/wp\/v2\/users\/1"}],"replies":[{"embeddable":true,"href":"https:\/\/ourlife4you.com\/ourlifeblog\/wp-json\/wp\/v2\/comments?post=146"}],"version-history":[{"count":4,"href":"https:\/\/ourlife4you.com\/ourlifeblog\/wp-json\/wp\/v2\/pages\/146\/revisions"}],"predecessor-version":[{"id":620,"href":"https:\/\/ourlife4you.com\/ourlifeblog\/wp-json\/wp\/v2\/pages\/146\/revisions\/620"}],"wp:attachment":[{"href":"https:\/\/ourlife4you.com\/ourlifeblog\/wp-json\/wp\/v2\/media?parent=146"}],"curies":[{"name":"wp","href":"https:\/\/api.w.org\/{rel}","templated":true}]}}